{"id":9193,"date":"2024-07-04T18:04:41","date_gmt":"2024-07-04T16:04:41","guid":{"rendered":"https:\/\/gymnagoods.ee\/?post_type=product&#038;p=9193"},"modified":"2026-02-11T18:42:47","modified_gmt":"2026-02-11T16:42:47","slug":"sasaki-glutseriini-maardeaine-m-746","status":"publish","type":"product","link":"https:\/\/gymnagoods.ee\/ru\/\u0442\u043e\u0432\u0430\u0440\/sasaki-glutseriini-maardeaine-m-746\/","title":{"rendered":"Sasaki gl\u00fctseriini m\u00e4\u00e4rdeaine M-746"},"content":{"rendered":"<p>KASUTAMINE:<\/p>\n<p>Enne palli t\u00e4ispuhumist langetage pumba n\u00f5el pudelisse ja niisuta see. Sisestage n\u00f5el ventiili keskpunkti rangelt risti. T\u00e4nu m\u00e4\u00e4rimisele libiseb n\u00f5el paremini ega kriimusta kummi mikrokiude. P\u00e4rast t\u00e4ispuhumist on tihendusefekti kiirendamiseks soovitatav ventiil \u00fchtlaselt igast k\u00fcljest s\u00f5rmedega pigistada. Vahetult p\u00e4rast pumpamist on v\u00f5imalik kerge \u00f5hukaotus, kuid 1-2 minuti jooksul vedelik pakseneb ja blokeerib lekke. Soovitatav tootja poolt nii uutele pallidele kui ka kasutatud pallide parandamiseks. M\u00e4\u00e4rdeaine kasutamine on tootja garantiin\u00f5uetes kohustuslik.<\/p>\n<p>&nbsp;<\/p>\n","protected":false},"excerpt":{"rendered":"<p>Sasaki gl\u00fctseriini m\u00e4\u00e4rdeaine M-746. Kaal &#8211; 5 gr.<\/p>\n","protected":false},"featured_media":9170,"comment_status":"closed","ping_status":"closed","template":"","meta":[],"product_brand":[680],"product_cat":[410,228],"product_tag":[],"class_list":{"0":"post-9193","1":"product","2":"type-product","3":"status-publish","4":"has-post-thumbnail","6":"product_brand-sasaki","7":"product_cat-410","8":"product_cat-228","11":"instock","12":"taxable","13":"shipping-taxable","14":"purchasable","15":"product-type-simple"},"supplier_id":null,"supplier_sku":"","barcode":null,"atum_controlled":true,"out_stock_date":null,"out_stock_threshold":null,"inheritable":false,"inbound_stock":0,"stock_on_hold":0,"sold_today":0,"sales_last_days":1,"reserved_stock":0,"customer_returns":0,"warehouse_damage":0,"lost_in_post":0,"other_logs":0,"out_stock_days":0,"lost_sales":0,"has_location":false,"update_date":"2026-04-20T06:44:32","atum_locations":[],"atum_stock_status":"instock","restock_status":false,"low_stock_amount":"","sales_update_date":"2026-04-20T06:44:32","calc_backorders":null,"yoast_head":"<!-- This site is optimized with the Yoast SEO plugin v27.4 - https:\/\/yoast.com\/product\/yoast-seo-wordpress\/ -->\n<title>Sasaki gl\u00fctseriini m\u00e4\u00e4rdeaine M-746 - GymnaGoods<\/title>\n<meta name=\"robots\" content=\"index, follow, max-snippet:-1, max-image-preview:large, max-video-preview:-1\" \/>\n<link rel=\"canonical\" href=\"https:\/\/gymnagoods.ee\/ru\/\u0442\u043e\u0432\u0430\u0440\/sasaki-glutseriini-maardeaine-m-746\/\" \/>\n<meta property=\"og:locale\" content=\"ru_RU\" \/>\n<meta property=\"og:type\" content=\"article\" \/>\n<meta property=\"og:title\" content=\"Sasaki gl\u00fctseriini m\u00e4\u00e4rdeaine M-746 - GymnaGoods\" \/>\n<meta property=\"og:description\" content=\"Sasaki gl\u00fctseriini m\u00e4\u00e4rdeaine M-746. Kaal - 5 gr.\" \/>\n<meta property=\"og:url\" content=\"https:\/\/gymnagoods.ee\/ru\/\u0442\u043e\u0432\u0430\u0440\/sasaki-glutseriini-maardeaine-m-746\/\" \/>\n<meta property=\"og:site_name\" content=\"GymnaGoods\" \/>\n<meta property=\"article:publisher\" content=\"https:\/\/www.facebook.com\/gymnagoods\" \/>\n<meta property=\"article:modified_time\" content=\"2026-02-11T16:42:47+00:00\" \/>\n<meta property=\"og:image\" content=\"https:\/\/gymnagoods.ee\/wp-content\/uploads\/2024\/07\/imgrc0072017682.jpg\" \/>\n\t<meta property=\"og:image:width\" content=\"1200\" \/>\n\t<meta property=\"og:image:height\" content=\"1200\" \/>\n\t<meta property=\"og:image:type\" content=\"image\/jpeg\" \/>\n<meta name=\"twitter:card\" content=\"summary_large_image\" \/>\n<script type=\"application\/ld+json\" class=\"yoast-schema-graph\">{\"@context\":\"https:\\\/\\\/schema.org\",\"@graph\":[{\"@type\":\"WebPage\",\"@id\":\"https:\\\/\\\/gymnagoods.ee\\\/ru\\\/\u0442\u043e\u0432\u0430\u0440\\\/sasaki-glutseriini-maardeaine-m-746\\\/\",\"url\":\"https:\\\/\\\/gymnagoods.ee\\\/ru\\\/\u0442\u043e\u0432\u0430\u0440\\\/sasaki-glutseriini-maardeaine-m-746\\\/\",\"name\":\"Sasaki gl\u00fctseriini m\u00e4\u00e4rdeaine M-746 - GymnaGoods\",\"isPartOf\":{\"@id\":\"https:\\\/\\\/gymnagoods.ee\\\/ru\\\/#website\"},\"primaryImageOfPage\":{\"@id\":\"https:\\\/\\\/gymnagoods.ee\\\/ru\\\/\u0442\u043e\u0432\u0430\u0440\\\/sasaki-glutseriini-maardeaine-m-746\\\/#primaryimage\"},\"image\":{\"@id\":\"https:\\\/\\\/gymnagoods.ee\\\/ru\\\/\u0442\u043e\u0432\u0430\u0440\\\/sasaki-glutseriini-maardeaine-m-746\\\/#primaryimage\"},\"thumbnailUrl\":\"https:\\\/\\\/gymnagoods.ee\\\/wp-content\\\/uploads\\\/2024\\\/07\\\/imgrc0072017682.jpg\",\"datePublished\":\"2024-07-04T16:04:41+00:00\",\"dateModified\":\"2026-02-11T16:42:47+00:00\",\"breadcrumb\":{\"@id\":\"https:\\\/\\\/gymnagoods.ee\\\/ru\\\/\u0442\u043e\u0432\u0430\u0440\\\/sasaki-glutseriini-maardeaine-m-746\\\/#breadcrumb\"},\"inLanguage\":\"ru-RU\",\"potentialAction\":[{\"@type\":\"ReadAction\",\"target\":[\"https:\\\/\\\/gymnagoods.ee\\\/ru\\\/\u0442\u043e\u0432\u0430\u0440\\\/sasaki-glutseriini-maardeaine-m-746\\\/\"]}]},{\"@type\":\"ImageObject\",\"inLanguage\":\"ru-RU\",\"@id\":\"https:\\\/\\\/gymnagoods.ee\\\/ru\\\/\u0442\u043e\u0432\u0430\u0440\\\/sasaki-glutseriini-maardeaine-m-746\\\/#primaryimage\",\"url\":\"https:\\\/\\\/gymnagoods.ee\\\/wp-content\\\/uploads\\\/2024\\\/07\\\/imgrc0072017682.jpg\",\"contentUrl\":\"https:\\\/\\\/gymnagoods.ee\\\/wp-content\\\/uploads\\\/2024\\\/07\\\/imgrc0072017682.jpg\",\"width\":1200,\"height\":1200},{\"@type\":\"BreadcrumbList\",\"@id\":\"https:\\\/\\\/gymnagoods.ee\\\/ru\\\/\u0442\u043e\u0432\u0430\u0440\\\/sasaki-glutseriini-maardeaine-m-746\\\/#breadcrumb\",\"itemListElement\":[{\"@type\":\"ListItem\",\"position\":1,\"name\":\"\u041c\u0430\u0433\u0430\u0437\u0438\u043d\",\"item\":\"https:\\\/\\\/gymnagoods.ee\\\/ru\\\/%d0%bc%d0%b0%d0%b3%d0%b0%d0%b7%d0%b8%d0%bd\\\/\"},{\"@type\":\"ListItem\",\"position\":2,\"name\":\"Sasaki gl\u00fctseriini m\u00e4\u00e4rdeaine M-746\"}]},{\"@type\":\"WebSite\",\"@id\":\"https:\\\/\\\/gymnagoods.ee\\\/ru\\\/#website\",\"url\":\"https:\\\/\\\/gymnagoods.ee\\\/ru\\\/\",\"name\":\"GymnaGoods\",\"description\":\"iluv&otilde;imlemise tarvikud ja vahendid\",\"publisher\":{\"@id\":\"https:\\\/\\\/gymnagoods.ee\\\/ru\\\/#organization\"},\"potentialAction\":[{\"@type\":\"SearchAction\",\"target\":{\"@type\":\"EntryPoint\",\"urlTemplate\":\"https:\\\/\\\/gymnagoods.ee\\\/ru\\\/?s={search_term_string}\"},\"query-input\":{\"@type\":\"PropertyValueSpecification\",\"valueRequired\":true,\"valueName\":\"search_term_string\"}}],\"inLanguage\":\"ru-RU\"},{\"@type\":\"Organization\",\"@id\":\"https:\\\/\\\/gymnagoods.ee\\\/ru\\\/#organization\",\"name\":\"GymnaGoods\",\"url\":\"https:\\\/\\\/gymnagoods.ee\\\/ru\\\/\",\"logo\":{\"@type\":\"ImageObject\",\"inLanguage\":\"ru-RU\",\"@id\":\"https:\\\/\\\/gymnagoods.ee\\\/ru\\\/#\\\/schema\\\/logo\\\/image\\\/\",\"url\":\"https:\\\/\\\/gymnagoods.ee\\\/wp-content\\\/uploads\\\/2023\\\/08\\\/cropped-favicon_gg.png\",\"contentUrl\":\"https:\\\/\\\/gymnagoods.ee\\\/wp-content\\\/uploads\\\/2023\\\/08\\\/cropped-favicon_gg.png\",\"width\":512,\"height\":512,\"caption\":\"GymnaGoods\"},\"image\":{\"@id\":\"https:\\\/\\\/gymnagoods.ee\\\/ru\\\/#\\\/schema\\\/logo\\\/image\\\/\"},\"sameAs\":[\"https:\\\/\\\/www.facebook.com\\\/gymnagoods\"]}]}<\/script>\n<!-- \/ Yoast SEO plugin. -->","yoast_head_json":{"title":"Sasaki gl\u00fctseriini m\u00e4\u00e4rdeaine M-746 - GymnaGoods","robots":{"index":"index","follow":"follow","max-snippet":"max-snippet:-1","max-image-preview":"max-image-preview:large","max-video-preview":"max-video-preview:-1"},"canonical":"https:\/\/gymnagoods.ee\/ru\/\u0442\u043e\u0432\u0430\u0440\/sasaki-glutseriini-maardeaine-m-746\/","og_locale":"ru_RU","og_type":"article","og_title":"Sasaki gl\u00fctseriini m\u00e4\u00e4rdeaine M-746 - GymnaGoods","og_description":"Sasaki gl\u00fctseriini m\u00e4\u00e4rdeaine M-746. Kaal - 5 gr.","og_url":"https:\/\/gymnagoods.ee\/ru\/\u0442\u043e\u0432\u0430\u0440\/sasaki-glutseriini-maardeaine-m-746\/","og_site_name":"GymnaGoods","article_publisher":"https:\/\/www.facebook.com\/gymnagoods","article_modified_time":"2026-02-11T16:42:47+00:00","og_image":[{"width":1200,"height":1200,"url":"https:\/\/gymnagoods.ee\/wp-content\/uploads\/2024\/07\/imgrc0072017682.jpg","type":"image\/jpeg"}],"twitter_card":"summary_large_image","schema":{"@context":"https:\/\/schema.org","@graph":[{"@type":"WebPage","@id":"https:\/\/gymnagoods.ee\/ru\/\u0442\u043e\u0432\u0430\u0440\/sasaki-glutseriini-maardeaine-m-746\/","url":"https:\/\/gymnagoods.ee\/ru\/\u0442\u043e\u0432\u0430\u0440\/sasaki-glutseriini-maardeaine-m-746\/","name":"Sasaki gl\u00fctseriini m\u00e4\u00e4rdeaine M-746 - GymnaGoods","isPartOf":{"@id":"https:\/\/gymnagoods.ee\/ru\/#website"},"primaryImageOfPage":{"@id":"https:\/\/gymnagoods.ee\/ru\/\u0442\u043e\u0432\u0430\u0440\/sasaki-glutseriini-maardeaine-m-746\/#primaryimage"},"image":{"@id":"https:\/\/gymnagoods.ee\/ru\/\u0442\u043e\u0432\u0430\u0440\/sasaki-glutseriini-maardeaine-m-746\/#primaryimage"},"thumbnailUrl":"https:\/\/gymnagoods.ee\/wp-content\/uploads\/2024\/07\/imgrc0072017682.jpg","datePublished":"2024-07-04T16:04:41+00:00","dateModified":"2026-02-11T16:42:47+00:00","breadcrumb":{"@id":"https:\/\/gymnagoods.ee\/ru\/\u0442\u043e\u0432\u0430\u0440\/sasaki-glutseriini-maardeaine-m-746\/#breadcrumb"},"inLanguage":"ru-RU","potentialAction":[{"@type":"ReadAction","target":["https:\/\/gymnagoods.ee\/ru\/\u0442\u043e\u0432\u0430\u0440\/sasaki-glutseriini-maardeaine-m-746\/"]}]},{"@type":"ImageObject","inLanguage":"ru-RU","@id":"https:\/\/gymnagoods.ee\/ru\/\u0442\u043e\u0432\u0430\u0440\/sasaki-glutseriini-maardeaine-m-746\/#primaryimage","url":"https:\/\/gymnagoods.ee\/wp-content\/uploads\/2024\/07\/imgrc0072017682.jpg","contentUrl":"https:\/\/gymnagoods.ee\/wp-content\/uploads\/2024\/07\/imgrc0072017682.jpg","width":1200,"height":1200},{"@type":"BreadcrumbList","@id":"https:\/\/gymnagoods.ee\/ru\/\u0442\u043e\u0432\u0430\u0440\/sasaki-glutseriini-maardeaine-m-746\/#breadcrumb","itemListElement":[{"@type":"ListItem","position":1,"name":"\u041c\u0430\u0433\u0430\u0437\u0438\u043d","item":"https:\/\/gymnagoods.ee\/ru\/%d0%bc%d0%b0%d0%b3%d0%b0%d0%b7%d0%b8%d0%bd\/"},{"@type":"ListItem","position":2,"name":"Sasaki gl\u00fctseriini m\u00e4\u00e4rdeaine M-746"}]},{"@type":"WebSite","@id":"https:\/\/gymnagoods.ee\/ru\/#website","url":"https:\/\/gymnagoods.ee\/ru\/","name":"GymnaGoods","description":"iluv&otilde;imlemise tarvikud ja vahendid","publisher":{"@id":"https:\/\/gymnagoods.ee\/ru\/#organization"},"potentialAction":[{"@type":"SearchAction","target":{"@type":"EntryPoint","urlTemplate":"https:\/\/gymnagoods.ee\/ru\/?s={search_term_string}"},"query-input":{"@type":"PropertyValueSpecification","valueRequired":true,"valueName":"search_term_string"}}],"inLanguage":"ru-RU"},{"@type":"Organization","@id":"https:\/\/gymnagoods.ee\/ru\/#organization","name":"GymnaGoods","url":"https:\/\/gymnagoods.ee\/ru\/","logo":{"@type":"ImageObject","inLanguage":"ru-RU","@id":"https:\/\/gymnagoods.ee\/ru\/#\/schema\/logo\/image\/","url":"https:\/\/gymnagoods.ee\/wp-content\/uploads\/2023\/08\/cropped-favicon_gg.png","contentUrl":"https:\/\/gymnagoods.ee\/wp-content\/uploads\/2023\/08\/cropped-favicon_gg.png","width":512,"height":512,"caption":"GymnaGoods"},"image":{"@id":"https:\/\/gymnagoods.ee\/ru\/#\/schema\/logo\/image\/"},"sameAs":["https:\/\/www.facebook.com\/gymnagoods"]}]}},"jetpack_sharing_enabled":true,"_links":{"self":[{"href":"https:\/\/gymnagoods.ee\/ru\/wp-json\/wp\/v2\/product\/9193","targetHints":{"allow":["GET"]}}],"collection":[{"href":"https:\/\/gymnagoods.ee\/ru\/wp-json\/wp\/v2\/product"}],"about":[{"href":"https:\/\/gymnagoods.ee\/ru\/wp-json\/wp\/v2\/types\/product"}],"replies":[{"embeddable":true,"href":"https:\/\/gymnagoods.ee\/ru\/wp-json\/wp\/v2\/comments?post=9193"}],"wp:featuredmedia":[{"embeddable":true,"href":"https:\/\/gymnagoods.ee\/ru\/wp-json\/wp\/v2\/media\/9170"}],"wp:attachment":[{"href":"https:\/\/gymnagoods.ee\/ru\/wp-json\/wp\/v2\/media?parent=9193"}],"wp:term":[{"taxonomy":"product_brand","embeddable":true,"href":"https:\/\/gymnagoods.ee\/ru\/wp-json\/wp\/v2\/product_brand?post=9193"},{"taxonomy":"product_cat","embeddable":true,"href":"https:\/\/gymnagoods.ee\/ru\/wp-json\/wp\/v2\/product_cat?post=9193"},{"taxonomy":"product_tag","embeddable":true,"href":"https:\/\/gymnagoods.ee\/ru\/wp-json\/wp\/v2\/product_tag?post=9193"}],"curies":[{"name":"wp","href":"https:\/\/api.w.org\/{rel}","templated":true}]}}