{"id":7959,"date":"2023-08-17T22:56:50","date_gmt":"2023-08-17T19:56:50","guid":{"rendered":"https:\/\/gymnagoods.ee\/pastorelli-vimlemispall-new-generation-18-cm\/"},"modified":"2025-09-08T18:16:11","modified_gmt":"2025-09-08T16:16:11","slug":"pastorelli-vimlemispall-new-generation-18-cm","status":"publish","type":"product","link":"https:\/\/gymnagoods.ee\/ru\/\u0442\u043e\u0432\u0430\u0440\/pastorelli-vimlemispall-new-generation-18-cm\/","title":{"rendered":"Pastorelli \u041c\u044f\u0447 New Generation 18 cm"},"content":{"rendered":"<p>\u0414\u0438\u0430\u043c\u0435\u0442\u0440: 18 \u0441\u043c<\/p>\n<p>\u0412\u0435\u0441: 400-430 \u0433\u0440<\/p>\n<p><strong>\u0422\u0435\u0445\u043d\u0438\u0447\u0435\u0441\u043a\u0438\u0435 \u0445\u0430\u0440\u0430\u043a\u0442\u0435\u0440\u0438\u0441\u0442\u0438\u043a\u0438:<\/strong><\/p>\n<ul>\n<li>\u0432\u043d\u0443\u0442\u0440\u0435\u043d\u043d\u044f\u044f \u0432\u043e\u0437\u0434\u0443\u0448\u043d\u0430\u044f \u043a\u0430\u043c\u0435\u0440\u0430;<\/li>\n<li>\u0432\u044b\u0441\u043e\u043a\u043e\u0435 \u0441\u0446\u0435\u043f\u043b\u0435\u043d\u0438\u0435;<\/li>\n<li>\u0438\u0437\u0433\u043e\u0442\u043e\u0432\u043b\u0435\u043d \u0438\u0437 \u043c\u044f\u0433\u043a\u043e\u0433\u043e pvc, \u043a\u043e\u0442\u043e\u0440\u044b\u0439 \u043e\u0431\u0435\u0441\u043f\u0435\u0447\u0438\u0432\u0430\u0435\u0442 \u0438\u043d\u0442\u0435\u043d\u0441\u0438\u0432\u043d\u044b\u0439 \u043e\u0442\u0441\u043a\u043e\u043a \u0434\u0430\u0436\u0435 \u043f\u0440\u0438 \u043d\u0438\u0437\u043a\u043e\u043c \u0434\u0430\u0432\u043b\u0435\u043d\u0438\u0438;<\/li>\n<li>\u043f\u0440\u0435\u0432\u043e\u0441\u0445\u043e\u0434\u043d\u0430\u044f \u0441\u0442\u0435\u043f\u0435\u043d\u044c \u043e\u043a\u0440\u0443\u0433\u043b\u043e\u0441\u0442\u0438 \u043d\u0435 \u0432\u044b\u0437\u044b\u0432\u0430\u0435\u0442 \u0432\u0438\u0431\u0440\u0430\u0446\u0438\u0438 \u043f\u0440\u0438 \u0431\u0440\u043e\u0441\u043a\u0435 \u0438\u043b\u0438 \u043f\u0440\u043e\u043a\u0430\u0442\u043a\u0438 \u043c\u044f\u0447\u0430;<\/li>\n<li>\u043d\u0435 \u0441\u043e\u0434\u0435\u0440\u0436\u0438\u0442 \u043b\u0430\u0442\u0435\u043a\u0441\u0430.<\/li>\n<\/ul>\n<p><strong>\u0420\u0435\u043a\u043e\u043c\u0435\u043d\u0434\u0430\u0446\u0438\u0438 \u043f\u043e \u043f\u0440\u0438\u043c\u0435\u043d\u0435\u043d\u0438\u044e:<\/strong><\/p>\n<ul>\n<li>\u041c\u044f\u0447 \u043f\u0440\u0435\u0434\u043d\u0430\u0437\u043d\u0430\u0447\u0435\u043d \u0434\u043b\u044f \u0438\u0441\u043f\u043e\u043b\u044c\u0437\u043e\u0432\u0430\u043d\u0438\u044f \u0438\u0441\u043a\u043b\u044e\u0447\u0438\u0442\u0435\u043b\u044c\u043d\u043e \u0434\u043b\u044f \u0442\u0440\u0435\u043d\u0438\u0440\u043e\u0432\u043e\u043a \u0438 \u0441\u043e\u0440\u0435\u0432\u043d\u043e\u0432\u0430\u043d\u0438\u0439 \u043f\u043e \u0445\u0443\u0434\u043e\u0436\u0435\u0441\u0442\u0432\u0435\u043d\u043d\u043e\u0439 \u0433\u0438\u043c\u043d\u0430\u0441\u0442\u0438\u043a\u0435 \u043d\u0430 \u043e\u0434\u043e\u0431\u0440\u0435\u043d\u043d\u044b\u0445 FIG \u043a\u043e\u0432\u0440\u0430\u0445;<\/li>\n<li>\u0418\u0437\u0431\u0435\u0433\u0430\u0439\u0442\u0435 \u0438\u0441\u043f\u043e\u043b\u044c\u0437\u043e\u0432\u0430\u043d\u0438\u044f \u043d\u0430 \u0440\u0435\u0437\u0438\u043d\u043e\u0432\u044b\u0445 \u0438\u043b\u0438 \u043b\u0438\u043d\u043e\u043b\u0435\u0443\u043c\u043d\u044b\u0445 \u043f\u043e\u0432\u0435\u0440\u0445\u043d\u043e\u0441\u0442\u044f\u0445, \u0447\u0442\u043e\u0431\u044b \u043d\u0435 \u0443\u0445\u0443\u0434\u0448\u0438\u0442\u044c \u0442\u0435\u0445\u043d\u0438\u0447\u0435\u0441\u043a\u0438\u0435 \u0438 \u044d\u0441\u0442\u0435\u0442\u0438\u0447\u0435\u0441\u043a\u0438\u0435 \u0445\u0430\u0440\u0430\u043a\u0442\u0435\u0440\u0438\u0441\u0442\u0438\u043a\u0438;<\/li>\n<li>\u041c\u044b \u0440\u0435\u043a\u043e\u043c\u0435\u043d\u0434\u0443\u0435\u043c \u0445\u0440\u0430\u043d\u0438\u0442\u044c \u0435\u0433\u043e \u0432 \u0447\u0435\u0445\u043b\u0435 \u0434\u043b\u044f \u043c\u044f\u0447\u0435\u0439 Pastorelli \u0441\u0440\u0430\u0437\u0443 \u043f\u043e\u0441\u043b\u0435 \u0438\u0441\u043f\u043e\u043b\u044c\u0437\u043e\u0432\u0430\u043d\u0438\u044f;<\/li>\n<li>\u041a\u043e\u043c\u043f\u0430\u043d\u0438\u044f \u043d\u0435 \u043d\u0435\u0441\u0435\u0442 \u043e\u0442\u0432\u0435\u0442\u0441\u0442\u0432\u0435\u043d\u043d\u043e\u0441\u0442\u0438 \u0437\u0430 \u043b\u044e\u0431\u044b\u0435 \u043f\u044f\u0442\u043d\u0430, \u0432\u043e\u0437\u043d\u0438\u043a\u0448\u0438\u0435 \u0432 \u0440\u0435\u0437\u0443\u043b\u044c\u0442\u0430\u0442\u0435 \u043d\u0435\u043f\u0440\u0430\u0432\u0438\u043b\u044c\u043d\u043e\u0433\u043e \u0438\u0441\u043f\u043e\u043b\u044c\u0437\u043e\u0432\u0430\u043d\u0438\u044f, \u0443\u0445\u043e\u0434\u0430 \u0437\u0430 \u043c\u044f\u0447\u043e\u043c \u0438\u043b\u0438 \u043e\u0442 \u0433\u0440\u044f\u0437\u0438, \u0434\u0430\u0436\u0435 \u0435\u0441\u043b\u0438 \u043c\u044f\u0447 \u0445\u0440\u0430\u043d\u0438\u0442\u0441\u044f \u0432\u043d\u0443\u0442\u0440\u0438 \u0447\u0435\u0445\u043b\u0430 Pastorelli;<\/li>\n<li>\u0412 \u0441\u043b\u0443\u0447\u0430\u0435 \u043f\u043e\u0432\u0442\u043e\u0440\u043d\u043e\u0433\u043e \u043d\u0430\u043a\u0430\u0447\u0438\u0432\u0430\u043d\u0438\u044f \u0445\u043e\u0440\u043e\u0448\u043e \u0441\u043c\u0430\u0436\u044c\u0442\u0435 \u0438\u0433\u043b\u0443, \u0447\u0442\u043e\u0431\u044b \u043f\u0440\u0435\u0434\u043e\u0442\u0432\u0440\u0430\u0442\u0438\u0442\u044c \u0441\u043c\u0435\u0449\u0435\u043d\u0438\u0435 \u043a\u043b\u0430\u043f\u0430\u043d\u0430.<\/li>\n<\/ul>\n","protected":false},"excerpt":{"rendered":"<p>\u041e\u0434\u043d\u043e\u0446\u0432\u0435\u0442\u043d\u044b\u0439 \u043c\u044f\u0447 FIG . \u0414\u0438\u0430\u043c\u0435\u0442\u0440 18 \u0441\u043c, \u0432\u0435\u0441 400-430 \u0433\u0440.<\/p>\n","protected":false},"featured_media":7399,"comment_status":"closed","ping_status":"closed","template":"","meta":[],"product_brand":[],"product_cat":[228],"product_tag":[232],"class_list":{"0":"post-7959","1":"product","2":"type-product","3":"status-publish","4":"has-post-thumbnail","6":"product_cat-228","7":"product_tag-fig-","8":"pa_diameter-18-cm-ru","9":"pa_varv-helesinine-ru","10":"pa_varv-kollane-fluo-ru","11":"pa_varv-272","12":"pa_varv-karmiinpunane-ru","13":"pa_varv-sarav-roosa-ru","16":"instock","17":"taxable","18":"shipping-taxable","19":"purchasable","20":"product-type-variable","21":"wvs-archive-product-wrapper"},"supplier_id":null,"supplier_sku":"","barcode":null,"atum_controlled":true,"out_stock_date":null,"out_stock_threshold":null,"inheritable":true,"inbound_stock":0,"stock_on_hold":0,"sold_today":0,"sales_last_days":0,"reserved_stock":0,"customer_returns":0,"warehouse_damage":0,"lost_in_post":0,"other_logs":0,"out_stock_days":0,"lost_sales":0,"has_location":false,"update_date":"2026-04-20T01:11:39","atum_locations":[],"atum_stock_status":"instock","restock_status":false,"low_stock_amount":"","sales_update_date":"2026-04-20T01:11:39","calc_backorders":null,"yoast_head":"<!-- This site is optimized with the Yoast SEO plugin v27.4 - https:\/\/yoast.com\/product\/yoast-seo-wordpress\/ -->\n<title>Pastorelli \u041c\u044f\u0447 New Generation 18 cm - GymnaGoods<\/title>\n<meta name=\"description\" content=\"Avasta viimast uuendust r\u00fctmilise v\u00f5imlemise varustuses meie Pastorelli V\u00f5imlemispalliga New Generation, mille l\u00e4bim\u00f5\u00f5t on 18 cm. Valmistatud kvaliteetsest pehmest PVC-st, pakub see pall t\u00e4iuslikku tasakaalu haarduvuse ja p\u00f5rke vahel, v\u00f5imaldades sul teha t\u00e4pseid liigutusi lihtsusega.\" \/>\n<meta name=\"robots\" content=\"index, follow, max-snippet:-1, max-image-preview:large, max-video-preview:-1\" \/>\n<link rel=\"canonical\" href=\"https:\/\/gymnagoods.ee\/ru\/\u0442\u043e\u0432\u0430\u0440\/pastorelli-vimlemispall-new-generation-18-cm\/\" \/>\n<meta property=\"og:locale\" content=\"ru_RU\" \/>\n<meta property=\"og:type\" content=\"article\" \/>\n<meta property=\"og:title\" content=\"Pastorelli \u041c\u044f\u0447 New Generation 18 cm - GymnaGoods\" \/>\n<meta property=\"og:description\" content=\"Avasta viimast uuendust r\u00fctmilise v\u00f5imlemise varustuses meie Pastorelli V\u00f5imlemispalliga New Generation, mille l\u00e4bim\u00f5\u00f5t on 18 cm. Valmistatud kvaliteetsest pehmest PVC-st, pakub see pall t\u00e4iuslikku tasakaalu haarduvuse ja p\u00f5rke vahel, v\u00f5imaldades sul teha t\u00e4pseid liigutusi lihtsusega.\" \/>\n<meta property=\"og:url\" content=\"https:\/\/gymnagoods.ee\/ru\/\u0442\u043e\u0432\u0430\u0440\/pastorelli-vimlemispall-new-generation-18-cm\/\" \/>\n<meta property=\"og:site_name\" content=\"GymnaGoods\" \/>\n<meta property=\"article:publisher\" content=\"https:\/\/www.facebook.com\/gymnagoods\" \/>\n<meta property=\"article:modified_time\" content=\"2025-09-08T16:16:11+00:00\" \/>\n<meta property=\"og:image\" content=\"https:\/\/gymnagoods.ee\/wp-content\/uploads\/2023\/08\/03910.jpg\" \/>\n\t<meta property=\"og:image:width\" content=\"1200\" \/>\n\t<meta property=\"og:image:height\" content=\"1200\" \/>\n\t<meta property=\"og:image:type\" content=\"image\/jpeg\" \/>\n<meta name=\"twitter:card\" content=\"summary_large_image\" \/>\n<script type=\"application\/ld+json\" class=\"yoast-schema-graph\">{\"@context\":\"https:\\\/\\\/schema.org\",\"@graph\":[{\"@type\":\"WebPage\",\"@id\":\"https:\\\/\\\/gymnagoods.ee\\\/ru\\\/\u0442\u043e\u0432\u0430\u0440\\\/pastorelli-vimlemispall-new-generation-18-cm\\\/\",\"url\":\"https:\\\/\\\/gymnagoods.ee\\\/ru\\\/\u0442\u043e\u0432\u0430\u0440\\\/pastorelli-vimlemispall-new-generation-18-cm\\\/\",\"name\":\"Pastorelli \u041c\u044f\u0447 New Generation 18 cm - GymnaGoods\",\"isPartOf\":{\"@id\":\"https:\\\/\\\/gymnagoods.ee\\\/ru\\\/#website\"},\"primaryImageOfPage\":{\"@id\":\"https:\\\/\\\/gymnagoods.ee\\\/ru\\\/\u0442\u043e\u0432\u0430\u0440\\\/pastorelli-vimlemispall-new-generation-18-cm\\\/#primaryimage\"},\"image\":{\"@id\":\"https:\\\/\\\/gymnagoods.ee\\\/ru\\\/\u0442\u043e\u0432\u0430\u0440\\\/pastorelli-vimlemispall-new-generation-18-cm\\\/#primaryimage\"},\"thumbnailUrl\":\"https:\\\/\\\/gymnagoods.ee\\\/wp-content\\\/uploads\\\/2023\\\/08\\\/03910.jpg\",\"datePublished\":\"2023-08-17T19:56:50+00:00\",\"dateModified\":\"2025-09-08T16:16:11+00:00\",\"description\":\"Avasta viimast uuendust r\u00fctmilise v\u00f5imlemise varustuses meie Pastorelli V\u00f5imlemispalliga New Generation, mille l\u00e4bim\u00f5\u00f5t on 18 cm. Valmistatud kvaliteetsest pehmest PVC-st, pakub see pall t\u00e4iuslikku tasakaalu haarduvuse ja p\u00f5rke vahel, v\u00f5imaldades sul teha t\u00e4pseid liigutusi lihtsusega.\",\"breadcrumb\":{\"@id\":\"https:\\\/\\\/gymnagoods.ee\\\/ru\\\/\u0442\u043e\u0432\u0430\u0440\\\/pastorelli-vimlemispall-new-generation-18-cm\\\/#breadcrumb\"},\"inLanguage\":\"ru-RU\",\"potentialAction\":[{\"@type\":\"ReadAction\",\"target\":[\"https:\\\/\\\/gymnagoods.ee\\\/ru\\\/\u0442\u043e\u0432\u0430\u0440\\\/pastorelli-vimlemispall-new-generation-18-cm\\\/\"]}]},{\"@type\":\"ImageObject\",\"inLanguage\":\"ru-RU\",\"@id\":\"https:\\\/\\\/gymnagoods.ee\\\/ru\\\/\u0442\u043e\u0432\u0430\u0440\\\/pastorelli-vimlemispall-new-generation-18-cm\\\/#primaryimage\",\"url\":\"https:\\\/\\\/gymnagoods.ee\\\/wp-content\\\/uploads\\\/2023\\\/08\\\/03910.jpg\",\"contentUrl\":\"https:\\\/\\\/gymnagoods.ee\\\/wp-content\\\/uploads\\\/2023\\\/08\\\/03910.jpg\",\"width\":1200,\"height\":1200},{\"@type\":\"BreadcrumbList\",\"@id\":\"https:\\\/\\\/gymnagoods.ee\\\/ru\\\/\u0442\u043e\u0432\u0430\u0440\\\/pastorelli-vimlemispall-new-generation-18-cm\\\/#breadcrumb\",\"itemListElement\":[{\"@type\":\"ListItem\",\"position\":1,\"name\":\"\u041c\u0430\u0433\u0430\u0437\u0438\u043d\",\"item\":\"https:\\\/\\\/gymnagoods.ee\\\/ru\\\/%d0%bc%d0%b0%d0%b3%d0%b0%d0%b7%d0%b8%d0%bd\\\/\"},{\"@type\":\"ListItem\",\"position\":2,\"name\":\"Pastorelli \u041c\u044f\u0447 New Generation 18 cm\"}]},{\"@type\":\"WebSite\",\"@id\":\"https:\\\/\\\/gymnagoods.ee\\\/ru\\\/#website\",\"url\":\"https:\\\/\\\/gymnagoods.ee\\\/ru\\\/\",\"name\":\"GymnaGoods\",\"description\":\"iluv&otilde;imlemise tarvikud ja vahendid\",\"publisher\":{\"@id\":\"https:\\\/\\\/gymnagoods.ee\\\/ru\\\/#organization\"},\"potentialAction\":[{\"@type\":\"SearchAction\",\"target\":{\"@type\":\"EntryPoint\",\"urlTemplate\":\"https:\\\/\\\/gymnagoods.ee\\\/ru\\\/?s={search_term_string}\"},\"query-input\":{\"@type\":\"PropertyValueSpecification\",\"valueRequired\":true,\"valueName\":\"search_term_string\"}}],\"inLanguage\":\"ru-RU\"},{\"@type\":\"Organization\",\"@id\":\"https:\\\/\\\/gymnagoods.ee\\\/ru\\\/#organization\",\"name\":\"GymnaGoods\",\"url\":\"https:\\\/\\\/gymnagoods.ee\\\/ru\\\/\",\"logo\":{\"@type\":\"ImageObject\",\"inLanguage\":\"ru-RU\",\"@id\":\"https:\\\/\\\/gymnagoods.ee\\\/ru\\\/#\\\/schema\\\/logo\\\/image\\\/\",\"url\":\"https:\\\/\\\/gymnagoods.ee\\\/wp-content\\\/uploads\\\/2023\\\/08\\\/cropped-favicon_gg.png\",\"contentUrl\":\"https:\\\/\\\/gymnagoods.ee\\\/wp-content\\\/uploads\\\/2023\\\/08\\\/cropped-favicon_gg.png\",\"width\":512,\"height\":512,\"caption\":\"GymnaGoods\"},\"image\":{\"@id\":\"https:\\\/\\\/gymnagoods.ee\\\/ru\\\/#\\\/schema\\\/logo\\\/image\\\/\"},\"sameAs\":[\"https:\\\/\\\/www.facebook.com\\\/gymnagoods\"]}]}<\/script>\n<!-- \/ Yoast SEO plugin. -->","yoast_head_json":{"title":"Pastorelli \u041c\u044f\u0447 New Generation 18 cm - GymnaGoods","description":"Avasta viimast uuendust r\u00fctmilise v\u00f5imlemise varustuses meie Pastorelli V\u00f5imlemispalliga New Generation, mille l\u00e4bim\u00f5\u00f5t on 18 cm. Valmistatud kvaliteetsest pehmest PVC-st, pakub see pall t\u00e4iuslikku tasakaalu haarduvuse ja p\u00f5rke vahel, v\u00f5imaldades sul teha t\u00e4pseid liigutusi lihtsusega.","robots":{"index":"index","follow":"follow","max-snippet":"max-snippet:-1","max-image-preview":"max-image-preview:large","max-video-preview":"max-video-preview:-1"},"canonical":"https:\/\/gymnagoods.ee\/ru\/\u0442\u043e\u0432\u0430\u0440\/pastorelli-vimlemispall-new-generation-18-cm\/","og_locale":"ru_RU","og_type":"article","og_title":"Pastorelli \u041c\u044f\u0447 New Generation 18 cm - GymnaGoods","og_description":"Avasta viimast uuendust r\u00fctmilise v\u00f5imlemise varustuses meie Pastorelli V\u00f5imlemispalliga New Generation, mille l\u00e4bim\u00f5\u00f5t on 18 cm. Valmistatud kvaliteetsest pehmest PVC-st, pakub see pall t\u00e4iuslikku tasakaalu haarduvuse ja p\u00f5rke vahel, v\u00f5imaldades sul teha t\u00e4pseid liigutusi lihtsusega.","og_url":"https:\/\/gymnagoods.ee\/ru\/\u0442\u043e\u0432\u0430\u0440\/pastorelli-vimlemispall-new-generation-18-cm\/","og_site_name":"GymnaGoods","article_publisher":"https:\/\/www.facebook.com\/gymnagoods","article_modified_time":"2025-09-08T16:16:11+00:00","og_image":[{"width":1200,"height":1200,"url":"https:\/\/gymnagoods.ee\/wp-content\/uploads\/2023\/08\/03910.jpg","type":"image\/jpeg"}],"twitter_card":"summary_large_image","schema":{"@context":"https:\/\/schema.org","@graph":[{"@type":"WebPage","@id":"https:\/\/gymnagoods.ee\/ru\/\u0442\u043e\u0432\u0430\u0440\/pastorelli-vimlemispall-new-generation-18-cm\/","url":"https:\/\/gymnagoods.ee\/ru\/\u0442\u043e\u0432\u0430\u0440\/pastorelli-vimlemispall-new-generation-18-cm\/","name":"Pastorelli \u041c\u044f\u0447 New Generation 18 cm - GymnaGoods","isPartOf":{"@id":"https:\/\/gymnagoods.ee\/ru\/#website"},"primaryImageOfPage":{"@id":"https:\/\/gymnagoods.ee\/ru\/\u0442\u043e\u0432\u0430\u0440\/pastorelli-vimlemispall-new-generation-18-cm\/#primaryimage"},"image":{"@id":"https:\/\/gymnagoods.ee\/ru\/\u0442\u043e\u0432\u0430\u0440\/pastorelli-vimlemispall-new-generation-18-cm\/#primaryimage"},"thumbnailUrl":"https:\/\/gymnagoods.ee\/wp-content\/uploads\/2023\/08\/03910.jpg","datePublished":"2023-08-17T19:56:50+00:00","dateModified":"2025-09-08T16:16:11+00:00","description":"Avasta viimast uuendust r\u00fctmilise v\u00f5imlemise varustuses meie Pastorelli V\u00f5imlemispalliga New Generation, mille l\u00e4bim\u00f5\u00f5t on 18 cm. Valmistatud kvaliteetsest pehmest PVC-st, pakub see pall t\u00e4iuslikku tasakaalu haarduvuse ja p\u00f5rke vahel, v\u00f5imaldades sul teha t\u00e4pseid liigutusi lihtsusega.","breadcrumb":{"@id":"https:\/\/gymnagoods.ee\/ru\/\u0442\u043e\u0432\u0430\u0440\/pastorelli-vimlemispall-new-generation-18-cm\/#breadcrumb"},"inLanguage":"ru-RU","potentialAction":[{"@type":"ReadAction","target":["https:\/\/gymnagoods.ee\/ru\/\u0442\u043e\u0432\u0430\u0440\/pastorelli-vimlemispall-new-generation-18-cm\/"]}]},{"@type":"ImageObject","inLanguage":"ru-RU","@id":"https:\/\/gymnagoods.ee\/ru\/\u0442\u043e\u0432\u0430\u0440\/pastorelli-vimlemispall-new-generation-18-cm\/#primaryimage","url":"https:\/\/gymnagoods.ee\/wp-content\/uploads\/2023\/08\/03910.jpg","contentUrl":"https:\/\/gymnagoods.ee\/wp-content\/uploads\/2023\/08\/03910.jpg","width":1200,"height":1200},{"@type":"BreadcrumbList","@id":"https:\/\/gymnagoods.ee\/ru\/\u0442\u043e\u0432\u0430\u0440\/pastorelli-vimlemispall-new-generation-18-cm\/#breadcrumb","itemListElement":[{"@type":"ListItem","position":1,"name":"\u041c\u0430\u0433\u0430\u0437\u0438\u043d","item":"https:\/\/gymnagoods.ee\/ru\/%d0%bc%d0%b0%d0%b3%d0%b0%d0%b7%d0%b8%d0%bd\/"},{"@type":"ListItem","position":2,"name":"Pastorelli \u041c\u044f\u0447 New Generation 18 cm"}]},{"@type":"WebSite","@id":"https:\/\/gymnagoods.ee\/ru\/#website","url":"https:\/\/gymnagoods.ee\/ru\/","name":"GymnaGoods","description":"iluv&otilde;imlemise tarvikud ja vahendid","publisher":{"@id":"https:\/\/gymnagoods.ee\/ru\/#organization"},"potentialAction":[{"@type":"SearchAction","target":{"@type":"EntryPoint","urlTemplate":"https:\/\/gymnagoods.ee\/ru\/?s={search_term_string}"},"query-input":{"@type":"PropertyValueSpecification","valueRequired":true,"valueName":"search_term_string"}}],"inLanguage":"ru-RU"},{"@type":"Organization","@id":"https:\/\/gymnagoods.ee\/ru\/#organization","name":"GymnaGoods","url":"https:\/\/gymnagoods.ee\/ru\/","logo":{"@type":"ImageObject","inLanguage":"ru-RU","@id":"https:\/\/gymnagoods.ee\/ru\/#\/schema\/logo\/image\/","url":"https:\/\/gymnagoods.ee\/wp-content\/uploads\/2023\/08\/cropped-favicon_gg.png","contentUrl":"https:\/\/gymnagoods.ee\/wp-content\/uploads\/2023\/08\/cropped-favicon_gg.png","width":512,"height":512,"caption":"GymnaGoods"},"image":{"@id":"https:\/\/gymnagoods.ee\/ru\/#\/schema\/logo\/image\/"},"sameAs":["https:\/\/www.facebook.com\/gymnagoods"]}]}},"jetpack_sharing_enabled":true,"_links":{"self":[{"href":"https:\/\/gymnagoods.ee\/ru\/wp-json\/wp\/v2\/product\/7959","targetHints":{"allow":["GET"]}}],"collection":[{"href":"https:\/\/gymnagoods.ee\/ru\/wp-json\/wp\/v2\/product"}],"about":[{"href":"https:\/\/gymnagoods.ee\/ru\/wp-json\/wp\/v2\/types\/product"}],"replies":[{"embeddable":true,"href":"https:\/\/gymnagoods.ee\/ru\/wp-json\/wp\/v2\/comments?post=7959"}],"wp:featuredmedia":[{"embeddable":true,"href":"https:\/\/gymnagoods.ee\/ru\/wp-json\/wp\/v2\/media\/7399"}],"wp:attachment":[{"href":"https:\/\/gymnagoods.ee\/ru\/wp-json\/wp\/v2\/media?parent=7959"}],"wp:term":[{"taxonomy":"product_brand","embeddable":true,"href":"https:\/\/gymnagoods.ee\/ru\/wp-json\/wp\/v2\/product_brand?post=7959"},{"taxonomy":"product_cat","embeddable":true,"href":"https:\/\/gymnagoods.ee\/ru\/wp-json\/wp\/v2\/product_cat?post=7959"},{"taxonomy":"product_tag","embeddable":true,"href":"https:\/\/gymnagoods.ee\/ru\/wp-json\/wp\/v2\/product_tag?post=7959"}],"curies":[{"name":"wp","href":"https:\/\/api.w.org\/{rel}","templated":true}]}}