{"id":7794,"date":"2023-09-08T18:44:43","date_gmt":"2023-09-08T16:44:43","guid":{"rendered":"https:\/\/gymnagoods.ee\/pastorelli-palli-taskupump\/"},"modified":"2023-10-04T12:21:15","modified_gmt":"2023-10-04T09:21:15","slug":"pastorelli-palli-taskupump","status":"publish","type":"product","link":"https:\/\/gymnagoods.ee\/ru\/\u0442\u043e\u0432\u0430\u0440\/pastorelli-palli-taskupump\/","title":{"rendered":"Pastorelli H\u0430\u0441\u043e\u0441 Pocket"},"content":{"rendered":"<p><strong>\u0418\u043d\u0441\u0442\u0440\u0443\u043a\u0446\u0438\u044f \u043f\u043e \u043f\u0440\u0438\u043c\u0435\u043d\u0435\u043d\u0438\u044e:<\/strong><\/p>\n<p>1. \u041a\u0440\u0435\u043f\u043a\u043e \u0434\u0435\u0440\u0436\u0430 \u043e\u0441\u043d\u043e\u0432\u043d\u0443\u044e \u043c\u0435\u0442\u0430\u043b\u043b\u0438\u0447\u0435\u0441\u043a\u0443\u044e \u0447\u0430\u0441\u0442\u044c \u0432 \u0440\u0443\u043a\u0435, \u0432\u0441\u0442\u0430\u0432\u044c\u0442\u0435 \u0438\u0433\u043b\u0443 \u0434\u043e \u0443\u043f\u043e\u0440\u0430. (\u0440\u0438\u0441. A)<br \/>\n2. \u0414\u0440\u0443\u0433\u043e\u0439 \u0440\u0443\u043a\u043e\u0439 \u043d\u0430\u0447\u043d\u0438\u0442\u0435 \u043d\u0430\u043a\u0430\u0447\u0438\u0432\u0430\u0442\u044c \u043c\u044f\u0447 \u0441\u0436\u0438\u043c\u0430\u044f \u0432 \u0440\u0443\u043a\u0435 \u0440\u0435\u0437\u0438\u043d\u043e\u0432\u0443\u044e \u0447\u0430\u0441\u0442\u044c \u043d\u0430\u0441\u043e\u0441\u0430.. (\u0440\u0438\u0441. B)<br \/>\n3. \u0412\u043e \u0432\u0440\u0435\u043c\u044f \u043d\u0430\u043a\u0430\u0447\u0438\u0432\u0430\u043d\u0438\u044f \u043c\u044f\u0447\u0430 \u043c\u0435\u0442\u0430\u043b\u043b\u0438\u0447\u0435\u0441\u043a\u0430\u044f \u0447\u0430\u0441\u0442\u044c \u043d\u0430\u0441\u043e\u0441\u0430 \u0434\u043e\u043b\u0436\u043d\u0430 \u0432\u0441\u0451 \u0432\u0440\u0435\u043c\u044f \u043f\u0440\u0438\u0434\u0435\u0440\u0436\u0438\u0432\u0430\u0442\u044c\u0441\u044f \u0440\u0443\u043a\u043e\u0439 \u043d\u0430\u0445\u043e\u0434\u044f\u0441\u044c \u043f\u043e\u043b\u043d\u043e\u0441\u0442\u044c\u044e \u0432 \u043c\u044f\u0447\u0435.<br \/>\n4. \u0412\u044b\u0442\u0430\u0449\u0438\u0442\u044c \u043d\u0430\u0441\u043e\u0441 \u0438\u0437 \u043c\u044f\u0447\u0430 \u0438\u0441\u043f\u043e\u043b\u044c\u0437\u0443\u044f \u043c\u0435\u0442\u0430\u043b\u043b\u0438\u0447\u0435\u0441\u043a\u0443\u044e \u0447\u0430\u0441\u0442\u044c \u043d\u0430\u0441\u043e\u0441\u0430, \u043d\u0435 \u0442\u044f\u043d\u0443\u0442\u044c \u0437\u0430 \u0440\u0435\u0437\u0438\u043d\u043e\u0432\u0443\u044e \u0447\u0430\u0441\u0442\u044c. (\u0440\u0438\u0441. C)<\/p>\n<p>&nbsp;<\/p>\n","protected":false},"excerpt":{"rendered":"<p>\u041a\u043e\u043c\u0444\u043e\u0440\u0442\u043d\u044b\u0439 \u0438 \u0443\u0434\u043e\u0431\u043d\u044b\u0439 \u043d\u0430\u0441\u043e\u0441, \u043a\u043e\u0442\u043e\u0440\u044b\u0439 \u043c\u043e\u0436\u043d\u043e \u0432\u0441\u0435\u0433\u0434\u0430 \u043d\u043e\u0441\u0438\u0442\u044c \u0441 \u0441\u043e\u0431\u043e\u0439.<br \/>\n\u0420\u0435\u043a\u043e\u043c\u0435\u043d\u0434\u0443\u0435\u0442\u0441\u044f \u0434\u043b\u044f \u0442\u043e\u0447\u043d\u043e\u0433\u043e \u043d\u0430\u043a\u0430\u0447\u0438\u0432\u0430\u043d\u0438\u044f \u043f\u0440\u043e\u0444\u0435\u0441\u0441\u0438\u043e\u043d\u0430\u043b\u044c\u043d\u044b\u0445 \u043c\u044f\u0447\u0435\u0439.<\/p>\n","protected":false},"featured_media":7475,"comment_status":"closed","ping_status":"closed","template":"","meta":[],"product_brand":[],"product_cat":[410,228],"product_tag":[],"class_list":{"0":"post-7794","1":"product","2":"type-product","3":"status-publish","4":"has-post-thumbnail","6":"product_cat-410","7":"product_cat-228","8":"pa_varv-must-ru","11":"instock","12":"taxable","13":"shipping-taxable","14":"purchasable","15":"product-type-simple"},"supplier_id":null,"supplier_sku":"","barcode":null,"atum_controlled":true,"out_stock_date":null,"out_stock_threshold":null,"inheritable":false,"inbound_stock":0,"stock_on_hold":0,"sold_today":0,"sales_last_days":0,"reserved_stock":0,"customer_returns":0,"warehouse_damage":0,"lost_in_post":0,"other_logs":0,"out_stock_days":0,"lost_sales":0,"has_location":false,"update_date":"2026-04-20T01:11:10","atum_locations":[],"atum_stock_status":"instock","restock_status":false,"low_stock_amount":"","sales_update_date":"2026-04-20T01:11:10","calc_backorders":null,"yoast_head":"<!-- This site is optimized with the Yoast SEO plugin v27.4 - https:\/\/yoast.com\/product\/yoast-seo-wordpress\/ -->\n<title>Pastorelli H\u0430\u0441\u043e\u0441 Pocket - GymnaGoods<\/title>\n<meta name=\"description\" content=\"Mugav ja mugav Pastorelli pallipump, mida saate alati endaga kaasas v\u00f5tta. Soovitatav professionaalsete pallide t\u00e4pseks t\u00e4itmiseks.\" \/>\n<meta name=\"robots\" content=\"index, follow, max-snippet:-1, max-image-preview:large, max-video-preview:-1\" \/>\n<link rel=\"canonical\" href=\"https:\/\/gymnagoods.ee\/ru\/\u0442\u043e\u0432\u0430\u0440\/pastorelli-palli-taskupump\/\" \/>\n<meta property=\"og:locale\" content=\"ru_RU\" \/>\n<meta property=\"og:type\" content=\"article\" \/>\n<meta property=\"og:title\" content=\"Pastorelli H\u0430\u0441\u043e\u0441 Pocket - GymnaGoods\" \/>\n<meta property=\"og:description\" content=\"Mugav ja mugav Pastorelli pallipump, mida saate alati endaga kaasas v\u00f5tta. Soovitatav professionaalsete pallide t\u00e4pseks t\u00e4itmiseks.\" \/>\n<meta property=\"og:url\" content=\"https:\/\/gymnagoods.ee\/ru\/\u0442\u043e\u0432\u0430\u0440\/pastorelli-palli-taskupump\/\" \/>\n<meta property=\"og:site_name\" content=\"GymnaGoods\" \/>\n<meta property=\"article:publisher\" content=\"https:\/\/www.facebook.com\/gymnagoods\" \/>\n<meta property=\"article:modified_time\" content=\"2023-10-04T09:21:15+00:00\" \/>\n<meta property=\"og:image\" content=\"https:\/\/gymnagoods.ee\/wp-content\/uploads\/2023\/09\/02245.jpg\" \/>\n\t<meta property=\"og:image:width\" content=\"1200\" \/>\n\t<meta property=\"og:image:height\" content=\"1200\" \/>\n\t<meta property=\"og:image:type\" content=\"image\/jpeg\" \/>\n<meta name=\"twitter:card\" content=\"summary_large_image\" \/>\n<script type=\"application\/ld+json\" class=\"yoast-schema-graph\">{\"@context\":\"https:\\\/\\\/schema.org\",\"@graph\":[{\"@type\":\"WebPage\",\"@id\":\"https:\\\/\\\/gymnagoods.ee\\\/ru\\\/\u0442\u043e\u0432\u0430\u0440\\\/pastorelli-palli-taskupump\\\/\",\"url\":\"https:\\\/\\\/gymnagoods.ee\\\/ru\\\/\u0442\u043e\u0432\u0430\u0440\\\/pastorelli-palli-taskupump\\\/\",\"name\":\"Pastorelli H\u0430\u0441\u043e\u0441 Pocket - GymnaGoods\",\"isPartOf\":{\"@id\":\"https:\\\/\\\/gymnagoods.ee\\\/ru\\\/#website\"},\"primaryImageOfPage\":{\"@id\":\"https:\\\/\\\/gymnagoods.ee\\\/ru\\\/\u0442\u043e\u0432\u0430\u0440\\\/pastorelli-palli-taskupump\\\/#primaryimage\"},\"image\":{\"@id\":\"https:\\\/\\\/gymnagoods.ee\\\/ru\\\/\u0442\u043e\u0432\u0430\u0440\\\/pastorelli-palli-taskupump\\\/#primaryimage\"},\"thumbnailUrl\":\"https:\\\/\\\/gymnagoods.ee\\\/wp-content\\\/uploads\\\/2023\\\/09\\\/02245.jpg\",\"datePublished\":\"2023-09-08T16:44:43+00:00\",\"dateModified\":\"2023-10-04T09:21:15+00:00\",\"description\":\"Mugav ja mugav Pastorelli pallipump, mida saate alati endaga kaasas v\u00f5tta. Soovitatav professionaalsete pallide t\u00e4pseks t\u00e4itmiseks.\",\"breadcrumb\":{\"@id\":\"https:\\\/\\\/gymnagoods.ee\\\/ru\\\/\u0442\u043e\u0432\u0430\u0440\\\/pastorelli-palli-taskupump\\\/#breadcrumb\"},\"inLanguage\":\"ru-RU\",\"potentialAction\":[{\"@type\":\"ReadAction\",\"target\":[\"https:\\\/\\\/gymnagoods.ee\\\/ru\\\/\u0442\u043e\u0432\u0430\u0440\\\/pastorelli-palli-taskupump\\\/\"]}]},{\"@type\":\"ImageObject\",\"inLanguage\":\"ru-RU\",\"@id\":\"https:\\\/\\\/gymnagoods.ee\\\/ru\\\/\u0442\u043e\u0432\u0430\u0440\\\/pastorelli-palli-taskupump\\\/#primaryimage\",\"url\":\"https:\\\/\\\/gymnagoods.ee\\\/wp-content\\\/uploads\\\/2023\\\/09\\\/02245.jpg\",\"contentUrl\":\"https:\\\/\\\/gymnagoods.ee\\\/wp-content\\\/uploads\\\/2023\\\/09\\\/02245.jpg\",\"width\":1200,\"height\":1200},{\"@type\":\"BreadcrumbList\",\"@id\":\"https:\\\/\\\/gymnagoods.ee\\\/ru\\\/\u0442\u043e\u0432\u0430\u0440\\\/pastorelli-palli-taskupump\\\/#breadcrumb\",\"itemListElement\":[{\"@type\":\"ListItem\",\"position\":1,\"name\":\"\u041c\u0430\u0433\u0430\u0437\u0438\u043d\",\"item\":\"https:\\\/\\\/gymnagoods.ee\\\/ru\\\/%d0%bc%d0%b0%d0%b3%d0%b0%d0%b7%d0%b8%d0%bd\\\/\"},{\"@type\":\"ListItem\",\"position\":2,\"name\":\"Pastorelli H\u0430\u0441\u043e\u0441 Pocket\"}]},{\"@type\":\"WebSite\",\"@id\":\"https:\\\/\\\/gymnagoods.ee\\\/ru\\\/#website\",\"url\":\"https:\\\/\\\/gymnagoods.ee\\\/ru\\\/\",\"name\":\"GymnaGoods\",\"description\":\"iluv&otilde;imlemise tarvikud ja vahendid\",\"publisher\":{\"@id\":\"https:\\\/\\\/gymnagoods.ee\\\/ru\\\/#organization\"},\"potentialAction\":[{\"@type\":\"SearchAction\",\"target\":{\"@type\":\"EntryPoint\",\"urlTemplate\":\"https:\\\/\\\/gymnagoods.ee\\\/ru\\\/?s={search_term_string}\"},\"query-input\":{\"@type\":\"PropertyValueSpecification\",\"valueRequired\":true,\"valueName\":\"search_term_string\"}}],\"inLanguage\":\"ru-RU\"},{\"@type\":\"Organization\",\"@id\":\"https:\\\/\\\/gymnagoods.ee\\\/ru\\\/#organization\",\"name\":\"GymnaGoods\",\"url\":\"https:\\\/\\\/gymnagoods.ee\\\/ru\\\/\",\"logo\":{\"@type\":\"ImageObject\",\"inLanguage\":\"ru-RU\",\"@id\":\"https:\\\/\\\/gymnagoods.ee\\\/ru\\\/#\\\/schema\\\/logo\\\/image\\\/\",\"url\":\"https:\\\/\\\/gymnagoods.ee\\\/wp-content\\\/uploads\\\/2023\\\/08\\\/cropped-favicon_gg.png\",\"contentUrl\":\"https:\\\/\\\/gymnagoods.ee\\\/wp-content\\\/uploads\\\/2023\\\/08\\\/cropped-favicon_gg.png\",\"width\":512,\"height\":512,\"caption\":\"GymnaGoods\"},\"image\":{\"@id\":\"https:\\\/\\\/gymnagoods.ee\\\/ru\\\/#\\\/schema\\\/logo\\\/image\\\/\"},\"sameAs\":[\"https:\\\/\\\/www.facebook.com\\\/gymnagoods\"]}]}<\/script>\n<!-- \/ Yoast SEO plugin. -->","yoast_head_json":{"title":"Pastorelli H\u0430\u0441\u043e\u0441 Pocket - GymnaGoods","description":"Mugav ja mugav Pastorelli pallipump, mida saate alati endaga kaasas v\u00f5tta. Soovitatav professionaalsete pallide t\u00e4pseks t\u00e4itmiseks.","robots":{"index":"index","follow":"follow","max-snippet":"max-snippet:-1","max-image-preview":"max-image-preview:large","max-video-preview":"max-video-preview:-1"},"canonical":"https:\/\/gymnagoods.ee\/ru\/\u0442\u043e\u0432\u0430\u0440\/pastorelli-palli-taskupump\/","og_locale":"ru_RU","og_type":"article","og_title":"Pastorelli H\u0430\u0441\u043e\u0441 Pocket - GymnaGoods","og_description":"Mugav ja mugav Pastorelli pallipump, mida saate alati endaga kaasas v\u00f5tta. Soovitatav professionaalsete pallide t\u00e4pseks t\u00e4itmiseks.","og_url":"https:\/\/gymnagoods.ee\/ru\/\u0442\u043e\u0432\u0430\u0440\/pastorelli-palli-taskupump\/","og_site_name":"GymnaGoods","article_publisher":"https:\/\/www.facebook.com\/gymnagoods","article_modified_time":"2023-10-04T09:21:15+00:00","og_image":[{"width":1200,"height":1200,"url":"https:\/\/gymnagoods.ee\/wp-content\/uploads\/2023\/09\/02245.jpg","type":"image\/jpeg"}],"twitter_card":"summary_large_image","schema":{"@context":"https:\/\/schema.org","@graph":[{"@type":"WebPage","@id":"https:\/\/gymnagoods.ee\/ru\/\u0442\u043e\u0432\u0430\u0440\/pastorelli-palli-taskupump\/","url":"https:\/\/gymnagoods.ee\/ru\/\u0442\u043e\u0432\u0430\u0440\/pastorelli-palli-taskupump\/","name":"Pastorelli H\u0430\u0441\u043e\u0441 Pocket - GymnaGoods","isPartOf":{"@id":"https:\/\/gymnagoods.ee\/ru\/#website"},"primaryImageOfPage":{"@id":"https:\/\/gymnagoods.ee\/ru\/\u0442\u043e\u0432\u0430\u0440\/pastorelli-palli-taskupump\/#primaryimage"},"image":{"@id":"https:\/\/gymnagoods.ee\/ru\/\u0442\u043e\u0432\u0430\u0440\/pastorelli-palli-taskupump\/#primaryimage"},"thumbnailUrl":"https:\/\/gymnagoods.ee\/wp-content\/uploads\/2023\/09\/02245.jpg","datePublished":"2023-09-08T16:44:43+00:00","dateModified":"2023-10-04T09:21:15+00:00","description":"Mugav ja mugav Pastorelli pallipump, mida saate alati endaga kaasas v\u00f5tta. Soovitatav professionaalsete pallide t\u00e4pseks t\u00e4itmiseks.","breadcrumb":{"@id":"https:\/\/gymnagoods.ee\/ru\/\u0442\u043e\u0432\u0430\u0440\/pastorelli-palli-taskupump\/#breadcrumb"},"inLanguage":"ru-RU","potentialAction":[{"@type":"ReadAction","target":["https:\/\/gymnagoods.ee\/ru\/\u0442\u043e\u0432\u0430\u0440\/pastorelli-palli-taskupump\/"]}]},{"@type":"ImageObject","inLanguage":"ru-RU","@id":"https:\/\/gymnagoods.ee\/ru\/\u0442\u043e\u0432\u0430\u0440\/pastorelli-palli-taskupump\/#primaryimage","url":"https:\/\/gymnagoods.ee\/wp-content\/uploads\/2023\/09\/02245.jpg","contentUrl":"https:\/\/gymnagoods.ee\/wp-content\/uploads\/2023\/09\/02245.jpg","width":1200,"height":1200},{"@type":"BreadcrumbList","@id":"https:\/\/gymnagoods.ee\/ru\/\u0442\u043e\u0432\u0430\u0440\/pastorelli-palli-taskupump\/#breadcrumb","itemListElement":[{"@type":"ListItem","position":1,"name":"\u041c\u0430\u0433\u0430\u0437\u0438\u043d","item":"https:\/\/gymnagoods.ee\/ru\/%d0%bc%d0%b0%d0%b3%d0%b0%d0%b7%d0%b8%d0%bd\/"},{"@type":"ListItem","position":2,"name":"Pastorelli H\u0430\u0441\u043e\u0441 Pocket"}]},{"@type":"WebSite","@id":"https:\/\/gymnagoods.ee\/ru\/#website","url":"https:\/\/gymnagoods.ee\/ru\/","name":"GymnaGoods","description":"iluv&otilde;imlemise tarvikud ja vahendid","publisher":{"@id":"https:\/\/gymnagoods.ee\/ru\/#organization"},"potentialAction":[{"@type":"SearchAction","target":{"@type":"EntryPoint","urlTemplate":"https:\/\/gymnagoods.ee\/ru\/?s={search_term_string}"},"query-input":{"@type":"PropertyValueSpecification","valueRequired":true,"valueName":"search_term_string"}}],"inLanguage":"ru-RU"},{"@type":"Organization","@id":"https:\/\/gymnagoods.ee\/ru\/#organization","name":"GymnaGoods","url":"https:\/\/gymnagoods.ee\/ru\/","logo":{"@type":"ImageObject","inLanguage":"ru-RU","@id":"https:\/\/gymnagoods.ee\/ru\/#\/schema\/logo\/image\/","url":"https:\/\/gymnagoods.ee\/wp-content\/uploads\/2023\/08\/cropped-favicon_gg.png","contentUrl":"https:\/\/gymnagoods.ee\/wp-content\/uploads\/2023\/08\/cropped-favicon_gg.png","width":512,"height":512,"caption":"GymnaGoods"},"image":{"@id":"https:\/\/gymnagoods.ee\/ru\/#\/schema\/logo\/image\/"},"sameAs":["https:\/\/www.facebook.com\/gymnagoods"]}]}},"jetpack_sharing_enabled":true,"_links":{"self":[{"href":"https:\/\/gymnagoods.ee\/ru\/wp-json\/wp\/v2\/product\/7794","targetHints":{"allow":["GET"]}}],"collection":[{"href":"https:\/\/gymnagoods.ee\/ru\/wp-json\/wp\/v2\/product"}],"about":[{"href":"https:\/\/gymnagoods.ee\/ru\/wp-json\/wp\/v2\/types\/product"}],"replies":[{"embeddable":true,"href":"https:\/\/gymnagoods.ee\/ru\/wp-json\/wp\/v2\/comments?post=7794"}],"wp:featuredmedia":[{"embeddable":true,"href":"https:\/\/gymnagoods.ee\/ru\/wp-json\/wp\/v2\/media\/7475"}],"wp:attachment":[{"href":"https:\/\/gymnagoods.ee\/ru\/wp-json\/wp\/v2\/media?parent=7794"}],"wp:term":[{"taxonomy":"product_brand","embeddable":true,"href":"https:\/\/gymnagoods.ee\/ru\/wp-json\/wp\/v2\/product_brand?post=7794"},{"taxonomy":"product_cat","embeddable":true,"href":"https:\/\/gymnagoods.ee\/ru\/wp-json\/wp\/v2\/product_cat?post=7794"},{"taxonomy":"product_tag","embeddable":true,"href":"https:\/\/gymnagoods.ee\/ru\/wp-json\/wp\/v2\/product_tag?post=7794"}],"curies":[{"name":"wp","href":"https:\/\/api.w.org\/{rel}","templated":true}]}}