{"id":7771,"date":"2023-09-11T22:45:50","date_gmt":"2023-09-11T20:45:50","guid":{"rendered":"https:\/\/gymnagoods.ee\/pastorelli-rongateip-galaxy\/"},"modified":"2025-09-08T18:16:11","modified_gmt":"2025-09-08T16:16:11","slug":"pastorelli-rongateip-galaxy","status":"publish","type":"product","link":"https:\/\/gymnagoods.ee\/ru\/\u0442\u043e\u0432\u0430\u0440\/pastorelli-rongateip-galaxy\/","title":{"rendered":"Pastorelli \u041e\u0431\u043c\u043e\u0442\u043a\u0430 Galaxy"},"content":{"rendered":"<p>\u0414\u043b\u0438\u043d\u0430: 11 \u043c<\/p>\n<p>\u0428\u0438\u0440\u0438\u043d\u0430: \u00a01.9 cm<\/p>\n<p>\u0426\u0432\u0435\u0442 \u0441\u043a\u043e\u0442\u0447\u0430 \u043c\u043e\u0436\u0435\u0442 \u043d\u0435\u0437\u043d\u0430\u0447\u0438\u0442\u0435\u043b\u044c\u043d\u043e \u043e\u0442\u043b\u0438\u0447\u0430\u0442\u044c\u0441\u044f \u0432 \u0437\u0430\u0432\u0438\u0441\u0438\u043c\u043e\u0441\u0442\u0438 \u043e\u0442 \u043f\u0430\u0440\u0442\u0438\u0438 \u043f\u0440\u043e\u0434\u0443\u043a\u0446\u0438\u0438.<\/p>\n<p>&nbsp;<\/p>\n","protected":false},"excerpt":{"rendered":"<p>\u041e\u0431\u043c\u043e\u0442\u043a\u0430 \u043c\u0435\u0442\u0430\u043b\u043b\u0438\u043a \u0434\u043b\u044f \u043e\u0431\u0440\u0443\u0447\u0435\u0439 \u0438 \u0431\u0443\u043b\u0430\u0432.<\/p>\n<p>\u0414\u043e\u0441\u0442\u0430\u0442\u043e\u0447\u043d\u043e \u043e\u0434\u043d\u043e\u0433\u043e \u0440\u0443\u043b\u043e\u043d\u0430 \u0434\u043b\u044f \u043e\u0431\u043c\u043e\u0442\u043a\u0438 \u043e\u0431\u0440\u0443\u0447\u0430 \u0434\u0438\u0430\u043c\u0435\u0442\u0440\u043e\u043c 90 \u0441\u043c.<\/p>\n<p>C\u043b\u0435\u0434\u0438\u0442\u0435 \u0437\u0430 \u0442\u0435\u043c, \u0447\u0442\u043e\u0431\u044b o\u0431\u043c\u043e\u0442\u043a\u0430 \u043d\u0435 \u043d\u0430\u043a\u043b\u0430\u0434\u044b\u0432\u0430\u043b\u0430\u0441\u044c \u0434\u0440\u0443\u0433 \u043d\u0430 \u0434\u0440\u0443\u0433\u0430 \u043f\u0440\u0438 \u043d\u0430\u043d\u0435\u0441\u0435\u043d\u0438\u0438.<\/p>\n<p>\u0414\u043b\u044f \u0443\u0432\u0435\u043b\u0438\u0447\u0435\u043d\u0438\u044f \u0441\u0440\u043e\u043a\u0430 \u0438\u0441\u043f\u043e\u043b\u044c\u0437\u043e\u0432\u0430\u043d\u0438\u044f \u0446\u0432\u0435\u0442\u043d\u043e\u0439 \u043e\u0431\u043c\u043e\u0442\u043a\u0438, \u0440\u0435\u043a\u043e\u043c\u0435\u043d\u0434\u0443\u0435\u0442\u0441\u044f \u043f\u043e\u043a\u0440\u044b\u0442\u0438\u0435 \u043f\u0440\u043e\u0437\u0440\u0430\u0447\u043d\u043e\u0439 \u043e\u0431\u043c\u043e\u0442\u043a\u043e\u0439.<\/p>\n","protected":false},"featured_media":7522,"comment_status":"closed","ping_status":"closed","template":"","meta":[],"product_brand":[],"product_cat":[348],"product_tag":[],"class_list":{"0":"post-7771","1":"product","2":"type-product","3":"status-publish","4":"has-post-thumbnail","6":"product_cat-obmotki","7":"pa_pikkus-11-m-ru","8":"pa_varv-wisteria-ru","9":"pa_varv-helesinine-ru","10":"pa_varv-kollane-fluo-ru","11":"pa_varv-karmiinpunane-ru","12":"pa_varv-mitmevarviline-ru","13":"pa_varv-sarav-roosa-ru","14":"pa_varv-hobedane-ru","17":"instock","18":"taxable","19":"shipping-taxable","20":"purchasable","21":"product-type-variable","22":"wvs-archive-product-wrapper"},"supplier_id":null,"supplier_sku":"","barcode":null,"atum_controlled":true,"out_stock_date":null,"out_stock_threshold":null,"inheritable":true,"inbound_stock":0,"stock_on_hold":0,"sold_today":0,"sales_last_days":0,"reserved_stock":null,"customer_returns":null,"warehouse_damage":null,"lost_in_post":null,"other_logs":null,"out_stock_days":0,"lost_sales":0,"has_location":false,"update_date":"2026-04-20T01:11:32","atum_locations":[],"atum_stock_status":"instock","restock_status":false,"low_stock_amount":"","sales_update_date":"2026-04-20T01:11:32","calc_backorders":null,"yoast_head":"<!-- This site is optimized with the Yoast SEO plugin v27.4 - https:\/\/yoast.com\/product\/yoast-seo-wordpress\/ -->\n<title>Pastorelli \u041e\u0431\u043c\u043e\u0442\u043a\u0430 Galaxy - GymnaGoods<\/title>\n<meta name=\"description\" content=\"Metallist teip r\u00f5ngaste kaunistamiseks. Teip kinnitatakse paberkilele. Pikema eluea tagamiseks on soovitatav v\u00e4rvilise kleeplindi peale kanda l\u00e4bipaistev kleeplint.\" \/>\n<meta name=\"robots\" content=\"index, follow, max-snippet:-1, max-image-preview:large, max-video-preview:-1\" \/>\n<link rel=\"canonical\" href=\"https:\/\/gymnagoods.ee\/ru\/\u0442\u043e\u0432\u0430\u0440\/pastorelli-rongateip-galaxy\/\" \/>\n<meta property=\"og:locale\" content=\"ru_RU\" \/>\n<meta property=\"og:type\" content=\"article\" \/>\n<meta property=\"og:title\" content=\"Pastorelli \u041e\u0431\u043c\u043e\u0442\u043a\u0430 Galaxy - GymnaGoods\" \/>\n<meta property=\"og:description\" content=\"Metallist teip r\u00f5ngaste kaunistamiseks. Teip kinnitatakse paberkilele. Pikema eluea tagamiseks on soovitatav v\u00e4rvilise kleeplindi peale kanda l\u00e4bipaistev kleeplint.\" \/>\n<meta property=\"og:url\" content=\"https:\/\/gymnagoods.ee\/ru\/\u0442\u043e\u0432\u0430\u0440\/pastorelli-rongateip-galaxy\/\" \/>\n<meta property=\"og:site_name\" content=\"GymnaGoods\" \/>\n<meta property=\"article:publisher\" content=\"https:\/\/www.facebook.com\/gymnagoods\" \/>\n<meta property=\"article:modified_time\" content=\"2025-09-08T16:16:11+00:00\" \/>\n<meta property=\"og:image\" content=\"https:\/\/gymnagoods.ee\/wp-content\/uploads\/2023\/09\/01581.jpg\" \/>\n\t<meta property=\"og:image:width\" content=\"1200\" \/>\n\t<meta property=\"og:image:height\" content=\"1200\" \/>\n\t<meta property=\"og:image:type\" content=\"image\/jpeg\" \/>\n<meta name=\"twitter:card\" content=\"summary_large_image\" \/>\n<script type=\"application\/ld+json\" class=\"yoast-schema-graph\">{\"@context\":\"https:\\\/\\\/schema.org\",\"@graph\":[{\"@type\":\"WebPage\",\"@id\":\"https:\\\/\\\/gymnagoods.ee\\\/ru\\\/\u0442\u043e\u0432\u0430\u0440\\\/pastorelli-rongateip-galaxy\\\/\",\"url\":\"https:\\\/\\\/gymnagoods.ee\\\/ru\\\/\u0442\u043e\u0432\u0430\u0440\\\/pastorelli-rongateip-galaxy\\\/\",\"name\":\"Pastorelli \u041e\u0431\u043c\u043e\u0442\u043a\u0430 Galaxy - GymnaGoods\",\"isPartOf\":{\"@id\":\"https:\\\/\\\/gymnagoods.ee\\\/ru\\\/#website\"},\"primaryImageOfPage\":{\"@id\":\"https:\\\/\\\/gymnagoods.ee\\\/ru\\\/\u0442\u043e\u0432\u0430\u0440\\\/pastorelli-rongateip-galaxy\\\/#primaryimage\"},\"image\":{\"@id\":\"https:\\\/\\\/gymnagoods.ee\\\/ru\\\/\u0442\u043e\u0432\u0430\u0440\\\/pastorelli-rongateip-galaxy\\\/#primaryimage\"},\"thumbnailUrl\":\"https:\\\/\\\/gymnagoods.ee\\\/wp-content\\\/uploads\\\/2023\\\/09\\\/01581.jpg\",\"datePublished\":\"2023-09-11T20:45:50+00:00\",\"dateModified\":\"2025-09-08T16:16:11+00:00\",\"description\":\"Metallist teip r\u00f5ngaste kaunistamiseks. Teip kinnitatakse paberkilele. Pikema eluea tagamiseks on soovitatav v\u00e4rvilise kleeplindi peale kanda l\u00e4bipaistev kleeplint.\",\"breadcrumb\":{\"@id\":\"https:\\\/\\\/gymnagoods.ee\\\/ru\\\/\u0442\u043e\u0432\u0430\u0440\\\/pastorelli-rongateip-galaxy\\\/#breadcrumb\"},\"inLanguage\":\"ru-RU\",\"potentialAction\":[{\"@type\":\"ReadAction\",\"target\":[\"https:\\\/\\\/gymnagoods.ee\\\/ru\\\/\u0442\u043e\u0432\u0430\u0440\\\/pastorelli-rongateip-galaxy\\\/\"]}]},{\"@type\":\"ImageObject\",\"inLanguage\":\"ru-RU\",\"@id\":\"https:\\\/\\\/gymnagoods.ee\\\/ru\\\/\u0442\u043e\u0432\u0430\u0440\\\/pastorelli-rongateip-galaxy\\\/#primaryimage\",\"url\":\"https:\\\/\\\/gymnagoods.ee\\\/wp-content\\\/uploads\\\/2023\\\/09\\\/01581.jpg\",\"contentUrl\":\"https:\\\/\\\/gymnagoods.ee\\\/wp-content\\\/uploads\\\/2023\\\/09\\\/01581.jpg\",\"width\":1200,\"height\":1200},{\"@type\":\"BreadcrumbList\",\"@id\":\"https:\\\/\\\/gymnagoods.ee\\\/ru\\\/\u0442\u043e\u0432\u0430\u0440\\\/pastorelli-rongateip-galaxy\\\/#breadcrumb\",\"itemListElement\":[{\"@type\":\"ListItem\",\"position\":1,\"name\":\"\u041c\u0430\u0433\u0430\u0437\u0438\u043d\",\"item\":\"https:\\\/\\\/gymnagoods.ee\\\/ru\\\/%d0%bc%d0%b0%d0%b3%d0%b0%d0%b7%d0%b8%d0%bd\\\/\"},{\"@type\":\"ListItem\",\"position\":2,\"name\":\"Pastorelli \u041e\u0431\u043c\u043e\u0442\u043a\u0430 Galaxy\"}]},{\"@type\":\"WebSite\",\"@id\":\"https:\\\/\\\/gymnagoods.ee\\\/ru\\\/#website\",\"url\":\"https:\\\/\\\/gymnagoods.ee\\\/ru\\\/\",\"name\":\"GymnaGoods\",\"description\":\"iluv&otilde;imlemise tarvikud ja vahendid\",\"publisher\":{\"@id\":\"https:\\\/\\\/gymnagoods.ee\\\/ru\\\/#organization\"},\"potentialAction\":[{\"@type\":\"SearchAction\",\"target\":{\"@type\":\"EntryPoint\",\"urlTemplate\":\"https:\\\/\\\/gymnagoods.ee\\\/ru\\\/?s={search_term_string}\"},\"query-input\":{\"@type\":\"PropertyValueSpecification\",\"valueRequired\":true,\"valueName\":\"search_term_string\"}}],\"inLanguage\":\"ru-RU\"},{\"@type\":\"Organization\",\"@id\":\"https:\\\/\\\/gymnagoods.ee\\\/ru\\\/#organization\",\"name\":\"GymnaGoods\",\"url\":\"https:\\\/\\\/gymnagoods.ee\\\/ru\\\/\",\"logo\":{\"@type\":\"ImageObject\",\"inLanguage\":\"ru-RU\",\"@id\":\"https:\\\/\\\/gymnagoods.ee\\\/ru\\\/#\\\/schema\\\/logo\\\/image\\\/\",\"url\":\"https:\\\/\\\/gymnagoods.ee\\\/wp-content\\\/uploads\\\/2023\\\/08\\\/cropped-favicon_gg.png\",\"contentUrl\":\"https:\\\/\\\/gymnagoods.ee\\\/wp-content\\\/uploads\\\/2023\\\/08\\\/cropped-favicon_gg.png\",\"width\":512,\"height\":512,\"caption\":\"GymnaGoods\"},\"image\":{\"@id\":\"https:\\\/\\\/gymnagoods.ee\\\/ru\\\/#\\\/schema\\\/logo\\\/image\\\/\"},\"sameAs\":[\"https:\\\/\\\/www.facebook.com\\\/gymnagoods\"]}]}<\/script>\n<!-- \/ Yoast SEO plugin. -->","yoast_head_json":{"title":"Pastorelli \u041e\u0431\u043c\u043e\u0442\u043a\u0430 Galaxy - GymnaGoods","description":"Metallist teip r\u00f5ngaste kaunistamiseks. Teip kinnitatakse paberkilele. Pikema eluea tagamiseks on soovitatav v\u00e4rvilise kleeplindi peale kanda l\u00e4bipaistev kleeplint.","robots":{"index":"index","follow":"follow","max-snippet":"max-snippet:-1","max-image-preview":"max-image-preview:large","max-video-preview":"max-video-preview:-1"},"canonical":"https:\/\/gymnagoods.ee\/ru\/\u0442\u043e\u0432\u0430\u0440\/pastorelli-rongateip-galaxy\/","og_locale":"ru_RU","og_type":"article","og_title":"Pastorelli \u041e\u0431\u043c\u043e\u0442\u043a\u0430 Galaxy - GymnaGoods","og_description":"Metallist teip r\u00f5ngaste kaunistamiseks. Teip kinnitatakse paberkilele. Pikema eluea tagamiseks on soovitatav v\u00e4rvilise kleeplindi peale kanda l\u00e4bipaistev kleeplint.","og_url":"https:\/\/gymnagoods.ee\/ru\/\u0442\u043e\u0432\u0430\u0440\/pastorelli-rongateip-galaxy\/","og_site_name":"GymnaGoods","article_publisher":"https:\/\/www.facebook.com\/gymnagoods","article_modified_time":"2025-09-08T16:16:11+00:00","og_image":[{"width":1200,"height":1200,"url":"https:\/\/gymnagoods.ee\/wp-content\/uploads\/2023\/09\/01581.jpg","type":"image\/jpeg"}],"twitter_card":"summary_large_image","schema":{"@context":"https:\/\/schema.org","@graph":[{"@type":"WebPage","@id":"https:\/\/gymnagoods.ee\/ru\/\u0442\u043e\u0432\u0430\u0440\/pastorelli-rongateip-galaxy\/","url":"https:\/\/gymnagoods.ee\/ru\/\u0442\u043e\u0432\u0430\u0440\/pastorelli-rongateip-galaxy\/","name":"Pastorelli \u041e\u0431\u043c\u043e\u0442\u043a\u0430 Galaxy - GymnaGoods","isPartOf":{"@id":"https:\/\/gymnagoods.ee\/ru\/#website"},"primaryImageOfPage":{"@id":"https:\/\/gymnagoods.ee\/ru\/\u0442\u043e\u0432\u0430\u0440\/pastorelli-rongateip-galaxy\/#primaryimage"},"image":{"@id":"https:\/\/gymnagoods.ee\/ru\/\u0442\u043e\u0432\u0430\u0440\/pastorelli-rongateip-galaxy\/#primaryimage"},"thumbnailUrl":"https:\/\/gymnagoods.ee\/wp-content\/uploads\/2023\/09\/01581.jpg","datePublished":"2023-09-11T20:45:50+00:00","dateModified":"2025-09-08T16:16:11+00:00","description":"Metallist teip r\u00f5ngaste kaunistamiseks. Teip kinnitatakse paberkilele. Pikema eluea tagamiseks on soovitatav v\u00e4rvilise kleeplindi peale kanda l\u00e4bipaistev kleeplint.","breadcrumb":{"@id":"https:\/\/gymnagoods.ee\/ru\/\u0442\u043e\u0432\u0430\u0440\/pastorelli-rongateip-galaxy\/#breadcrumb"},"inLanguage":"ru-RU","potentialAction":[{"@type":"ReadAction","target":["https:\/\/gymnagoods.ee\/ru\/\u0442\u043e\u0432\u0430\u0440\/pastorelli-rongateip-galaxy\/"]}]},{"@type":"ImageObject","inLanguage":"ru-RU","@id":"https:\/\/gymnagoods.ee\/ru\/\u0442\u043e\u0432\u0430\u0440\/pastorelli-rongateip-galaxy\/#primaryimage","url":"https:\/\/gymnagoods.ee\/wp-content\/uploads\/2023\/09\/01581.jpg","contentUrl":"https:\/\/gymnagoods.ee\/wp-content\/uploads\/2023\/09\/01581.jpg","width":1200,"height":1200},{"@type":"BreadcrumbList","@id":"https:\/\/gymnagoods.ee\/ru\/\u0442\u043e\u0432\u0430\u0440\/pastorelli-rongateip-galaxy\/#breadcrumb","itemListElement":[{"@type":"ListItem","position":1,"name":"\u041c\u0430\u0433\u0430\u0437\u0438\u043d","item":"https:\/\/gymnagoods.ee\/ru\/%d0%bc%d0%b0%d0%b3%d0%b0%d0%b7%d0%b8%d0%bd\/"},{"@type":"ListItem","position":2,"name":"Pastorelli \u041e\u0431\u043c\u043e\u0442\u043a\u0430 Galaxy"}]},{"@type":"WebSite","@id":"https:\/\/gymnagoods.ee\/ru\/#website","url":"https:\/\/gymnagoods.ee\/ru\/","name":"GymnaGoods","description":"iluv&otilde;imlemise tarvikud ja vahendid","publisher":{"@id":"https:\/\/gymnagoods.ee\/ru\/#organization"},"potentialAction":[{"@type":"SearchAction","target":{"@type":"EntryPoint","urlTemplate":"https:\/\/gymnagoods.ee\/ru\/?s={search_term_string}"},"query-input":{"@type":"PropertyValueSpecification","valueRequired":true,"valueName":"search_term_string"}}],"inLanguage":"ru-RU"},{"@type":"Organization","@id":"https:\/\/gymnagoods.ee\/ru\/#organization","name":"GymnaGoods","url":"https:\/\/gymnagoods.ee\/ru\/","logo":{"@type":"ImageObject","inLanguage":"ru-RU","@id":"https:\/\/gymnagoods.ee\/ru\/#\/schema\/logo\/image\/","url":"https:\/\/gymnagoods.ee\/wp-content\/uploads\/2023\/08\/cropped-favicon_gg.png","contentUrl":"https:\/\/gymnagoods.ee\/wp-content\/uploads\/2023\/08\/cropped-favicon_gg.png","width":512,"height":512,"caption":"GymnaGoods"},"image":{"@id":"https:\/\/gymnagoods.ee\/ru\/#\/schema\/logo\/image\/"},"sameAs":["https:\/\/www.facebook.com\/gymnagoods"]}]}},"jetpack_sharing_enabled":true,"_links":{"self":[{"href":"https:\/\/gymnagoods.ee\/ru\/wp-json\/wp\/v2\/product\/7771","targetHints":{"allow":["GET"]}}],"collection":[{"href":"https:\/\/gymnagoods.ee\/ru\/wp-json\/wp\/v2\/product"}],"about":[{"href":"https:\/\/gymnagoods.ee\/ru\/wp-json\/wp\/v2\/types\/product"}],"replies":[{"embeddable":true,"href":"https:\/\/gymnagoods.ee\/ru\/wp-json\/wp\/v2\/comments?post=7771"}],"wp:featuredmedia":[{"embeddable":true,"href":"https:\/\/gymnagoods.ee\/ru\/wp-json\/wp\/v2\/media\/7522"}],"wp:attachment":[{"href":"https:\/\/gymnagoods.ee\/ru\/wp-json\/wp\/v2\/media?parent=7771"}],"wp:term":[{"taxonomy":"product_brand","embeddable":true,"href":"https:\/\/gymnagoods.ee\/ru\/wp-json\/wp\/v2\/product_brand?post=7771"},{"taxonomy":"product_cat","embeddable":true,"href":"https:\/\/gymnagoods.ee\/ru\/wp-json\/wp\/v2\/product_cat?post=7771"},{"taxonomy":"product_tag","embeddable":true,"href":"https:\/\/gymnagoods.ee\/ru\/wp-json\/wp\/v2\/product_tag?post=7771"}],"curies":[{"name":"wp","href":"https:\/\/api.w.org\/{rel}","templated":true}]}}