{"id":7652,"date":"2023-08-12T15:05:16","date_gmt":"2023-08-12T13:05:16","guid":{"rendered":"https:\/\/gymnagoods.ee\/%d0%b4%d0%be%d1%81%d1%82%d0%b0%d0%b2%d0%ba%d0%b0\/"},"modified":"2025-04-25T14:15:08","modified_gmt":"2025-04-25T12:15:08","slug":"%d0%b4%d0%be%d1%81%d1%82%d0%b0%d0%b2%d0%ba%d0%b0","status":"publish","type":"page","link":"https:\/\/gymnagoods.ee\/ru\/%d0%b4%d0%be%d1%81%d1%82%d0%b0%d0%b2%d0%ba%d0%b0\/","title":{"rendered":"\u0414\u043e\u0441\u0442\u0430\u0432\u043a\u0430"},"content":{"rendered":"\t\t<div data-elementor-type=\"wp-page\" data-elementor-id=\"7652\" class=\"elementor elementor-7652 elementor-6232\">\n\t\t\t\t\t\t<section class=\"elementor-section elementor-top-section elementor-element elementor-element-96734c5 elementor-section-boxed elementor-section-height-default elementor-section-height-default\" data-id=\"96734c5\" data-element_type=\"section\" data-e-type=\"section\">\n\t\t\t\t\t\t<div class=\"elementor-container elementor-column-gap-default\">\n\t\t\t\t\t<div class=\"elementor-column elementor-col-100 elementor-top-column elementor-element elementor-element-2aa778e\" data-id=\"2aa778e\" data-element_type=\"column\" data-e-type=\"column\">\n\t\t\t<div class=\"elementor-widget-wrap elementor-element-populated\">\n\t\t\t\t\t\t<div class=\"elementor-element elementor-element-4e4261e elementor-widget elementor-widget-tbay-heading\" data-id=\"4e4261e\" data-element_type=\"widget\" data-e-type=\"widget\" data-widget_type=\"tbay-heading.default\">\n\t\t\t\t<div class=\"elementor-widget-container\">\n\t\t\t\t\t\r\n<div class=\"widget tbay-element tbay-element-heading\">\r\n\t\t\t\t<h1 class=\"heading-tbay-title widget-title\">\r\n\t\t\t\t\t\t\t\t\t<span class=\"title\">\u0414\u043e\u0441\u0442\u0430\u0432\u043a\u0430<\/span>\r\n\t\t\t\t\t    \t\r\n\t\t\t\t\t\t\t<\/h1>\r\n\t\t<\/div>\t\t\t\t<\/div>\n\t\t\t\t<\/div>\n\t\t\t\t\t<\/div>\n\t\t<\/div>\n\t\t\t\t\t<\/div>\n\t\t<\/section>\n\t\t\t\t<section class=\"elementor-section elementor-top-section elementor-element elementor-element-d12fb76 elementor-section-boxed elementor-section-height-default elementor-section-height-default\" data-id=\"d12fb76\" data-element_type=\"section\" data-e-type=\"section\">\n\t\t\t\t\t\t<div class=\"elementor-container elementor-column-gap-default\">\n\t\t\t\t\t<div class=\"elementor-column elementor-col-100 elementor-top-column elementor-element elementor-element-77a3fbd\" data-id=\"77a3fbd\" data-element_type=\"column\" data-e-type=\"column\">\n\t\t\t<div class=\"elementor-widget-wrap elementor-element-populated\">\n\t\t\t\t\t\t<div class=\"elementor-element elementor-element-bce0e63 elementor-widget elementor-widget-text-editor\" data-id=\"bce0e63\" data-element_type=\"widget\" data-e-type=\"widget\" data-widget_type=\"text-editor.default\">\n\t\t\t\t<div class=\"elementor-widget-container\">\n\t\t\t\t\t\t\t\t\t<p>Meie e-poest tellides on klientidel v\u00f5imalik valida mitmete populaarsete transpordiviiside vahel. Kui allolevatest ei leia sobivat siis v\u00f5ta meiega julgelt \u00fchendust, et saaksime leida teile koos sobivad tarneviisid.<\/p>\n<p> <strong><img decoding=\"async\" class=\"emoji\" role=\"img\" draggable=\"false\" src=\"https:\/\/s.w.org\/images\/core\/emoji\/13.1.0\/svg\/2714.svg\" alt=\"\u2714\ufe0f\"> \u041f\u043e\u0441\u044b\u043b\u043e\u0447\u043d\u044b\u0439 \u0430\u0432\u0442\u043e\u043c\u0430\u0442 DPD: 3 \u0435\u0432\u0440\u043e<br \/><\/strong><em>\u041d\u0430 \u0434\u043e\u0441\u0442\u0430\u0432\u043a\u0443 \u0432\u044b\u043f\u043e\u043b\u043d\u0435\u043d\u043d\u043e\u0433\u043e \u0437\u0430\u043a\u0430\u0437\u0430 \u0432 \u043f\u0443\u043d\u043a\u0442 \u043d\u0430\u0437\u043d\u0430\u0447\u0435\u043d\u0438\u044f \u043f\u043e\u0441\u044b\u043b\u043e\u0447\u043d\u043e\u0433\u043e \u0430\u0432\u0442\u043e\u043c\u0430\u0442\u0430 \u0443\u0445\u043e\u0434\u0438\u0442 \u0434\u043e 1-3 \u0440\u0430\u0431\u043e\u0447\u0438\u0445 \u0434\u043d\u0435\u0439.<br \/><\/em>\u0411\u043e\u043b\u0435\u0435 \u043f\u043e\u0434\u0440\u043e\u0431\u043d\u0443\u044e \u0438\u043d\u0444\u043e\u0440\u043c\u0430\u0446\u0438\u044e \u043e \u043f\u043e\u0441\u044b\u043b\u043e\u0447\u043d\u044b\u0445 \u0430\u0432\u0442\u043e\u043c\u0430\u0442\u0430\u0445 \u0438 \u0438\u0445 \u043c\u0435\u0441\u0442\u043e\u043d\u0430\u0445\u043e\u0436\u0434\u0435\u043d\u0438\u0438 \u0412\u044b \u043c\u043e\u0436\u0435\u0442\u0435 \u043d\u0430\u0439\u0442\u0438 \u043d\u0430 \u0441\u0430\u0439\u0442\u0435 <a href=\"https:\/\/www.dpd.com\/ee\/et\/saadetiste-k-ttesaamine\/pickup-punktid\/\">https:\/\/www.dpd.com\/ee\/et\/saadetiste-k-ttesaamine\/pickup-punktid\/<\/a><em>.<\/em><\/p>\n<p> <strong><img decoding=\"async\" class=\"emoji\" role=\"img\" draggable=\"false\" src=\"https:\/\/s.w.org\/images\/core\/emoji\/13.1.0\/svg\/2714.svg\" alt=\"\u2714\ufe0f\"> \u041f\u043e\u0441\u044b\u043b\u043e\u0447\u043d\u044b\u0439 \u0430\u0432\u0442\u043e\u043c\u0430\u0442 SmartPOST: \u20ac3<br \/><\/strong><em>\u0414\u043e\u0441\u0442\u0430\u0432\u043a\u0430 \u0432\u044b\u043f\u043e\u043b\u043d\u0435\u043d\u043d\u043e\u0433\u043e \u0437\u0430\u043a\u0430\u0437\u0430 \u0432 \u043f\u043e\u0441\u044b\u043b\u043e\u0447\u043d\u044b\u0439 \u0430\u0432\u0442\u043e\u043c\u0430\u0442 \u0432 \u043f\u0443\u043d\u043a\u0442\u0435 \u043d\u0430\u0437\u043d\u0430\u0447\u0435\u043d\u0438\u044f \u0437\u0430\u043d\u0438\u043c\u0430\u0435\u0442 1-3 \u0440\u0430\u0431\u043e\u0447\u0438\u0445 \u0434\u043d\u044f.<br \/><\/em>\u0414\u043e\u043f\u043e\u043b\u043d\u0438\u0442\u0435\u043b\u044c\u043d\u0443\u044e \u0438\u043d\u0444\u043e\u0440\u043c\u0430\u0446\u0438\u044e \u043e \u043f\u043e\u0441\u044b\u043b\u043e\u0447\u043d\u044b\u0445 \u0430\u0432\u0442\u043e\u043c\u0430\u0442\u0430\u0445 \u0438 \u0438\u0445 \u043c\u0435\u0441\u0442\u043e\u043d\u0430\u0445\u043e\u0436\u0434\u0435\u043d\u0438\u0438 \u0441\u043c. \u043d\u0430 \u0441\u0430\u0439\u0442\u0435. <em><a href=\"http:\/\/uus.smartpost.ee\/pakiautomaatide-asukohad\">http:\/\/uus.smartpost.ee\/pakiautomaatide-asukohad<\/a><\/em><\/p>\n<p> <strong><img decoding=\"async\" class=\"emoji\" role=\"img\" draggable=\"false\" src=\"https:\/\/s.w.org\/images\/core\/emoji\/13.1.0\/svg\/2714.svg\" alt=\"\u2714\ufe0f\"> \u041f\u043e\u0441\u044b\u043b\u043e\u0447\u043d\u044b\u0439 \u0430\u0432\u0442\u043e\u043c\u0430\u0442 Omniva: 3\u20ac<br \/><\/strong><em>\u0414\u043b\u044f \u0442\u043e\u0433\u043e \u0447\u0442\u043e\u0431\u044b \u0432\u044b\u043f\u043e\u043b\u043d\u0435\u043d\u043d\u044b\u0439 \u0437\u0430\u043a\u0430\u0437 \u043f\u043e\u0441\u0442\u0443\u043f\u0438\u043b \u0432 \u043f\u043e\u0441\u044b\u043b\u043e\u0447\u043d\u044b\u0439 \u0430\u0432\u0442\u043e\u043c\u0430\u0442 \u0432 \u043f\u0443\u043d\u043a\u0442\u0435 \u043d\u0430\u0437\u043d\u0430\u0447\u0435\u043d\u0438\u044f, \u0442\u0440\u0435\u0431\u0443\u0435\u0442\u0441\u044f \u043e\u0442 1 \u0434\u043e 3 \u0440\u0430\u0431\u043e\u0447\u0438\u0445 \u0434\u043d\u0435\u0439.<\/em><em><br \/><\/em>\u0411\u043e\u043b\u0435\u0435 \u043f\u043e\u0434\u0440\u043e\u0431\u043d\u0443\u044e \u0438\u043d\u0444\u043e\u0440\u043c\u0430\u0446\u0438\u044e \u043e \u043f\u043e\u0441\u044b\u043b\u043e\u0447\u043d\u044b\u0445 \u0430\u0432\u0442\u043e\u043c\u0430\u0442\u0430\u0445 \u0438 \u0438\u0445 \u043c\u0435\u0441\u0442\u043e\u043d\u0430\u0445\u043e\u0436\u0434\u0435\u043d\u0438\u0438 \u0412\u044b \u043c\u043e\u0436\u0435\u0442\u0435 \u043d\u0430\u0439\u0442\u0438 \u043d\u0430 \u0441\u0430\u0439\u0442\u0435 <a href=\"https:\/\/www.omniva.ee\/era\/kaart\/asukohad\">https:\/\/www.omniva.ee\/era\/kaart\/asukohad.<\/a><\/p>\n<p><strong><img decoding=\"async\" class=\"emoji\" role=\"img\" draggable=\"false\" src=\"https:\/\/s.w.org\/images\/core\/emoji\/13.1.0\/svg\/2714.svg\" alt=\"\u2714\ufe0f\"> \u041a\u0443\u0440\u044c\u0435\u0440\u0441\u043a\u0430\u044f \u0434\u043e\u0441\u0442\u0430\u0432\u043a\u0430: 9,99 \u20ac<br \/><\/strong><em>\u0414\u043e\u0441\u0442\u0430\u0432\u043a\u0430 \u043e\u0444\u043e\u0440\u043c\u043b\u0435\u043d\u043d\u043e\u0433\u043e \u0437\u0430\u043a\u0430\u0437\u0430 \u043e\u0441\u0443\u0449\u0435\u0441\u0442\u0432\u043b\u044f\u0435\u0442\u0441\u044f \u0432 \u0442\u0435\u0447\u0435\u043d\u0438\u0435 1\u20133 \u0440\u0430\u0431\u043e\u0447\u0438\u0445 \u0434\u043d\u0435\u0439 \u043f\u043e \u0443\u043a\u0430\u0437\u0430\u043d\u043d\u043e\u043c\u0443 \u043a\u043b\u0438\u0435\u043d\u0442\u043e\u043c \u0430\u0434\u0440\u0435\u0441\u0443. \u0414\u043b\u044f \u0442\u043e\u0432\u0430\u0440\u043e\u0432 \u0432\u0435\u0441\u043e\u043c \u0434\u043e 30 \u043a\u0433<\/em><\/p>\n<p>\u0415\u0441\u043b\u0438 \u0443 \u0432\u0430\u0441 \u0432\u043e\u0437\u043d\u0438\u043a\u043d\u0443\u0442 \u0432\u043e\u043f\u0440\u043e\u0441\u044b, \u0441\u0432\u044f\u0436\u0438\u0442\u0435\u0441\u044c \u0441\u043e \u0441\u043b\u0443\u0436\u0431\u043e\u0439 \u043f\u043e\u0434\u0434\u0435\u0440\u0436\u043a\u0438 \u043f\u043e \u0442\u0435\u043b\u0435\u0444\u043e\u043d\u0443 <strong>+372 5858 5816<\/strong> \u0438\u043b\u0438 \u043d\u0430\u043f\u0438\u0448\u0438\u0442\u0435 \u043d\u0430\u043c \u043d\u0430 \u0430\u0434\u0440\u0435\u0441 <strong>info@gymnagoods.ee.<\/strong><\/p>\n<p>\u0414\u043e\u043f\u043e\u043b\u043d\u0438\u0442\u0435\u043b\u044c\u043d\u0443\u044e \u0438\u043d\u0444\u043e\u0440\u043c\u0430\u0446\u0438\u044e \u0438 \u043a\u043e\u043d\u0442\u0430\u043a\u0442\u044b \u0432\u044b \u043d\u0430\u0439\u0434\u0451\u0442\u0435 <a href=\"https:\/\/gymnagoods.ee\/ru\/%d0%ba%d0%be%d0%bd%d1%82%d0%b0%d0%ba%d1%82\/\">\u0437\u0434\u0435\u0441\u044c!<\/a><\/p>\n\t\t\t\t\t\t\t\t<\/div>\n\t\t\t\t<\/div>\n\t\t\t\t\t<\/div>\n\t\t<\/div>\n\t\t\t\t\t<\/div>\n\t\t<\/section>\n\t\t\t\t<\/div>\n\t\t","protected":false},"excerpt":{"rendered":"<p>\u0414\u043e\u0441\u0442\u0430\u0432\u043a\u0430 Meie e-poest tellides on klientidel v\u00f5imalik valida mitmete populaarsete transpordiviiside vahel. Kui allolevatest ei leia sobivat siis v\u00f5ta meiega julgelt \u00fchendust, et saaksime leida teile koos sobivad tarneviisid. \u041f\u043e\u0441\u044b\u043b\u043e\u0447\u043d\u044b\u0439 \u0430\u0432\u0442\u043e\u043c\u0430\u0442 DPD: 3 \u0435\u0432\u0440\u043e\u041d\u0430 \u0434\u043e\u0441\u0442\u0430\u0432\u043a\u0443 \u0432\u044b\u043f\u043e\u043b\u043d\u0435\u043d\u043d\u043e\u0433\u043e \u0437\u0430\u043a\u0430\u0437\u0430 \u0432 \u043f\u0443\u043d\u043a\u0442 \u043d\u0430\u0437\u043d\u0430\u0447\u0435\u043d\u0438\u044f \u043f\u043e\u0441\u044b\u043b\u043e\u0447\u043d\u043e\u0433\u043e \u0430\u0432\u0442\u043e\u043c\u0430\u0442\u0430 \u0443\u0445\u043e\u0434\u0438\u0442 \u0434\u043e 1-3 \u0440\u0430\u0431\u043e\u0447\u0438\u0445 \u0434\u043d\u0435\u0439.\u0411\u043e\u043b\u0435\u0435 \u043f\u043e\u0434\u0440\u043e\u0431\u043d\u0443\u044e \u0438\u043d\u0444\u043e\u0440\u043c\u0430\u0446\u0438\u044e \u043e \u043f\u043e\u0441\u044b\u043b\u043e\u0447\u043d\u044b\u0445 \u0430\u0432\u0442\u043e\u043c\u0430\u0442\u0430\u0445 \u0438 \u0438\u0445 \u043c\u0435\u0441\u0442\u043e\u043d\u0430\u0445\u043e\u0436\u0434\u0435\u043d\u0438\u0438 &hellip; <a href=\"https:\/\/gymnagoods.ee\/ru\/%d0%b4%d0%be%d1%81%d1%82%d0%b0%d0%b2%d0%ba%d0%b0\/\" class=\"more-link\">Continue reading <span class=\"screen-reader-text\">\u0414\u043e\u0441\u0442\u0430\u0432\u043a\u0430<\/span><\/a><\/p>\n","protected":false},"author":1,"featured_media":0,"parent":0,"menu_order":0,"comment_status":"closed","ping_status":"closed","template":"","meta":{"footnotes":""},"class_list":["post-7652","page","type-page","status-publish","hentry"],"yoast_head":"<!-- This site is optimized with the Yoast SEO plugin v27.4 - https:\/\/yoast.com\/product\/yoast-seo-wordpress\/ -->\n<title>\u0414\u043e\u0441\u0442\u0430\u0432\u043a\u0430 - GymnaGoods<\/title>\n<meta name=\"robots\" content=\"index, follow, max-snippet:-1, max-image-preview:large, max-video-preview:-1\" \/>\n<link rel=\"canonical\" href=\"https:\/\/gymnagoods.ee\/ru\/%d0%b4%d0%be%d1%81%d1%82%d0%b0%d0%b2%d0%ba%d0%b0\/\" \/>\n<meta property=\"og:locale\" content=\"ru_RU\" \/>\n<meta property=\"og:type\" content=\"article\" \/>\n<meta property=\"og:title\" content=\"\u0414\u043e\u0441\u0442\u0430\u0432\u043a\u0430 - GymnaGoods\" \/>\n<meta property=\"og:description\" content=\"\u0414\u043e\u0441\u0442\u0430\u0432\u043a\u0430 Meie e-poest tellides on klientidel v\u00f5imalik valida mitmete populaarsete transpordiviiside vahel. Kui allolevatest ei leia sobivat siis v\u00f5ta meiega julgelt \u00fchendust, et saaksime leida teile koos sobivad tarneviisid. \u041f\u043e\u0441\u044b\u043b\u043e\u0447\u043d\u044b\u0439 \u0430\u0432\u0442\u043e\u043c\u0430\u0442 DPD: 3 \u0435\u0432\u0440\u043e\u041d\u0430 \u0434\u043e\u0441\u0442\u0430\u0432\u043a\u0443 \u0432\u044b\u043f\u043e\u043b\u043d\u0435\u043d\u043d\u043e\u0433\u043e \u0437\u0430\u043a\u0430\u0437\u0430 \u0432 \u043f\u0443\u043d\u043a\u0442 \u043d\u0430\u0437\u043d\u0430\u0447\u0435\u043d\u0438\u044f \u043f\u043e\u0441\u044b\u043b\u043e\u0447\u043d\u043e\u0433\u043e \u0430\u0432\u0442\u043e\u043c\u0430\u0442\u0430 \u0443\u0445\u043e\u0434\u0438\u0442 \u0434\u043e 1-3 \u0440\u0430\u0431\u043e\u0447\u0438\u0445 \u0434\u043d\u0435\u0439.\u0411\u043e\u043b\u0435\u0435 \u043f\u043e\u0434\u0440\u043e\u0431\u043d\u0443\u044e \u0438\u043d\u0444\u043e\u0440\u043c\u0430\u0446\u0438\u044e \u043e \u043f\u043e\u0441\u044b\u043b\u043e\u0447\u043d\u044b\u0445 \u0430\u0432\u0442\u043e\u043c\u0430\u0442\u0430\u0445 \u0438 \u0438\u0445 \u043c\u0435\u0441\u0442\u043e\u043d\u0430\u0445\u043e\u0436\u0434\u0435\u043d\u0438\u0438 &hellip; Continue reading \u0414\u043e\u0441\u0442\u0430\u0432\u043a\u0430\" \/>\n<meta property=\"og:url\" content=\"https:\/\/gymnagoods.ee\/ru\/%d0%b4%d0%be%d1%81%d1%82%d0%b0%d0%b2%d0%ba%d0%b0\/\" \/>\n<meta property=\"og:site_name\" content=\"GymnaGoods\" \/>\n<meta property=\"article:publisher\" content=\"https:\/\/www.facebook.com\/gymnagoods\" \/>\n<meta property=\"article:modified_time\" content=\"2025-04-25T12:15:08+00:00\" \/>\n<meta property=\"og:image\" content=\"https:\/\/s.w.org\/images\/core\/emoji\/13.1.0\/svg\/2714.svg\" \/>\n<meta name=\"twitter:card\" content=\"summary_large_image\" \/>\n<script type=\"application\/ld+json\" class=\"yoast-schema-graph\">{\"@context\":\"https:\\\/\\\/schema.org\",\"@graph\":[{\"@type\":\"WebPage\",\"@id\":\"https:\\\/\\\/gymnagoods.ee\\\/ru\\\/%d0%b4%d0%be%d1%81%d1%82%d0%b0%d0%b2%d0%ba%d0%b0\\\/\",\"url\":\"https:\\\/\\\/gymnagoods.ee\\\/ru\\\/%d0%b4%d0%be%d1%81%d1%82%d0%b0%d0%b2%d0%ba%d0%b0\\\/\",\"name\":\"\u0414\u043e\u0441\u0442\u0430\u0432\u043a\u0430 - GymnaGoods\",\"isPartOf\":{\"@id\":\"https:\\\/\\\/gymnagoods.ee\\\/ru\\\/#website\"},\"primaryImageOfPage\":{\"@id\":\"https:\\\/\\\/gymnagoods.ee\\\/ru\\\/%d0%b4%d0%be%d1%81%d1%82%d0%b0%d0%b2%d0%ba%d0%b0\\\/#primaryimage\"},\"image\":{\"@id\":\"https:\\\/\\\/gymnagoods.ee\\\/ru\\\/%d0%b4%d0%be%d1%81%d1%82%d0%b0%d0%b2%d0%ba%d0%b0\\\/#primaryimage\"},\"thumbnailUrl\":\"https:\\\/\\\/s.w.org\\\/images\\\/core\\\/emoji\\\/13.1.0\\\/svg\\\/2714.svg\",\"datePublished\":\"2023-08-12T13:05:16+00:00\",\"dateModified\":\"2025-04-25T12:15:08+00:00\",\"inLanguage\":\"ru-RU\",\"potentialAction\":[{\"@type\":\"ReadAction\",\"target\":[\"https:\\\/\\\/gymnagoods.ee\\\/ru\\\/%d0%b4%d0%be%d1%81%d1%82%d0%b0%d0%b2%d0%ba%d0%b0\\\/\"]}]},{\"@type\":\"ImageObject\",\"inLanguage\":\"ru-RU\",\"@id\":\"https:\\\/\\\/gymnagoods.ee\\\/ru\\\/%d0%b4%d0%be%d1%81%d1%82%d0%b0%d0%b2%d0%ba%d0%b0\\\/#primaryimage\",\"url\":\"https:\\\/\\\/s.w.org\\\/images\\\/core\\\/emoji\\\/13.1.0\\\/svg\\\/2714.svg\",\"contentUrl\":\"https:\\\/\\\/s.w.org\\\/images\\\/core\\\/emoji\\\/13.1.0\\\/svg\\\/2714.svg\"},{\"@type\":\"WebSite\",\"@id\":\"https:\\\/\\\/gymnagoods.ee\\\/ru\\\/#website\",\"url\":\"https:\\\/\\\/gymnagoods.ee\\\/ru\\\/\",\"name\":\"GymnaGoods\",\"description\":\"iluv&otilde;imlemise tarvikud ja vahendid\",\"publisher\":{\"@id\":\"https:\\\/\\\/gymnagoods.ee\\\/ru\\\/#organization\"},\"potentialAction\":[{\"@type\":\"SearchAction\",\"target\":{\"@type\":\"EntryPoint\",\"urlTemplate\":\"https:\\\/\\\/gymnagoods.ee\\\/ru\\\/?s={search_term_string}\"},\"query-input\":{\"@type\":\"PropertyValueSpecification\",\"valueRequired\":true,\"valueName\":\"search_term_string\"}}],\"inLanguage\":\"ru-RU\"},{\"@type\":\"Organization\",\"@id\":\"https:\\\/\\\/gymnagoods.ee\\\/ru\\\/#organization\",\"name\":\"GymnaGoods\",\"url\":\"https:\\\/\\\/gymnagoods.ee\\\/ru\\\/\",\"logo\":{\"@type\":\"ImageObject\",\"inLanguage\":\"ru-RU\",\"@id\":\"https:\\\/\\\/gymnagoods.ee\\\/ru\\\/#\\\/schema\\\/logo\\\/image\\\/\",\"url\":\"https:\\\/\\\/gymnagoods.ee\\\/wp-content\\\/uploads\\\/2023\\\/08\\\/cropped-favicon_gg.png\",\"contentUrl\":\"https:\\\/\\\/gymnagoods.ee\\\/wp-content\\\/uploads\\\/2023\\\/08\\\/cropped-favicon_gg.png\",\"width\":512,\"height\":512,\"caption\":\"GymnaGoods\"},\"image\":{\"@id\":\"https:\\\/\\\/gymnagoods.ee\\\/ru\\\/#\\\/schema\\\/logo\\\/image\\\/\"},\"sameAs\":[\"https:\\\/\\\/www.facebook.com\\\/gymnagoods\"]}]}<\/script>\n<!-- \/ Yoast SEO plugin. -->","yoast_head_json":{"title":"\u0414\u043e\u0441\u0442\u0430\u0432\u043a\u0430 - GymnaGoods","robots":{"index":"index","follow":"follow","max-snippet":"max-snippet:-1","max-image-preview":"max-image-preview:large","max-video-preview":"max-video-preview:-1"},"canonical":"https:\/\/gymnagoods.ee\/ru\/%d0%b4%d0%be%d1%81%d1%82%d0%b0%d0%b2%d0%ba%d0%b0\/","og_locale":"ru_RU","og_type":"article","og_title":"\u0414\u043e\u0441\u0442\u0430\u0432\u043a\u0430 - GymnaGoods","og_description":"\u0414\u043e\u0441\u0442\u0430\u0432\u043a\u0430 Meie e-poest tellides on klientidel v\u00f5imalik valida mitmete populaarsete transpordiviiside vahel. Kui allolevatest ei leia sobivat siis v\u00f5ta meiega julgelt \u00fchendust, et saaksime leida teile koos sobivad tarneviisid. \u041f\u043e\u0441\u044b\u043b\u043e\u0447\u043d\u044b\u0439 \u0430\u0432\u0442\u043e\u043c\u0430\u0442 DPD: 3 \u0435\u0432\u0440\u043e\u041d\u0430 \u0434\u043e\u0441\u0442\u0430\u0432\u043a\u0443 \u0432\u044b\u043f\u043e\u043b\u043d\u0435\u043d\u043d\u043e\u0433\u043e \u0437\u0430\u043a\u0430\u0437\u0430 \u0432 \u043f\u0443\u043d\u043a\u0442 \u043d\u0430\u0437\u043d\u0430\u0447\u0435\u043d\u0438\u044f \u043f\u043e\u0441\u044b\u043b\u043e\u0447\u043d\u043e\u0433\u043e \u0430\u0432\u0442\u043e\u043c\u0430\u0442\u0430 \u0443\u0445\u043e\u0434\u0438\u0442 \u0434\u043e 1-3 \u0440\u0430\u0431\u043e\u0447\u0438\u0445 \u0434\u043d\u0435\u0439.\u0411\u043e\u043b\u0435\u0435 \u043f\u043e\u0434\u0440\u043e\u0431\u043d\u0443\u044e \u0438\u043d\u0444\u043e\u0440\u043c\u0430\u0446\u0438\u044e \u043e \u043f\u043e\u0441\u044b\u043b\u043e\u0447\u043d\u044b\u0445 \u0430\u0432\u0442\u043e\u043c\u0430\u0442\u0430\u0445 \u0438 \u0438\u0445 \u043c\u0435\u0441\u0442\u043e\u043d\u0430\u0445\u043e\u0436\u0434\u0435\u043d\u0438\u0438 &hellip; Continue reading \u0414\u043e\u0441\u0442\u0430\u0432\u043a\u0430","og_url":"https:\/\/gymnagoods.ee\/ru\/%d0%b4%d0%be%d1%81%d1%82%d0%b0%d0%b2%d0%ba%d0%b0\/","og_site_name":"GymnaGoods","article_publisher":"https:\/\/www.facebook.com\/gymnagoods","article_modified_time":"2025-04-25T12:15:08+00:00","og_image":[{"url":"https:\/\/s.w.org\/images\/core\/emoji\/13.1.0\/svg\/2714.svg","type":"","width":"","height":""}],"twitter_card":"summary_large_image","schema":{"@context":"https:\/\/schema.org","@graph":[{"@type":"WebPage","@id":"https:\/\/gymnagoods.ee\/ru\/%d0%b4%d0%be%d1%81%d1%82%d0%b0%d0%b2%d0%ba%d0%b0\/","url":"https:\/\/gymnagoods.ee\/ru\/%d0%b4%d0%be%d1%81%d1%82%d0%b0%d0%b2%d0%ba%d0%b0\/","name":"\u0414\u043e\u0441\u0442\u0430\u0432\u043a\u0430 - GymnaGoods","isPartOf":{"@id":"https:\/\/gymnagoods.ee\/ru\/#website"},"primaryImageOfPage":{"@id":"https:\/\/gymnagoods.ee\/ru\/%d0%b4%d0%be%d1%81%d1%82%d0%b0%d0%b2%d0%ba%d0%b0\/#primaryimage"},"image":{"@id":"https:\/\/gymnagoods.ee\/ru\/%d0%b4%d0%be%d1%81%d1%82%d0%b0%d0%b2%d0%ba%d0%b0\/#primaryimage"},"thumbnailUrl":"https:\/\/s.w.org\/images\/core\/emoji\/13.1.0\/svg\/2714.svg","datePublished":"2023-08-12T13:05:16+00:00","dateModified":"2025-04-25T12:15:08+00:00","inLanguage":"ru-RU","potentialAction":[{"@type":"ReadAction","target":["https:\/\/gymnagoods.ee\/ru\/%d0%b4%d0%be%d1%81%d1%82%d0%b0%d0%b2%d0%ba%d0%b0\/"]}]},{"@type":"ImageObject","inLanguage":"ru-RU","@id":"https:\/\/gymnagoods.ee\/ru\/%d0%b4%d0%be%d1%81%d1%82%d0%b0%d0%b2%d0%ba%d0%b0\/#primaryimage","url":"https:\/\/s.w.org\/images\/core\/emoji\/13.1.0\/svg\/2714.svg","contentUrl":"https:\/\/s.w.org\/images\/core\/emoji\/13.1.0\/svg\/2714.svg"},{"@type":"WebSite","@id":"https:\/\/gymnagoods.ee\/ru\/#website","url":"https:\/\/gymnagoods.ee\/ru\/","name":"GymnaGoods","description":"iluv&otilde;imlemise tarvikud ja vahendid","publisher":{"@id":"https:\/\/gymnagoods.ee\/ru\/#organization"},"potentialAction":[{"@type":"SearchAction","target":{"@type":"EntryPoint","urlTemplate":"https:\/\/gymnagoods.ee\/ru\/?s={search_term_string}"},"query-input":{"@type":"PropertyValueSpecification","valueRequired":true,"valueName":"search_term_string"}}],"inLanguage":"ru-RU"},{"@type":"Organization","@id":"https:\/\/gymnagoods.ee\/ru\/#organization","name":"GymnaGoods","url":"https:\/\/gymnagoods.ee\/ru\/","logo":{"@type":"ImageObject","inLanguage":"ru-RU","@id":"https:\/\/gymnagoods.ee\/ru\/#\/schema\/logo\/image\/","url":"https:\/\/gymnagoods.ee\/wp-content\/uploads\/2023\/08\/cropped-favicon_gg.png","contentUrl":"https:\/\/gymnagoods.ee\/wp-content\/uploads\/2023\/08\/cropped-favicon_gg.png","width":512,"height":512,"caption":"GymnaGoods"},"image":{"@id":"https:\/\/gymnagoods.ee\/ru\/#\/schema\/logo\/image\/"},"sameAs":["https:\/\/www.facebook.com\/gymnagoods"]}]}},"jetpack_sharing_enabled":true,"_links":{"self":[{"href":"https:\/\/gymnagoods.ee\/ru\/wp-json\/wp\/v2\/pages\/7652","targetHints":{"allow":["GET"]}}],"collection":[{"href":"https:\/\/gymnagoods.ee\/ru\/wp-json\/wp\/v2\/pages"}],"about":[{"href":"https:\/\/gymnagoods.ee\/ru\/wp-json\/wp\/v2\/types\/page"}],"author":[{"embeddable":true,"href":"https:\/\/gymnagoods.ee\/ru\/wp-json\/wp\/v2\/users\/1"}],"replies":[{"embeddable":true,"href":"https:\/\/gymnagoods.ee\/ru\/wp-json\/wp\/v2\/comments?post=7652"}],"version-history":[{"count":2,"href":"https:\/\/gymnagoods.ee\/ru\/wp-json\/wp\/v2\/pages\/7652\/revisions"}],"predecessor-version":[{"id":10954,"href":"https:\/\/gymnagoods.ee\/ru\/wp-json\/wp\/v2\/pages\/7652\/revisions\/10954"}],"wp:attachment":[{"href":"https:\/\/gymnagoods.ee\/ru\/wp-json\/wp\/v2\/media?parent=7652"}],"curies":[{"name":"wp","href":"https:\/\/api.w.org\/{rel}","templated":true}]}}