{"id":10858,"date":"2023-08-17T22:56:50","date_gmt":"2023-08-17T19:56:50","guid":{"rendered":"https:\/\/gymnagoods.ee\/pastorelli-vimlemispall-new-generation-18-cm\/"},"modified":"2025-04-23T19:53:48","modified_gmt":"2025-04-23T17:53:48","slug":"pastorelli-vimlemispall-new-generation-18-cm","status":"publish","type":"product","link":"https:\/\/gymnagoods.ee\/en\/pastorelli-vimlemispall-new-generation-18-cm\/","title":{"rendered":"Pastorelli Gymnastics Ball New Generation 18 cm"},"content":{"rendered":"<p class=\"\" data-start=\"0\" data-end=\"18\"><strong data-start=\"0\" data-end=\"18\">Main Features:<\/strong><\/p>\n<ul data-start=\"20\" data-end=\"320\">\n<li class=\"\" data-start=\"20\" data-end=\"37\">\n<p class=\"\" data-start=\"22\" data-end=\"37\">Diameter: 18 cm<\/p>\n<\/li>\n<li class=\"\" data-start=\"38\" data-end=\"60\">\n<p class=\"\" data-start=\"40\" data-end=\"60\">Weight: 400 to 430 g<\/p>\n<\/li>\n<li class=\"\" data-start=\"61\" data-end=\"133\">\n<p class=\"\" data-start=\"63\" data-end=\"133\">Unique separate internal air chamber design for consistent performance<\/p>\n<\/li>\n<li class=\"\" data-start=\"134\" data-end=\"184\">\n<p class=\"\" data-start=\"136\" data-end=\"184\">Exceptional high-grip surface for better control<\/p>\n<\/li>\n<li class=\"\" data-start=\"185\" data-end=\"217\">\n<p class=\"\" data-start=\"187\" data-end=\"217\">Made from latex-free materials<\/p>\n<\/li>\n<li class=\"\" data-start=\"218\" data-end=\"265\">\n<p class=\"\" data-start=\"220\" data-end=\"265\">Provides controlled bounce with minimal force<\/p>\n<\/li>\n<li class=\"\" data-start=\"266\" data-end=\"320\">\n<p class=\"\" data-start=\"268\" data-end=\"320\">Maintains flawless shape during throwing and rolling<\/p>\n<\/li>\n<\/ul>\n<p class=\"\" data-start=\"322\" data-end=\"342\"><strong data-start=\"322\" data-end=\"342\">Recommendations:<\/strong><\/p>\n<ul data-start=\"344\" data-end=\"723\" data-is-last-node=\"\" data-is-only-node=\"\">\n<li class=\"\" data-start=\"344\" data-end=\"404\">\n<p class=\"\" data-start=\"346\" data-end=\"404\">Store the Pastorelli ball in a ball holder after each use.<\/p>\n<\/li>\n<li class=\"\" data-start=\"405\" data-end=\"497\">\n<p class=\"\" data-start=\"407\" data-end=\"497\">Avoid using on rubber or linoleum surfaces to preserve technical and aesthetic properties.<\/p>\n<\/li>\n<li class=\"\" data-start=\"498\" data-end=\"574\">\n<p class=\"\" data-start=\"500\" data-end=\"574\">Apply oil to the needle before re-inflating to prevent valve displacement.<\/p>\n<\/li>\n<li class=\"\" data-start=\"575\" data-end=\"723\">\n<p class=\"\" data-start=\"577\" data-end=\"723\">Note that the ball&#8217;s construction may have a slight seam where the two halves join \u2014 this is not a defect but a part of the manufacturing process.<\/p>\n<\/li>\n<\/ul>\n","protected":false},"excerpt":{"rendered":"<article class=\"text-token-text-primary w-full\" dir=\"auto\" data-testid=\"conversation-turn-312\" data-scroll-anchor=\"true\">\n<div class=\"text-base my-auto mx-auto py-5 [--thread-content-margin:--spacing(4)] @[37rem]:[--thread-content-margin:--spacing(6)] @[70rem]:[--thread-content-margin:--spacing(12)] px-(--thread-content-margin)\">\n<div class=\"[--thread-content-max-width:32rem] @[34rem]:[--thread-content-max-width:40rem] @[64rem]:[--thread-content-max-width:48rem] mx-auto flex max-w-(--thread-content-max-width) flex-1 text-base gap-4 md:gap-5 lg:gap-6 group\/turn-messages focus-visible:outline-hidden\" tabindex=\"-1\">\n<div class=\"group\/conversation-turn relative flex w-full min-w-0 flex-col agent-turn\">\n<div class=\"relative flex-col gap-1 md:gap-3\">\n<div class=\"flex max-w-full flex-col grow\">\n<div class=\"min-h-8 text-message relative flex w-full flex-col items-end gap-2 text-start break-words whitespace-normal [.text-message+&amp;]:mt-5\" dir=\"auto\" data-message-author-role=\"assistant\" data-message-id=\"3f5607e9-8196-4f91-8e9c-1237df410071\" data-message-model-slug=\"gpt-4o-mini\">\n<div class=\"flex w-full flex-col gap-1 empty:hidden first:pt-[3px]\">\n<div class=\"markdown prose dark:prose-invert w-full break-words light\">\n<p class=\"\" data-start=\"0\" data-end=\"288\">Discover the latest update in rhythmic gymnastics equipment with our Pastorelli New Generation Gymnastics Ball, featuring an 18 cm diameter. Made from high-quality soft PVC, this ball offers the perfect balance between grip and bounce, allowing you to execute precise movements with ease.<\/p>\n<p class=\"\" data-start=\"290\" data-end=\"543\">Designed specifically for training and rhythmic gymnastics competitions on FIG-approved mats, this ball ensures optimal performance and durability. Please avoid over-inflating the ball beyond the recommended pressure to maintain its designed properties.<\/p>\n<p class=\"\" data-start=\"545\" data-end=\"796\">Take your rhythmic gymnastics routine to the next level with the Pastorelli New Generation Gymnastics Ball 18 cm, crafted to elevate your performance with unprecedented precision and style. Experience the future of rhythmic gymnastics equipment today.<\/p>\n<\/div>\n<\/div>\n<\/div>\n<\/div>\n<\/div>\n<\/div>\n<\/div>\n<\/div>\n<\/article>\n","protected":false},"featured_media":10859,"comment_status":"closed","ping_status":"closed","template":"","meta":[],"product_brand":[],"product_cat":[515],"product_tag":[520],"class_list":{"0":"post-10858","1":"product","2":"type-product","3":"status-publish","4":"has-post-thumbnail","6":"product_cat-balls","7":"product_tag-fig-certified","8":"pa_diameter-18-cm-en","9":"pa_varv-bright-pink","10":"pa_varv-crimson","11":"pa_varv-light-blue","12":"pa_varv-red","13":"pa_varv-yellow-fluo","16":"instock","17":"taxable","18":"shipping-taxable","19":"purchasable","20":"product-type-variable","21":"wvs-archive-product-wrapper"},"supplier_id":null,"supplier_sku":"","barcode":null,"atum_controlled":true,"out_stock_date":null,"out_stock_threshold":null,"inheritable":true,"inbound_stock":0,"stock_on_hold":0,"sold_today":0,"sales_last_days":0,"reserved_stock":0,"customer_returns":0,"warehouse_damage":0,"lost_in_post":0,"other_logs":0,"out_stock_days":0,"lost_sales":0,"has_location":false,"update_date":"2026-04-20T01:11:39","atum_locations":[],"atum_stock_status":"instock","restock_status":false,"low_stock_amount":"","sales_update_date":"2026-04-20T01:11:39","calc_backorders":null,"yoast_head":"<!-- This site is optimized with the Yoast SEO plugin v27.4 - https:\/\/yoast.com\/product\/yoast-seo-wordpress\/ -->\n<title>Pastorelli Gymnastics Ball New Generation 18 cm - GymnaGoods<\/title>\n<meta name=\"description\" content=\"Avasta viimast uuendust r\u00fctmilise v\u00f5imlemise varustuses meie Pastorelli V\u00f5imlemispalliga New Generation, mille l\u00e4bim\u00f5\u00f5t on 18 cm. Valmistatud kvaliteetsest pehmest PVC-st, pakub see pall t\u00e4iuslikku tasakaalu haarduvuse ja p\u00f5rke vahel, v\u00f5imaldades sul teha t\u00e4pseid liigutusi lihtsusega.\" \/>\n<meta name=\"robots\" content=\"index, follow, max-snippet:-1, max-image-preview:large, max-video-preview:-1\" \/>\n<link rel=\"canonical\" href=\"https:\/\/gymnagoods.ee\/en\/pastorelli-vimlemispall-new-generation-18-cm\/\" \/>\n<meta property=\"og:locale\" content=\"en_US\" \/>\n<meta property=\"og:type\" content=\"article\" \/>\n<meta property=\"og:title\" content=\"Pastorelli Gymnastics Ball New Generation 18 cm - GymnaGoods\" \/>\n<meta property=\"og:description\" content=\"Avasta viimast uuendust r\u00fctmilise v\u00f5imlemise varustuses meie Pastorelli V\u00f5imlemispalliga New Generation, mille l\u00e4bim\u00f5\u00f5t on 18 cm. Valmistatud kvaliteetsest pehmest PVC-st, pakub see pall t\u00e4iuslikku tasakaalu haarduvuse ja p\u00f5rke vahel, v\u00f5imaldades sul teha t\u00e4pseid liigutusi lihtsusega.\" \/>\n<meta property=\"og:url\" content=\"https:\/\/gymnagoods.ee\/en\/pastorelli-vimlemispall-new-generation-18-cm\/\" \/>\n<meta property=\"og:site_name\" content=\"GymnaGoods\" \/>\n<meta property=\"article:publisher\" content=\"https:\/\/www.facebook.com\/gymnagoods\" \/>\n<meta property=\"article:modified_time\" content=\"2025-04-23T17:53:48+00:00\" \/>\n<meta property=\"og:image\" content=\"https:\/\/gymnagoods.ee\/wp-content\/uploads\/2023\/08\/03910.jpg\" \/>\n\t<meta property=\"og:image:width\" content=\"1200\" \/>\n\t<meta property=\"og:image:height\" content=\"1200\" \/>\n\t<meta property=\"og:image:type\" content=\"image\/jpeg\" \/>\n<meta name=\"twitter:card\" content=\"summary_large_image\" \/>\n<script type=\"application\/ld+json\" class=\"yoast-schema-graph\">{\"@context\":\"https:\\\/\\\/schema.org\",\"@graph\":[{\"@type\":\"WebPage\",\"@id\":\"https:\\\/\\\/gymnagoods.ee\\\/en\\\/pastorelli-vimlemispall-new-generation-18-cm\\\/\",\"url\":\"https:\\\/\\\/gymnagoods.ee\\\/en\\\/pastorelli-vimlemispall-new-generation-18-cm\\\/\",\"name\":\"Pastorelli Gymnastics Ball New Generation 18 cm - GymnaGoods\",\"isPartOf\":{\"@id\":\"https:\\\/\\\/gymnagoods.ee\\\/en\\\/#website\"},\"primaryImageOfPage\":{\"@id\":\"https:\\\/\\\/gymnagoods.ee\\\/en\\\/pastorelli-vimlemispall-new-generation-18-cm\\\/#primaryimage\"},\"image\":{\"@id\":\"https:\\\/\\\/gymnagoods.ee\\\/en\\\/pastorelli-vimlemispall-new-generation-18-cm\\\/#primaryimage\"},\"thumbnailUrl\":\"https:\\\/\\\/gymnagoods.ee\\\/wp-content\\\/uploads\\\/2023\\\/08\\\/03910.jpg\",\"datePublished\":\"2023-08-17T19:56:50+00:00\",\"dateModified\":\"2025-04-23T17:53:48+00:00\",\"description\":\"Avasta viimast uuendust r\u00fctmilise v\u00f5imlemise varustuses meie Pastorelli V\u00f5imlemispalliga New Generation, mille l\u00e4bim\u00f5\u00f5t on 18 cm. Valmistatud kvaliteetsest pehmest PVC-st, pakub see pall t\u00e4iuslikku tasakaalu haarduvuse ja p\u00f5rke vahel, v\u00f5imaldades sul teha t\u00e4pseid liigutusi lihtsusega.\",\"breadcrumb\":{\"@id\":\"https:\\\/\\\/gymnagoods.ee\\\/en\\\/pastorelli-vimlemispall-new-generation-18-cm\\\/#breadcrumb\"},\"inLanguage\":\"en-US\",\"potentialAction\":[{\"@type\":\"ReadAction\",\"target\":[\"https:\\\/\\\/gymnagoods.ee\\\/en\\\/pastorelli-vimlemispall-new-generation-18-cm\\\/\"]}]},{\"@type\":\"ImageObject\",\"inLanguage\":\"en-US\",\"@id\":\"https:\\\/\\\/gymnagoods.ee\\\/en\\\/pastorelli-vimlemispall-new-generation-18-cm\\\/#primaryimage\",\"url\":\"https:\\\/\\\/gymnagoods.ee\\\/wp-content\\\/uploads\\\/2023\\\/08\\\/03910.jpg\",\"contentUrl\":\"https:\\\/\\\/gymnagoods.ee\\\/wp-content\\\/uploads\\\/2023\\\/08\\\/03910.jpg\",\"width\":1200,\"height\":1200},{\"@type\":\"BreadcrumbList\",\"@id\":\"https:\\\/\\\/gymnagoods.ee\\\/en\\\/pastorelli-vimlemispall-new-generation-18-cm\\\/#breadcrumb\",\"itemListElement\":[{\"@type\":\"ListItem\",\"position\":1,\"name\":\"Shop\",\"item\":\"https:\\\/\\\/gymnagoods.ee\\\/en\\\/shop\\\/\"},{\"@type\":\"ListItem\",\"position\":2,\"name\":\"Pastorelli Gymnastics Ball New Generation 18 cm\"}]},{\"@type\":\"WebSite\",\"@id\":\"https:\\\/\\\/gymnagoods.ee\\\/en\\\/#website\",\"url\":\"https:\\\/\\\/gymnagoods.ee\\\/en\\\/\",\"name\":\"GymnaGoods\",\"description\":\"iluv\u00f5imlemise tarvikud ja vahendid\",\"publisher\":{\"@id\":\"https:\\\/\\\/gymnagoods.ee\\\/en\\\/#organization\"},\"potentialAction\":[{\"@type\":\"SearchAction\",\"target\":{\"@type\":\"EntryPoint\",\"urlTemplate\":\"https:\\\/\\\/gymnagoods.ee\\\/en\\\/?s={search_term_string}\"},\"query-input\":{\"@type\":\"PropertyValueSpecification\",\"valueRequired\":true,\"valueName\":\"search_term_string\"}}],\"inLanguage\":\"en-US\"},{\"@type\":\"Organization\",\"@id\":\"https:\\\/\\\/gymnagoods.ee\\\/en\\\/#organization\",\"name\":\"GymnaGoods\",\"url\":\"https:\\\/\\\/gymnagoods.ee\\\/en\\\/\",\"logo\":{\"@type\":\"ImageObject\",\"inLanguage\":\"en-US\",\"@id\":\"https:\\\/\\\/gymnagoods.ee\\\/en\\\/#\\\/schema\\\/logo\\\/image\\\/\",\"url\":\"https:\\\/\\\/gymnagoods.ee\\\/wp-content\\\/uploads\\\/2023\\\/08\\\/cropped-favicon_gg.png\",\"contentUrl\":\"https:\\\/\\\/gymnagoods.ee\\\/wp-content\\\/uploads\\\/2023\\\/08\\\/cropped-favicon_gg.png\",\"width\":512,\"height\":512,\"caption\":\"GymnaGoods\"},\"image\":{\"@id\":\"https:\\\/\\\/gymnagoods.ee\\\/en\\\/#\\\/schema\\\/logo\\\/image\\\/\"},\"sameAs\":[\"https:\\\/\\\/www.facebook.com\\\/gymnagoods\"]}]}<\/script>\n<!-- \/ Yoast SEO plugin. -->","yoast_head_json":{"title":"Pastorelli Gymnastics Ball New Generation 18 cm - GymnaGoods","description":"Avasta viimast uuendust r\u00fctmilise v\u00f5imlemise varustuses meie Pastorelli V\u00f5imlemispalliga New Generation, mille l\u00e4bim\u00f5\u00f5t on 18 cm. Valmistatud kvaliteetsest pehmest PVC-st, pakub see pall t\u00e4iuslikku tasakaalu haarduvuse ja p\u00f5rke vahel, v\u00f5imaldades sul teha t\u00e4pseid liigutusi lihtsusega.","robots":{"index":"index","follow":"follow","max-snippet":"max-snippet:-1","max-image-preview":"max-image-preview:large","max-video-preview":"max-video-preview:-1"},"canonical":"https:\/\/gymnagoods.ee\/en\/pastorelli-vimlemispall-new-generation-18-cm\/","og_locale":"en_US","og_type":"article","og_title":"Pastorelli Gymnastics Ball New Generation 18 cm - GymnaGoods","og_description":"Avasta viimast uuendust r\u00fctmilise v\u00f5imlemise varustuses meie Pastorelli V\u00f5imlemispalliga New Generation, mille l\u00e4bim\u00f5\u00f5t on 18 cm. Valmistatud kvaliteetsest pehmest PVC-st, pakub see pall t\u00e4iuslikku tasakaalu haarduvuse ja p\u00f5rke vahel, v\u00f5imaldades sul teha t\u00e4pseid liigutusi lihtsusega.","og_url":"https:\/\/gymnagoods.ee\/en\/pastorelli-vimlemispall-new-generation-18-cm\/","og_site_name":"GymnaGoods","article_publisher":"https:\/\/www.facebook.com\/gymnagoods","article_modified_time":"2025-04-23T17:53:48+00:00","og_image":[{"width":1200,"height":1200,"url":"https:\/\/gymnagoods.ee\/wp-content\/uploads\/2023\/08\/03910.jpg","type":"image\/jpeg"}],"twitter_card":"summary_large_image","schema":{"@context":"https:\/\/schema.org","@graph":[{"@type":"WebPage","@id":"https:\/\/gymnagoods.ee\/en\/pastorelli-vimlemispall-new-generation-18-cm\/","url":"https:\/\/gymnagoods.ee\/en\/pastorelli-vimlemispall-new-generation-18-cm\/","name":"Pastorelli Gymnastics Ball New Generation 18 cm - GymnaGoods","isPartOf":{"@id":"https:\/\/gymnagoods.ee\/en\/#website"},"primaryImageOfPage":{"@id":"https:\/\/gymnagoods.ee\/en\/pastorelli-vimlemispall-new-generation-18-cm\/#primaryimage"},"image":{"@id":"https:\/\/gymnagoods.ee\/en\/pastorelli-vimlemispall-new-generation-18-cm\/#primaryimage"},"thumbnailUrl":"https:\/\/gymnagoods.ee\/wp-content\/uploads\/2023\/08\/03910.jpg","datePublished":"2023-08-17T19:56:50+00:00","dateModified":"2025-04-23T17:53:48+00:00","description":"Avasta viimast uuendust r\u00fctmilise v\u00f5imlemise varustuses meie Pastorelli V\u00f5imlemispalliga New Generation, mille l\u00e4bim\u00f5\u00f5t on 18 cm. Valmistatud kvaliteetsest pehmest PVC-st, pakub see pall t\u00e4iuslikku tasakaalu haarduvuse ja p\u00f5rke vahel, v\u00f5imaldades sul teha t\u00e4pseid liigutusi lihtsusega.","breadcrumb":{"@id":"https:\/\/gymnagoods.ee\/en\/pastorelli-vimlemispall-new-generation-18-cm\/#breadcrumb"},"inLanguage":"en-US","potentialAction":[{"@type":"ReadAction","target":["https:\/\/gymnagoods.ee\/en\/pastorelli-vimlemispall-new-generation-18-cm\/"]}]},{"@type":"ImageObject","inLanguage":"en-US","@id":"https:\/\/gymnagoods.ee\/en\/pastorelli-vimlemispall-new-generation-18-cm\/#primaryimage","url":"https:\/\/gymnagoods.ee\/wp-content\/uploads\/2023\/08\/03910.jpg","contentUrl":"https:\/\/gymnagoods.ee\/wp-content\/uploads\/2023\/08\/03910.jpg","width":1200,"height":1200},{"@type":"BreadcrumbList","@id":"https:\/\/gymnagoods.ee\/en\/pastorelli-vimlemispall-new-generation-18-cm\/#breadcrumb","itemListElement":[{"@type":"ListItem","position":1,"name":"Shop","item":"https:\/\/gymnagoods.ee\/en\/shop\/"},{"@type":"ListItem","position":2,"name":"Pastorelli Gymnastics Ball New Generation 18 cm"}]},{"@type":"WebSite","@id":"https:\/\/gymnagoods.ee\/en\/#website","url":"https:\/\/gymnagoods.ee\/en\/","name":"GymnaGoods","description":"iluv\u00f5imlemise tarvikud ja vahendid","publisher":{"@id":"https:\/\/gymnagoods.ee\/en\/#organization"},"potentialAction":[{"@type":"SearchAction","target":{"@type":"EntryPoint","urlTemplate":"https:\/\/gymnagoods.ee\/en\/?s={search_term_string}"},"query-input":{"@type":"PropertyValueSpecification","valueRequired":true,"valueName":"search_term_string"}}],"inLanguage":"en-US"},{"@type":"Organization","@id":"https:\/\/gymnagoods.ee\/en\/#organization","name":"GymnaGoods","url":"https:\/\/gymnagoods.ee\/en\/","logo":{"@type":"ImageObject","inLanguage":"en-US","@id":"https:\/\/gymnagoods.ee\/en\/#\/schema\/logo\/image\/","url":"https:\/\/gymnagoods.ee\/wp-content\/uploads\/2023\/08\/cropped-favicon_gg.png","contentUrl":"https:\/\/gymnagoods.ee\/wp-content\/uploads\/2023\/08\/cropped-favicon_gg.png","width":512,"height":512,"caption":"GymnaGoods"},"image":{"@id":"https:\/\/gymnagoods.ee\/en\/#\/schema\/logo\/image\/"},"sameAs":["https:\/\/www.facebook.com\/gymnagoods"]}]}},"jetpack_sharing_enabled":true,"_links":{"self":[{"href":"https:\/\/gymnagoods.ee\/en\/wp-json\/wp\/v2\/product\/10858","targetHints":{"allow":["GET"]}}],"collection":[{"href":"https:\/\/gymnagoods.ee\/en\/wp-json\/wp\/v2\/product"}],"about":[{"href":"https:\/\/gymnagoods.ee\/en\/wp-json\/wp\/v2\/types\/product"}],"replies":[{"embeddable":true,"href":"https:\/\/gymnagoods.ee\/en\/wp-json\/wp\/v2\/comments?post=10858"}],"wp:featuredmedia":[{"embeddable":true,"href":"https:\/\/gymnagoods.ee\/en\/wp-json\/wp\/v2\/media\/10859"}],"wp:attachment":[{"href":"https:\/\/gymnagoods.ee\/en\/wp-json\/wp\/v2\/media?parent=10858"}],"wp:term":[{"taxonomy":"product_brand","embeddable":true,"href":"https:\/\/gymnagoods.ee\/en\/wp-json\/wp\/v2\/product_brand?post=10858"},{"taxonomy":"product_cat","embeddable":true,"href":"https:\/\/gymnagoods.ee\/en\/wp-json\/wp\/v2\/product_cat?post=10858"},{"taxonomy":"product_tag","embeddable":true,"href":"https:\/\/gymnagoods.ee\/en\/wp-json\/wp\/v2\/product_tag?post=10858"}],"curies":[{"name":"wp","href":"https:\/\/api.w.org\/{rel}","templated":true}]}}