{"id":10751,"date":"2023-09-04T19:33:02","date_gmt":"2023-09-04T16:33:02","guid":{"rendered":"https:\/\/gymnagoods.ee\/pastorelli-lindikerija\/"},"modified":"2025-04-22T19:19:23","modified_gmt":"2025-04-22T17:19:23","slug":"pastorelli-lindikerija","status":"publish","type":"product","link":"https:\/\/gymnagoods.ee\/en\/pastorelli-lindikerija\/","title":{"rendered":"Pastorelli Ribbon Holder"},"content":{"rendered":"<article class=\"text-token-text-primary w-full\" dir=\"auto\" data-testid=\"conversation-turn-222\" data-scroll-anchor=\"true\">\n<div class=\"text-base my-auto mx-auto py-5 [--thread-content-margin:--spacing(4)] @[37rem]:[--thread-content-margin:--spacing(6)] @[70rem]:[--thread-content-margin:--spacing(12)] px-(--thread-content-margin)\">\n<div class=\"[--thread-content-max-width:32rem] @[34rem]:[--thread-content-max-width:40rem] @[64rem]:[--thread-content-max-width:48rem] mx-auto flex max-w-(--thread-content-max-width) flex-1 text-base gap-4 md:gap-5 lg:gap-6 group\/turn-messages focus-visible:outline-hidden\" tabindex=\"-1\">\n<div class=\"group\/conversation-turn relative flex w-full min-w-0 flex-col agent-turn\">\n<div class=\"relative flex-col gap-1 md:gap-3\">\n<div class=\"flex max-w-full flex-col grow\">\n<div class=\"min-h-8 text-message relative flex w-full flex-col items-end gap-2 text-start break-words whitespace-normal [.text-message+&amp;]:mt-5\" dir=\"auto\" data-message-author-role=\"assistant\" data-message-id=\"365828d3-63f1-41de-9f8f-d3fe8de4a219\" data-message-model-slug=\"gpt-4o-mini\">\n<div class=\"flex w-full flex-col gap-1 empty:hidden first:pt-[3px]\">\n<div class=\"markdown prose dark:prose-invert w-full break-words light\">\n<p class=\"\" data-start=\"0\" data-end=\"33\"><strong data-start=\"0\" data-end=\"33\">Purpose of the Ribbon Winder:<\/strong><\/p>\n<p class=\"\" data-start=\"35\" data-end=\"211\">The ribbon winder helps to prevent the ribbon from wrinkling and getting tangled. It also reduces the risk of the ribbon getting dirty or fraying when stored inside the winder.<\/p>\n<p class=\"\" data-start=\"213\" data-end=\"238\"><strong data-start=\"213\" data-end=\"238\">Instructions for Use:<\/strong><\/p>\n<p class=\"\" data-start=\"240\" data-end=\"342\">The ribbon winder is easy and convenient to use, making the process of rolling the ribbon much faster.<\/p>\n<ol data-start=\"344\" data-end=\"884\">\n<li class=\"\" data-start=\"344\" data-end=\"430\">\n<p class=\"\" data-start=\"347\" data-end=\"430\"><strong data-start=\"347\" data-end=\"368\">Insert the Ribbon<\/strong>: The ribbon can be inserted into the winder from either side.<\/p>\n<\/li>\n<li class=\"\" data-start=\"431\" data-end=\"521\">\n<p class=\"\" data-start=\"434\" data-end=\"521\"><strong data-start=\"434\" data-end=\"459\">Open the Sliding Slot<\/strong>: Open the sliding slot on the cylindrical part of the winder.<\/p>\n<\/li>\n<li class=\"\" data-start=\"522\" data-end=\"654\">\n<p class=\"\" data-start=\"525\" data-end=\"654\"><strong data-start=\"525\" data-end=\"545\">Place the Ribbon<\/strong>: Press the button at the end of the winder, insert the ribbon into the central slot, and release the button.<\/p>\n<\/li>\n<li class=\"\" data-start=\"655\" data-end=\"777\">\n<p class=\"\" data-start=\"658\" data-end=\"777\"><strong data-start=\"658\" data-end=\"677\">Wind the Ribbon<\/strong>: Place your fingers in the designated area and turn the winder clockwise to roll the ribbon neatly.<\/p>\n<\/li>\n<li class=\"\" data-start=\"778\" data-end=\"884\">\n<p class=\"\" data-start=\"781\" data-end=\"884\"><strong data-start=\"781\" data-end=\"809\">Close the Slot and Store<\/strong>: Close the sliding slot and place the wound ribbon in the bag for storage.<\/p>\n<\/li>\n<\/ol>\n<p class=\"\" data-start=\"886\" data-end=\"974\">This tool ensures the ribbon stays in excellent condition and ready for use when needed.<\/p>\n<\/div>\n<\/div>\n<\/div>\n<\/div>\n<div class=\"flex justify-start\">\n<div class=\"touch:-me-2 touch:-ms-3.5 -ms-2.5 -me-1 flex items-center p-1 select-none -mt-1 duration-[1.5s] focus-within:transition-none hover:transition-none pointer-events-none [mask-image:linear-gradient(to_right,black_33%,transparent_66%)] [mask-position:100%_0%] [mask-size:300%_100%] motion-safe:transition-[mask-position] group-hover\/turn-messages:pointer-events-auto group-hover\/turn-messages:[mask-position:0_0] group-focus-within\/turn-messages:pointer-events-auto group-focus-within\/turn-messages:[mask-position:0_0] has-data-[state=open]:pointer-events-auto has-data-[state=open]:[mask-position:0_0]\"><\/div>\n<\/div>\n<\/div>\n<div class=\"absolute\">\n<div class=\"flex items-center justify-center\"><\/div>\n<\/div>\n<\/div>\n<\/div>\n<\/div>\n<\/article>\n<div class=\"pointer-events-none h-px w-px\" aria-hidden=\"true\" data-edge=\"true\"><\/div>\n","protected":false},"excerpt":{"rendered":"<p class=\"\" data-start=\"0\" data-end=\"225\"><strong data-start=\"0\" data-end=\"225\">Carrying the ribbon is very difficult while maintaining its proper appearance. The long ribbon is thin and easily gets tangled. To solve this problem, especially before an important start, a ribbon winder is very helpful.<\/strong><\/p>\n<p class=\"\" data-start=\"227\" data-end=\"428\">One of the most convenient ribbon winders is from the Italian manufacturer Pastorelli. One part secures the end of the ribbon, making it very easy to use and suitable for storing ribbons of any length.<\/p>\n","protected":false},"featured_media":10752,"comment_status":"closed","ping_status":"closed","template":"","meta":[],"product_brand":[],"product_cat":[484,512],"product_tag":[],"class_list":{"0":"post-10751","1":"product","2":"type-product","3":"status-publish","4":"has-post-thumbnail","6":"product_cat-accessories","7":"product_cat-ribbons","10":"instock","11":"taxable","12":"shipping-taxable","13":"purchasable","14":"product-type-simple"},"supplier_id":null,"supplier_sku":"","barcode":null,"atum_controlled":true,"out_stock_date":null,"out_stock_threshold":null,"inheritable":false,"inbound_stock":0,"stock_on_hold":0,"sold_today":0,"sales_last_days":0,"reserved_stock":0,"customer_returns":0,"warehouse_damage":0,"lost_in_post":0,"other_logs":0,"out_stock_days":0,"lost_sales":0,"has_location":false,"update_date":"2026-04-20T01:11:17","atum_locations":[],"atum_stock_status":"instock","restock_status":false,"low_stock_amount":"","sales_update_date":"2026-04-20T01:11:17","calc_backorders":null,"yoast_head":"<!-- This site is optimized with the Yoast SEO plugin v27.4 - https:\/\/yoast.com\/product\/yoast-seo-wordpress\/ -->\n<title>Pastorelli Ribbon Holder - GymnaGoods<\/title>\n<meta name=\"description\" content=\"Lindi on v\u00e4ga raske kaasas kanda, s\u00e4ilitades samas oma korraliku v\u00e4limuse. Suure pikkusega lint on \u00f5huke ja kergesti kinni kiiluv. Selle probleemi lahendamiseks, eriti enne t\u00e4htsat algust, aitab lindikerija.\" \/>\n<meta name=\"robots\" content=\"index, follow, max-snippet:-1, max-image-preview:large, max-video-preview:-1\" \/>\n<link rel=\"canonical\" href=\"https:\/\/gymnagoods.ee\/en\/pastorelli-lindikerija\/\" \/>\n<meta property=\"og:locale\" content=\"en_US\" \/>\n<meta property=\"og:type\" content=\"article\" \/>\n<meta property=\"og:title\" content=\"Pastorelli Ribbon Holder - GymnaGoods\" \/>\n<meta property=\"og:description\" content=\"Lindi on v\u00e4ga raske kaasas kanda, s\u00e4ilitades samas oma korraliku v\u00e4limuse. Suure pikkusega lint on \u00f5huke ja kergesti kinni kiiluv. Selle probleemi lahendamiseks, eriti enne t\u00e4htsat algust, aitab lindikerija.\" \/>\n<meta property=\"og:url\" content=\"https:\/\/gymnagoods.ee\/en\/pastorelli-lindikerija\/\" \/>\n<meta property=\"og:site_name\" content=\"GymnaGoods\" \/>\n<meta property=\"article:publisher\" content=\"https:\/\/www.facebook.com\/gymnagoods\" \/>\n<meta property=\"article:modified_time\" content=\"2025-04-22T17:19:23+00:00\" \/>\n<meta property=\"og:image\" content=\"https:\/\/gymnagoods.ee\/wp-content\/uploads\/2023\/09\/02924-utilizzo.jpg\" \/>\n\t<meta property=\"og:image:width\" content=\"1200\" \/>\n\t<meta property=\"og:image:height\" content=\"1200\" \/>\n\t<meta property=\"og:image:type\" content=\"image\/jpeg\" \/>\n<meta name=\"twitter:card\" content=\"summary_large_image\" \/>\n<script type=\"application\/ld+json\" class=\"yoast-schema-graph\">{\"@context\":\"https:\\\/\\\/schema.org\",\"@graph\":[{\"@type\":\"WebPage\",\"@id\":\"https:\\\/\\\/gymnagoods.ee\\\/en\\\/pastorelli-lindikerija\\\/\",\"url\":\"https:\\\/\\\/gymnagoods.ee\\\/en\\\/pastorelli-lindikerija\\\/\",\"name\":\"Pastorelli Ribbon Holder - GymnaGoods\",\"isPartOf\":{\"@id\":\"https:\\\/\\\/gymnagoods.ee\\\/en\\\/#website\"},\"primaryImageOfPage\":{\"@id\":\"https:\\\/\\\/gymnagoods.ee\\\/en\\\/pastorelli-lindikerija\\\/#primaryimage\"},\"image\":{\"@id\":\"https:\\\/\\\/gymnagoods.ee\\\/en\\\/pastorelli-lindikerija\\\/#primaryimage\"},\"thumbnailUrl\":\"https:\\\/\\\/gymnagoods.ee\\\/wp-content\\\/uploads\\\/2023\\\/09\\\/02924-utilizzo.jpg\",\"datePublished\":\"2023-09-04T16:33:02+00:00\",\"dateModified\":\"2025-04-22T17:19:23+00:00\",\"description\":\"Lindi on v\u00e4ga raske kaasas kanda, s\u00e4ilitades samas oma korraliku v\u00e4limuse. Suure pikkusega lint on \u00f5huke ja kergesti kinni kiiluv. Selle probleemi lahendamiseks, eriti enne t\u00e4htsat algust, aitab lindikerija.\",\"breadcrumb\":{\"@id\":\"https:\\\/\\\/gymnagoods.ee\\\/en\\\/pastorelli-lindikerija\\\/#breadcrumb\"},\"inLanguage\":\"en-US\",\"potentialAction\":[{\"@type\":\"ReadAction\",\"target\":[\"https:\\\/\\\/gymnagoods.ee\\\/en\\\/pastorelli-lindikerija\\\/\"]}]},{\"@type\":\"ImageObject\",\"inLanguage\":\"en-US\",\"@id\":\"https:\\\/\\\/gymnagoods.ee\\\/en\\\/pastorelli-lindikerija\\\/#primaryimage\",\"url\":\"https:\\\/\\\/gymnagoods.ee\\\/wp-content\\\/uploads\\\/2023\\\/09\\\/02924-utilizzo.jpg\",\"contentUrl\":\"https:\\\/\\\/gymnagoods.ee\\\/wp-content\\\/uploads\\\/2023\\\/09\\\/02924-utilizzo.jpg\",\"width\":1200,\"height\":1200},{\"@type\":\"BreadcrumbList\",\"@id\":\"https:\\\/\\\/gymnagoods.ee\\\/en\\\/pastorelli-lindikerija\\\/#breadcrumb\",\"itemListElement\":[{\"@type\":\"ListItem\",\"position\":1,\"name\":\"Shop\",\"item\":\"https:\\\/\\\/gymnagoods.ee\\\/en\\\/shop\\\/\"},{\"@type\":\"ListItem\",\"position\":2,\"name\":\"Pastorelli Ribbon Holder\"}]},{\"@type\":\"WebSite\",\"@id\":\"https:\\\/\\\/gymnagoods.ee\\\/en\\\/#website\",\"url\":\"https:\\\/\\\/gymnagoods.ee\\\/en\\\/\",\"name\":\"GymnaGoods\",\"description\":\"iluv\u00f5imlemise tarvikud ja vahendid\",\"publisher\":{\"@id\":\"https:\\\/\\\/gymnagoods.ee\\\/en\\\/#organization\"},\"potentialAction\":[{\"@type\":\"SearchAction\",\"target\":{\"@type\":\"EntryPoint\",\"urlTemplate\":\"https:\\\/\\\/gymnagoods.ee\\\/en\\\/?s={search_term_string}\"},\"query-input\":{\"@type\":\"PropertyValueSpecification\",\"valueRequired\":true,\"valueName\":\"search_term_string\"}}],\"inLanguage\":\"en-US\"},{\"@type\":\"Organization\",\"@id\":\"https:\\\/\\\/gymnagoods.ee\\\/en\\\/#organization\",\"name\":\"GymnaGoods\",\"url\":\"https:\\\/\\\/gymnagoods.ee\\\/en\\\/\",\"logo\":{\"@type\":\"ImageObject\",\"inLanguage\":\"en-US\",\"@id\":\"https:\\\/\\\/gymnagoods.ee\\\/en\\\/#\\\/schema\\\/logo\\\/image\\\/\",\"url\":\"https:\\\/\\\/gymnagoods.ee\\\/wp-content\\\/uploads\\\/2023\\\/08\\\/cropped-favicon_gg.png\",\"contentUrl\":\"https:\\\/\\\/gymnagoods.ee\\\/wp-content\\\/uploads\\\/2023\\\/08\\\/cropped-favicon_gg.png\",\"width\":512,\"height\":512,\"caption\":\"GymnaGoods\"},\"image\":{\"@id\":\"https:\\\/\\\/gymnagoods.ee\\\/en\\\/#\\\/schema\\\/logo\\\/image\\\/\"},\"sameAs\":[\"https:\\\/\\\/www.facebook.com\\\/gymnagoods\"]}]}<\/script>\n<!-- \/ Yoast SEO plugin. -->","yoast_head_json":{"title":"Pastorelli Ribbon Holder - GymnaGoods","description":"Lindi on v\u00e4ga raske kaasas kanda, s\u00e4ilitades samas oma korraliku v\u00e4limuse. Suure pikkusega lint on \u00f5huke ja kergesti kinni kiiluv. Selle probleemi lahendamiseks, eriti enne t\u00e4htsat algust, aitab lindikerija.","robots":{"index":"index","follow":"follow","max-snippet":"max-snippet:-1","max-image-preview":"max-image-preview:large","max-video-preview":"max-video-preview:-1"},"canonical":"https:\/\/gymnagoods.ee\/en\/pastorelli-lindikerija\/","og_locale":"en_US","og_type":"article","og_title":"Pastorelli Ribbon Holder - GymnaGoods","og_description":"Lindi on v\u00e4ga raske kaasas kanda, s\u00e4ilitades samas oma korraliku v\u00e4limuse. Suure pikkusega lint on \u00f5huke ja kergesti kinni kiiluv. Selle probleemi lahendamiseks, eriti enne t\u00e4htsat algust, aitab lindikerija.","og_url":"https:\/\/gymnagoods.ee\/en\/pastorelli-lindikerija\/","og_site_name":"GymnaGoods","article_publisher":"https:\/\/www.facebook.com\/gymnagoods","article_modified_time":"2025-04-22T17:19:23+00:00","og_image":[{"width":1200,"height":1200,"url":"https:\/\/gymnagoods.ee\/wp-content\/uploads\/2023\/09\/02924-utilizzo.jpg","type":"image\/jpeg"}],"twitter_card":"summary_large_image","schema":{"@context":"https:\/\/schema.org","@graph":[{"@type":"WebPage","@id":"https:\/\/gymnagoods.ee\/en\/pastorelli-lindikerija\/","url":"https:\/\/gymnagoods.ee\/en\/pastorelli-lindikerija\/","name":"Pastorelli Ribbon Holder - GymnaGoods","isPartOf":{"@id":"https:\/\/gymnagoods.ee\/en\/#website"},"primaryImageOfPage":{"@id":"https:\/\/gymnagoods.ee\/en\/pastorelli-lindikerija\/#primaryimage"},"image":{"@id":"https:\/\/gymnagoods.ee\/en\/pastorelli-lindikerija\/#primaryimage"},"thumbnailUrl":"https:\/\/gymnagoods.ee\/wp-content\/uploads\/2023\/09\/02924-utilizzo.jpg","datePublished":"2023-09-04T16:33:02+00:00","dateModified":"2025-04-22T17:19:23+00:00","description":"Lindi on v\u00e4ga raske kaasas kanda, s\u00e4ilitades samas oma korraliku v\u00e4limuse. Suure pikkusega lint on \u00f5huke ja kergesti kinni kiiluv. Selle probleemi lahendamiseks, eriti enne t\u00e4htsat algust, aitab lindikerija.","breadcrumb":{"@id":"https:\/\/gymnagoods.ee\/en\/pastorelli-lindikerija\/#breadcrumb"},"inLanguage":"en-US","potentialAction":[{"@type":"ReadAction","target":["https:\/\/gymnagoods.ee\/en\/pastorelli-lindikerija\/"]}]},{"@type":"ImageObject","inLanguage":"en-US","@id":"https:\/\/gymnagoods.ee\/en\/pastorelli-lindikerija\/#primaryimage","url":"https:\/\/gymnagoods.ee\/wp-content\/uploads\/2023\/09\/02924-utilizzo.jpg","contentUrl":"https:\/\/gymnagoods.ee\/wp-content\/uploads\/2023\/09\/02924-utilizzo.jpg","width":1200,"height":1200},{"@type":"BreadcrumbList","@id":"https:\/\/gymnagoods.ee\/en\/pastorelli-lindikerija\/#breadcrumb","itemListElement":[{"@type":"ListItem","position":1,"name":"Shop","item":"https:\/\/gymnagoods.ee\/en\/shop\/"},{"@type":"ListItem","position":2,"name":"Pastorelli Ribbon Holder"}]},{"@type":"WebSite","@id":"https:\/\/gymnagoods.ee\/en\/#website","url":"https:\/\/gymnagoods.ee\/en\/","name":"GymnaGoods","description":"iluv\u00f5imlemise tarvikud ja vahendid","publisher":{"@id":"https:\/\/gymnagoods.ee\/en\/#organization"},"potentialAction":[{"@type":"SearchAction","target":{"@type":"EntryPoint","urlTemplate":"https:\/\/gymnagoods.ee\/en\/?s={search_term_string}"},"query-input":{"@type":"PropertyValueSpecification","valueRequired":true,"valueName":"search_term_string"}}],"inLanguage":"en-US"},{"@type":"Organization","@id":"https:\/\/gymnagoods.ee\/en\/#organization","name":"GymnaGoods","url":"https:\/\/gymnagoods.ee\/en\/","logo":{"@type":"ImageObject","inLanguage":"en-US","@id":"https:\/\/gymnagoods.ee\/en\/#\/schema\/logo\/image\/","url":"https:\/\/gymnagoods.ee\/wp-content\/uploads\/2023\/08\/cropped-favicon_gg.png","contentUrl":"https:\/\/gymnagoods.ee\/wp-content\/uploads\/2023\/08\/cropped-favicon_gg.png","width":512,"height":512,"caption":"GymnaGoods"},"image":{"@id":"https:\/\/gymnagoods.ee\/en\/#\/schema\/logo\/image\/"},"sameAs":["https:\/\/www.facebook.com\/gymnagoods"]}]}},"jetpack_sharing_enabled":true,"_links":{"self":[{"href":"https:\/\/gymnagoods.ee\/en\/wp-json\/wp\/v2\/product\/10751","targetHints":{"allow":["GET"]}}],"collection":[{"href":"https:\/\/gymnagoods.ee\/en\/wp-json\/wp\/v2\/product"}],"about":[{"href":"https:\/\/gymnagoods.ee\/en\/wp-json\/wp\/v2\/types\/product"}],"replies":[{"embeddable":true,"href":"https:\/\/gymnagoods.ee\/en\/wp-json\/wp\/v2\/comments?post=10751"}],"wp:featuredmedia":[{"embeddable":true,"href":"https:\/\/gymnagoods.ee\/en\/wp-json\/wp\/v2\/media\/10752"}],"wp:attachment":[{"href":"https:\/\/gymnagoods.ee\/en\/wp-json\/wp\/v2\/media?parent=10751"}],"wp:term":[{"taxonomy":"product_brand","embeddable":true,"href":"https:\/\/gymnagoods.ee\/en\/wp-json\/wp\/v2\/product_brand?post=10751"},{"taxonomy":"product_cat","embeddable":true,"href":"https:\/\/gymnagoods.ee\/en\/wp-json\/wp\/v2\/product_cat?post=10751"},{"taxonomy":"product_tag","embeddable":true,"href":"https:\/\/gymnagoods.ee\/en\/wp-json\/wp\/v2\/product_tag?post=10751"}],"curies":[{"name":"wp","href":"https:\/\/api.w.org\/{rel}","templated":true}]}}