{"id":10743,"date":"2023-09-08T18:17:43","date_gmt":"2023-09-08T15:17:43","guid":{"rendered":"https:\/\/gymnagoods.ee\/pastorelli-lindi-ja-lindikepi-kott\/"},"modified":"2025-04-22T19:20:24","modified_gmt":"2025-04-22T17:20:24","slug":"pastorelli-lindi-ja-lindikepi-kott","status":"publish","type":"product","link":"https:\/\/gymnagoods.ee\/en\/pastorelli-lindi-ja-lindikepi-kott\/","title":{"rendered":"Pastorelli Ribbon and Stick Bag"},"content":{"rendered":"<p>This bag is designed for convenient storage and transportation of both ribbons and ribbon sticks. It provides protection to keep your equipment safe and organized, preventing tangling and damage. Ideal for rhythmic gymnastics enthusiasts, this bag ensures you can easily carry your gear to and from training or competitions<\/p>\n","protected":false},"excerpt":{"rendered":"<p>A waterproof bag designed for storing both ribbons and ribbon sticks. It features a pocket for holding the ribbon or ribbon winder. The ribbon stick can be left attached to the ribbon for convenience. Ideal for keeping your equipment organized and protected during transport.<\/p>\n","protected":false},"featured_media":10744,"comment_status":"closed","ping_status":"closed","template":"","meta":[],"product_brand":[],"product_cat":[503,505],"product_tag":[],"class_list":{"0":"post-10743","1":"product","2":"type-product","3":"status-publish","4":"has-post-thumbnail","6":"product_cat-holders","7":"product_cat-ribbon-stick-holder","8":"pa_varv-black","9":"pa_varv-bright-pink","10":"pa_varv-purple","13":"instock","14":"taxable","15":"shipping-taxable","16":"purchasable","17":"product-type-variable","18":"wvs-archive-product-wrapper"},"supplier_id":null,"supplier_sku":"","barcode":null,"atum_controlled":true,"out_stock_date":null,"out_stock_threshold":null,"inheritable":true,"inbound_stock":0,"stock_on_hold":0,"sold_today":0,"sales_last_days":0,"reserved_stock":0,"customer_returns":0,"warehouse_damage":0,"lost_in_post":0,"other_logs":0,"out_stock_days":0,"lost_sales":0,"has_location":false,"update_date":"2026-04-20T01:11:38","atum_locations":[],"atum_stock_status":"instock","restock_status":false,"low_stock_amount":"","sales_update_date":"2026-04-20T01:11:38","calc_backorders":null,"yoast_head":"<!-- This site is optimized with the Yoast SEO plugin v27.4 - https:\/\/yoast.com\/product\/yoast-seo-wordpress\/ -->\n<title>Pastorelli Ribbon and Stick Bag - GymnaGoods<\/title>\n<meta name=\"description\" content=\"Pastorelli kott lindi ja lindikepi jaoks veekindlast kangast.Seal on tasku lindi v\u00f5i lindikerija hoidmiseks. Lindikepi v\u00f5ib j\u00e4tta lindi k\u00fclge kinnitatuks.\" \/>\n<meta name=\"robots\" content=\"index, follow, max-snippet:-1, max-image-preview:large, max-video-preview:-1\" \/>\n<link rel=\"canonical\" href=\"https:\/\/gymnagoods.ee\/en\/pastorelli-lindi-ja-lindikepi-kott\/\" \/>\n<meta property=\"og:locale\" content=\"en_US\" \/>\n<meta property=\"og:type\" content=\"article\" \/>\n<meta property=\"og:title\" content=\"Pastorelli Ribbon and Stick Bag - GymnaGoods\" \/>\n<meta property=\"og:description\" content=\"Pastorelli kott lindi ja lindikepi jaoks veekindlast kangast.Seal on tasku lindi v\u00f5i lindikerija hoidmiseks. Lindikepi v\u00f5ib j\u00e4tta lindi k\u00fclge kinnitatuks.\" \/>\n<meta property=\"og:url\" content=\"https:\/\/gymnagoods.ee\/en\/pastorelli-lindi-ja-lindikepi-kott\/\" \/>\n<meta property=\"og:site_name\" content=\"GymnaGoods\" \/>\n<meta property=\"article:publisher\" content=\"https:\/\/www.facebook.com\/gymnagoods\" \/>\n<meta property=\"article:modified_time\" content=\"2025-04-22T17:20:24+00:00\" \/>\n<meta property=\"og:image\" content=\"https:\/\/gymnagoods.ee\/wp-content\/uploads\/2023\/09\/03188.jpg\" \/>\n\t<meta property=\"og:image:width\" content=\"1200\" \/>\n\t<meta property=\"og:image:height\" content=\"1200\" \/>\n\t<meta property=\"og:image:type\" content=\"image\/jpeg\" \/>\n<meta name=\"twitter:card\" content=\"summary_large_image\" \/>\n<script type=\"application\/ld+json\" class=\"yoast-schema-graph\">{\"@context\":\"https:\\\/\\\/schema.org\",\"@graph\":[{\"@type\":\"WebPage\",\"@id\":\"https:\\\/\\\/gymnagoods.ee\\\/en\\\/pastorelli-lindi-ja-lindikepi-kott\\\/\",\"url\":\"https:\\\/\\\/gymnagoods.ee\\\/en\\\/pastorelli-lindi-ja-lindikepi-kott\\\/\",\"name\":\"Pastorelli Ribbon and Stick Bag - GymnaGoods\",\"isPartOf\":{\"@id\":\"https:\\\/\\\/gymnagoods.ee\\\/en\\\/#website\"},\"primaryImageOfPage\":{\"@id\":\"https:\\\/\\\/gymnagoods.ee\\\/en\\\/pastorelli-lindi-ja-lindikepi-kott\\\/#primaryimage\"},\"image\":{\"@id\":\"https:\\\/\\\/gymnagoods.ee\\\/en\\\/pastorelli-lindi-ja-lindikepi-kott\\\/#primaryimage\"},\"thumbnailUrl\":\"https:\\\/\\\/gymnagoods.ee\\\/wp-content\\\/uploads\\\/2023\\\/09\\\/03188.jpg\",\"datePublished\":\"2023-09-08T15:17:43+00:00\",\"dateModified\":\"2025-04-22T17:20:24+00:00\",\"description\":\"Pastorelli kott lindi ja lindikepi jaoks veekindlast kangast.Seal on tasku lindi v\u00f5i lindikerija hoidmiseks. Lindikepi v\u00f5ib j\u00e4tta lindi k\u00fclge kinnitatuks.\",\"breadcrumb\":{\"@id\":\"https:\\\/\\\/gymnagoods.ee\\\/en\\\/pastorelli-lindi-ja-lindikepi-kott\\\/#breadcrumb\"},\"inLanguage\":\"en-US\",\"potentialAction\":[{\"@type\":\"ReadAction\",\"target\":[\"https:\\\/\\\/gymnagoods.ee\\\/en\\\/pastorelli-lindi-ja-lindikepi-kott\\\/\"]}]},{\"@type\":\"ImageObject\",\"inLanguage\":\"en-US\",\"@id\":\"https:\\\/\\\/gymnagoods.ee\\\/en\\\/pastorelli-lindi-ja-lindikepi-kott\\\/#primaryimage\",\"url\":\"https:\\\/\\\/gymnagoods.ee\\\/wp-content\\\/uploads\\\/2023\\\/09\\\/03188.jpg\",\"contentUrl\":\"https:\\\/\\\/gymnagoods.ee\\\/wp-content\\\/uploads\\\/2023\\\/09\\\/03188.jpg\",\"width\":1200,\"height\":1200},{\"@type\":\"BreadcrumbList\",\"@id\":\"https:\\\/\\\/gymnagoods.ee\\\/en\\\/pastorelli-lindi-ja-lindikepi-kott\\\/#breadcrumb\",\"itemListElement\":[{\"@type\":\"ListItem\",\"position\":1,\"name\":\"Shop\",\"item\":\"https:\\\/\\\/gymnagoods.ee\\\/en\\\/shop\\\/\"},{\"@type\":\"ListItem\",\"position\":2,\"name\":\"Pastorelli Ribbon and Stick Bag\"}]},{\"@type\":\"WebSite\",\"@id\":\"https:\\\/\\\/gymnagoods.ee\\\/en\\\/#website\",\"url\":\"https:\\\/\\\/gymnagoods.ee\\\/en\\\/\",\"name\":\"GymnaGoods\",\"description\":\"iluv\u00f5imlemise tarvikud ja vahendid\",\"publisher\":{\"@id\":\"https:\\\/\\\/gymnagoods.ee\\\/en\\\/#organization\"},\"potentialAction\":[{\"@type\":\"SearchAction\",\"target\":{\"@type\":\"EntryPoint\",\"urlTemplate\":\"https:\\\/\\\/gymnagoods.ee\\\/en\\\/?s={search_term_string}\"},\"query-input\":{\"@type\":\"PropertyValueSpecification\",\"valueRequired\":true,\"valueName\":\"search_term_string\"}}],\"inLanguage\":\"en-US\"},{\"@type\":\"Organization\",\"@id\":\"https:\\\/\\\/gymnagoods.ee\\\/en\\\/#organization\",\"name\":\"GymnaGoods\",\"url\":\"https:\\\/\\\/gymnagoods.ee\\\/en\\\/\",\"logo\":{\"@type\":\"ImageObject\",\"inLanguage\":\"en-US\",\"@id\":\"https:\\\/\\\/gymnagoods.ee\\\/en\\\/#\\\/schema\\\/logo\\\/image\\\/\",\"url\":\"https:\\\/\\\/gymnagoods.ee\\\/wp-content\\\/uploads\\\/2023\\\/08\\\/cropped-favicon_gg.png\",\"contentUrl\":\"https:\\\/\\\/gymnagoods.ee\\\/wp-content\\\/uploads\\\/2023\\\/08\\\/cropped-favicon_gg.png\",\"width\":512,\"height\":512,\"caption\":\"GymnaGoods\"},\"image\":{\"@id\":\"https:\\\/\\\/gymnagoods.ee\\\/en\\\/#\\\/schema\\\/logo\\\/image\\\/\"},\"sameAs\":[\"https:\\\/\\\/www.facebook.com\\\/gymnagoods\"]}]}<\/script>\n<!-- \/ Yoast SEO plugin. -->","yoast_head_json":{"title":"Pastorelli Ribbon and Stick Bag - GymnaGoods","description":"Pastorelli kott lindi ja lindikepi jaoks veekindlast kangast.Seal on tasku lindi v\u00f5i lindikerija hoidmiseks. Lindikepi v\u00f5ib j\u00e4tta lindi k\u00fclge kinnitatuks.","robots":{"index":"index","follow":"follow","max-snippet":"max-snippet:-1","max-image-preview":"max-image-preview:large","max-video-preview":"max-video-preview:-1"},"canonical":"https:\/\/gymnagoods.ee\/en\/pastorelli-lindi-ja-lindikepi-kott\/","og_locale":"en_US","og_type":"article","og_title":"Pastorelli Ribbon and Stick Bag - GymnaGoods","og_description":"Pastorelli kott lindi ja lindikepi jaoks veekindlast kangast.Seal on tasku lindi v\u00f5i lindikerija hoidmiseks. Lindikepi v\u00f5ib j\u00e4tta lindi k\u00fclge kinnitatuks.","og_url":"https:\/\/gymnagoods.ee\/en\/pastorelli-lindi-ja-lindikepi-kott\/","og_site_name":"GymnaGoods","article_publisher":"https:\/\/www.facebook.com\/gymnagoods","article_modified_time":"2025-04-22T17:20:24+00:00","og_image":[{"width":1200,"height":1200,"url":"https:\/\/gymnagoods.ee\/wp-content\/uploads\/2023\/09\/03188.jpg","type":"image\/jpeg"}],"twitter_card":"summary_large_image","schema":{"@context":"https:\/\/schema.org","@graph":[{"@type":"WebPage","@id":"https:\/\/gymnagoods.ee\/en\/pastorelli-lindi-ja-lindikepi-kott\/","url":"https:\/\/gymnagoods.ee\/en\/pastorelli-lindi-ja-lindikepi-kott\/","name":"Pastorelli Ribbon and Stick Bag - GymnaGoods","isPartOf":{"@id":"https:\/\/gymnagoods.ee\/en\/#website"},"primaryImageOfPage":{"@id":"https:\/\/gymnagoods.ee\/en\/pastorelli-lindi-ja-lindikepi-kott\/#primaryimage"},"image":{"@id":"https:\/\/gymnagoods.ee\/en\/pastorelli-lindi-ja-lindikepi-kott\/#primaryimage"},"thumbnailUrl":"https:\/\/gymnagoods.ee\/wp-content\/uploads\/2023\/09\/03188.jpg","datePublished":"2023-09-08T15:17:43+00:00","dateModified":"2025-04-22T17:20:24+00:00","description":"Pastorelli kott lindi ja lindikepi jaoks veekindlast kangast.Seal on tasku lindi v\u00f5i lindikerija hoidmiseks. Lindikepi v\u00f5ib j\u00e4tta lindi k\u00fclge kinnitatuks.","breadcrumb":{"@id":"https:\/\/gymnagoods.ee\/en\/pastorelli-lindi-ja-lindikepi-kott\/#breadcrumb"},"inLanguage":"en-US","potentialAction":[{"@type":"ReadAction","target":["https:\/\/gymnagoods.ee\/en\/pastorelli-lindi-ja-lindikepi-kott\/"]}]},{"@type":"ImageObject","inLanguage":"en-US","@id":"https:\/\/gymnagoods.ee\/en\/pastorelli-lindi-ja-lindikepi-kott\/#primaryimage","url":"https:\/\/gymnagoods.ee\/wp-content\/uploads\/2023\/09\/03188.jpg","contentUrl":"https:\/\/gymnagoods.ee\/wp-content\/uploads\/2023\/09\/03188.jpg","width":1200,"height":1200},{"@type":"BreadcrumbList","@id":"https:\/\/gymnagoods.ee\/en\/pastorelli-lindi-ja-lindikepi-kott\/#breadcrumb","itemListElement":[{"@type":"ListItem","position":1,"name":"Shop","item":"https:\/\/gymnagoods.ee\/en\/shop\/"},{"@type":"ListItem","position":2,"name":"Pastorelli Ribbon and Stick Bag"}]},{"@type":"WebSite","@id":"https:\/\/gymnagoods.ee\/en\/#website","url":"https:\/\/gymnagoods.ee\/en\/","name":"GymnaGoods","description":"iluv\u00f5imlemise tarvikud ja vahendid","publisher":{"@id":"https:\/\/gymnagoods.ee\/en\/#organization"},"potentialAction":[{"@type":"SearchAction","target":{"@type":"EntryPoint","urlTemplate":"https:\/\/gymnagoods.ee\/en\/?s={search_term_string}"},"query-input":{"@type":"PropertyValueSpecification","valueRequired":true,"valueName":"search_term_string"}}],"inLanguage":"en-US"},{"@type":"Organization","@id":"https:\/\/gymnagoods.ee\/en\/#organization","name":"GymnaGoods","url":"https:\/\/gymnagoods.ee\/en\/","logo":{"@type":"ImageObject","inLanguage":"en-US","@id":"https:\/\/gymnagoods.ee\/en\/#\/schema\/logo\/image\/","url":"https:\/\/gymnagoods.ee\/wp-content\/uploads\/2023\/08\/cropped-favicon_gg.png","contentUrl":"https:\/\/gymnagoods.ee\/wp-content\/uploads\/2023\/08\/cropped-favicon_gg.png","width":512,"height":512,"caption":"GymnaGoods"},"image":{"@id":"https:\/\/gymnagoods.ee\/en\/#\/schema\/logo\/image\/"},"sameAs":["https:\/\/www.facebook.com\/gymnagoods"]}]}},"jetpack_sharing_enabled":true,"_links":{"self":[{"href":"https:\/\/gymnagoods.ee\/en\/wp-json\/wp\/v2\/product\/10743","targetHints":{"allow":["GET"]}}],"collection":[{"href":"https:\/\/gymnagoods.ee\/en\/wp-json\/wp\/v2\/product"}],"about":[{"href":"https:\/\/gymnagoods.ee\/en\/wp-json\/wp\/v2\/types\/product"}],"replies":[{"embeddable":true,"href":"https:\/\/gymnagoods.ee\/en\/wp-json\/wp\/v2\/comments?post=10743"}],"wp:featuredmedia":[{"embeddable":true,"href":"https:\/\/gymnagoods.ee\/en\/wp-json\/wp\/v2\/media\/10744"}],"wp:attachment":[{"href":"https:\/\/gymnagoods.ee\/en\/wp-json\/wp\/v2\/media?parent=10743"}],"wp:term":[{"taxonomy":"product_brand","embeddable":true,"href":"https:\/\/gymnagoods.ee\/en\/wp-json\/wp\/v2\/product_brand?post=10743"},{"taxonomy":"product_cat","embeddable":true,"href":"https:\/\/gymnagoods.ee\/en\/wp-json\/wp\/v2\/product_cat?post=10743"},{"taxonomy":"product_tag","embeddable":true,"href":"https:\/\/gymnagoods.ee\/en\/wp-json\/wp\/v2\/product_tag?post=10743"}],"curies":[{"name":"wp","href":"https:\/\/api.w.org\/{rel}","templated":true}]}}