{"id":10602,"date":"2023-09-11T22:22:04","date_gmt":"2023-09-11T19:22:04","guid":{"rendered":"https:\/\/gymnagoods.ee\/pastorelli-alcantara-rio-poolsussid\/"},"modified":"2025-04-21T20:02:52","modified_gmt":"2025-04-21T18:02:52","slug":"pastorelli-alcantara-rio-poolsussid","status":"publish","type":"product","link":"https:\/\/gymnagoods.ee\/en\/pastorelli-alcantara-rio-poolsussid\/","title":{"rendered":"Pastorelli Alcantara Rio Half Shoes"},"content":{"rendered":"<p>Professional Pastorelli half shoes made of high-quality Alcantara fabric, designed for rhythmic gymnastics. These shoes provide a perfect fit, comfort, and support during training and competitions.<\/p>\n","protected":false},"excerpt":{"rendered":"<p class=\"\" data-start=\"19\" data-end=\"134\"><strong data-start=\"19\" data-end=\"132\">Professional half-shoes Pastorelli Alcantara RIO made of synthetic Alcantara leather for rhythmic gymnastics.<\/strong><\/p>\n<p class=\"\" data-start=\"136\" data-end=\"680\">The Pastorelli Alcantara Rio offers softness and durability for perfect foot performance. The Alcantara Rio model differs from the regular Alcantara model with a deeper cut on the shaft. The unique properties of this material include its elasticity and exceptional strength, as well as the fabric density. Tests, such as abrasion, have shown that despite the material&#8217;s lightness, the lifespan of Alcantara is significantly longer than other half-shoes with the same density. The perfect fit for the foot, combined with softness and durability.<\/p>\n","protected":false},"featured_media":10603,"comment_status":"closed","ping_status":"closed","template":"","meta":[],"product_brand":[],"product_cat":[496,493],"product_tag":[],"class_list":{"0":"post-10602","1":"product","2":"type-product","3":"status-publish","4":"has-post-thumbnail","6":"product_cat-clothes","7":"product_cat-half-shoes","8":"pa_suurus-l-en","9":"pa_suurus-m-en","10":"pa_suurus-s-en","11":"pa_suurus-xs-en","12":"pa_suurus-xxs-en","13":"pa_varv-beige","16":"instock","17":"taxable","18":"shipping-taxable","19":"purchasable","20":"product-type-variable","21":"wvs-archive-product-wrapper"},"supplier_id":null,"supplier_sku":"","barcode":null,"atum_controlled":true,"out_stock_date":null,"out_stock_threshold":null,"inheritable":true,"inbound_stock":0,"stock_on_hold":0,"sold_today":0,"sales_last_days":0,"reserved_stock":0,"customer_returns":0,"warehouse_damage":0,"lost_in_post":0,"other_logs":0,"out_stock_days":0,"lost_sales":0,"has_location":false,"update_date":"2026-04-20T01:11:39","atum_locations":[],"atum_stock_status":"instock","restock_status":false,"low_stock_amount":"","sales_update_date":"2026-04-20T01:11:39","calc_backorders":null,"yoast_head":"<!-- This site is optimized with the Yoast SEO plugin v27.4 - https:\/\/yoast.com\/product\/yoast-seo-wordpress\/ -->\n<title>Pastorelli Alcantara Rio Half Shoes - GymnaGoods<\/title>\n<meta name=\"description\" content=\"Professionaalsed poolsussid Pastorelli Alcantara RIO kunstnahast (Alcantara) iluv\u00f5imlemiseks. Pastorelli Alcantara Rio on pehme ja vastupidav jala t\u00e4iuslikuks j\u00f5udluseks.Selle materjali erip\u00e4ra on selle elastsus ja eriline tugevus, sealhulgas kanga tihedus.\" \/>\n<meta name=\"robots\" content=\"index, follow, max-snippet:-1, max-image-preview:large, max-video-preview:-1\" \/>\n<link rel=\"canonical\" href=\"https:\/\/gymnagoods.ee\/en\/pastorelli-alcantara-rio-poolsussid\/\" \/>\n<meta property=\"og:locale\" content=\"en_US\" \/>\n<meta property=\"og:type\" content=\"article\" \/>\n<meta property=\"og:title\" content=\"Pastorelli Alcantara Rio Half Shoes - GymnaGoods\" \/>\n<meta property=\"og:description\" content=\"Professionaalsed poolsussid Pastorelli Alcantara RIO kunstnahast (Alcantara) iluv\u00f5imlemiseks. Pastorelli Alcantara Rio on pehme ja vastupidav jala t\u00e4iuslikuks j\u00f5udluseks.Selle materjali erip\u00e4ra on selle elastsus ja eriline tugevus, sealhulgas kanga tihedus.\" \/>\n<meta property=\"og:url\" content=\"https:\/\/gymnagoods.ee\/en\/pastorelli-alcantara-rio-poolsussid\/\" \/>\n<meta property=\"og:site_name\" content=\"GymnaGoods\" \/>\n<meta property=\"article:publisher\" content=\"https:\/\/www.facebook.com\/gymnagoods\" \/>\n<meta property=\"article:modified_time\" content=\"2025-04-21T18:02:52+00:00\" \/>\n<meta property=\"og:image\" content=\"https:\/\/gymnagoods.ee\/wp-content\/uploads\/2023\/09\/02449_-1.jpg\" \/>\n\t<meta property=\"og:image:width\" content=\"1200\" \/>\n\t<meta property=\"og:image:height\" content=\"1200\" \/>\n\t<meta property=\"og:image:type\" content=\"image\/jpeg\" \/>\n<meta name=\"twitter:card\" content=\"summary_large_image\" \/>\n<script type=\"application\/ld+json\" class=\"yoast-schema-graph\">{\"@context\":\"https:\\\/\\\/schema.org\",\"@graph\":[{\"@type\":\"WebPage\",\"@id\":\"https:\\\/\\\/gymnagoods.ee\\\/en\\\/pastorelli-alcantara-rio-poolsussid\\\/\",\"url\":\"https:\\\/\\\/gymnagoods.ee\\\/en\\\/pastorelli-alcantara-rio-poolsussid\\\/\",\"name\":\"Pastorelli Alcantara Rio Half Shoes - GymnaGoods\",\"isPartOf\":{\"@id\":\"https:\\\/\\\/gymnagoods.ee\\\/en\\\/#website\"},\"primaryImageOfPage\":{\"@id\":\"https:\\\/\\\/gymnagoods.ee\\\/en\\\/pastorelli-alcantara-rio-poolsussid\\\/#primaryimage\"},\"image\":{\"@id\":\"https:\\\/\\\/gymnagoods.ee\\\/en\\\/pastorelli-alcantara-rio-poolsussid\\\/#primaryimage\"},\"thumbnailUrl\":\"https:\\\/\\\/gymnagoods.ee\\\/wp-content\\\/uploads\\\/2023\\\/09\\\/02449_-1.jpg\",\"datePublished\":\"2023-09-11T19:22:04+00:00\",\"dateModified\":\"2025-04-21T18:02:52+00:00\",\"description\":\"Professionaalsed poolsussid Pastorelli Alcantara RIO kunstnahast (Alcantara) iluv\u00f5imlemiseks. Pastorelli Alcantara Rio on pehme ja vastupidav jala t\u00e4iuslikuks j\u00f5udluseks.Selle materjali erip\u00e4ra on selle elastsus ja eriline tugevus, sealhulgas kanga tihedus.\",\"breadcrumb\":{\"@id\":\"https:\\\/\\\/gymnagoods.ee\\\/en\\\/pastorelli-alcantara-rio-poolsussid\\\/#breadcrumb\"},\"inLanguage\":\"en-US\",\"potentialAction\":[{\"@type\":\"ReadAction\",\"target\":[\"https:\\\/\\\/gymnagoods.ee\\\/en\\\/pastorelli-alcantara-rio-poolsussid\\\/\"]}]},{\"@type\":\"ImageObject\",\"inLanguage\":\"en-US\",\"@id\":\"https:\\\/\\\/gymnagoods.ee\\\/en\\\/pastorelli-alcantara-rio-poolsussid\\\/#primaryimage\",\"url\":\"https:\\\/\\\/gymnagoods.ee\\\/wp-content\\\/uploads\\\/2023\\\/09\\\/02449_-1.jpg\",\"contentUrl\":\"https:\\\/\\\/gymnagoods.ee\\\/wp-content\\\/uploads\\\/2023\\\/09\\\/02449_-1.jpg\",\"width\":1200,\"height\":1200},{\"@type\":\"BreadcrumbList\",\"@id\":\"https:\\\/\\\/gymnagoods.ee\\\/en\\\/pastorelli-alcantara-rio-poolsussid\\\/#breadcrumb\",\"itemListElement\":[{\"@type\":\"ListItem\",\"position\":1,\"name\":\"Shop\",\"item\":\"https:\\\/\\\/gymnagoods.ee\\\/en\\\/shop\\\/\"},{\"@type\":\"ListItem\",\"position\":2,\"name\":\"Pastorelli Alcantara Rio Half Shoes\"}]},{\"@type\":\"WebSite\",\"@id\":\"https:\\\/\\\/gymnagoods.ee\\\/en\\\/#website\",\"url\":\"https:\\\/\\\/gymnagoods.ee\\\/en\\\/\",\"name\":\"GymnaGoods\",\"description\":\"iluv\u00f5imlemise tarvikud ja vahendid\",\"publisher\":{\"@id\":\"https:\\\/\\\/gymnagoods.ee\\\/en\\\/#organization\"},\"potentialAction\":[{\"@type\":\"SearchAction\",\"target\":{\"@type\":\"EntryPoint\",\"urlTemplate\":\"https:\\\/\\\/gymnagoods.ee\\\/en\\\/?s={search_term_string}\"},\"query-input\":{\"@type\":\"PropertyValueSpecification\",\"valueRequired\":true,\"valueName\":\"search_term_string\"}}],\"inLanguage\":\"en-US\"},{\"@type\":\"Organization\",\"@id\":\"https:\\\/\\\/gymnagoods.ee\\\/en\\\/#organization\",\"name\":\"GymnaGoods\",\"url\":\"https:\\\/\\\/gymnagoods.ee\\\/en\\\/\",\"logo\":{\"@type\":\"ImageObject\",\"inLanguage\":\"en-US\",\"@id\":\"https:\\\/\\\/gymnagoods.ee\\\/en\\\/#\\\/schema\\\/logo\\\/image\\\/\",\"url\":\"https:\\\/\\\/gymnagoods.ee\\\/wp-content\\\/uploads\\\/2023\\\/08\\\/cropped-favicon_gg.png\",\"contentUrl\":\"https:\\\/\\\/gymnagoods.ee\\\/wp-content\\\/uploads\\\/2023\\\/08\\\/cropped-favicon_gg.png\",\"width\":512,\"height\":512,\"caption\":\"GymnaGoods\"},\"image\":{\"@id\":\"https:\\\/\\\/gymnagoods.ee\\\/en\\\/#\\\/schema\\\/logo\\\/image\\\/\"},\"sameAs\":[\"https:\\\/\\\/www.facebook.com\\\/gymnagoods\"]}]}<\/script>\n<!-- \/ Yoast SEO plugin. -->","yoast_head_json":{"title":"Pastorelli Alcantara Rio Half Shoes - GymnaGoods","description":"Professionaalsed poolsussid Pastorelli Alcantara RIO kunstnahast (Alcantara) iluv\u00f5imlemiseks. Pastorelli Alcantara Rio on pehme ja vastupidav jala t\u00e4iuslikuks j\u00f5udluseks.Selle materjali erip\u00e4ra on selle elastsus ja eriline tugevus, sealhulgas kanga tihedus.","robots":{"index":"index","follow":"follow","max-snippet":"max-snippet:-1","max-image-preview":"max-image-preview:large","max-video-preview":"max-video-preview:-1"},"canonical":"https:\/\/gymnagoods.ee\/en\/pastorelli-alcantara-rio-poolsussid\/","og_locale":"en_US","og_type":"article","og_title":"Pastorelli Alcantara Rio Half Shoes - GymnaGoods","og_description":"Professionaalsed poolsussid Pastorelli Alcantara RIO kunstnahast (Alcantara) iluv\u00f5imlemiseks. Pastorelli Alcantara Rio on pehme ja vastupidav jala t\u00e4iuslikuks j\u00f5udluseks.Selle materjali erip\u00e4ra on selle elastsus ja eriline tugevus, sealhulgas kanga tihedus.","og_url":"https:\/\/gymnagoods.ee\/en\/pastorelli-alcantara-rio-poolsussid\/","og_site_name":"GymnaGoods","article_publisher":"https:\/\/www.facebook.com\/gymnagoods","article_modified_time":"2025-04-21T18:02:52+00:00","og_image":[{"width":1200,"height":1200,"url":"https:\/\/gymnagoods.ee\/wp-content\/uploads\/2023\/09\/02449_-1.jpg","type":"image\/jpeg"}],"twitter_card":"summary_large_image","schema":{"@context":"https:\/\/schema.org","@graph":[{"@type":"WebPage","@id":"https:\/\/gymnagoods.ee\/en\/pastorelli-alcantara-rio-poolsussid\/","url":"https:\/\/gymnagoods.ee\/en\/pastorelli-alcantara-rio-poolsussid\/","name":"Pastorelli Alcantara Rio Half Shoes - GymnaGoods","isPartOf":{"@id":"https:\/\/gymnagoods.ee\/en\/#website"},"primaryImageOfPage":{"@id":"https:\/\/gymnagoods.ee\/en\/pastorelli-alcantara-rio-poolsussid\/#primaryimage"},"image":{"@id":"https:\/\/gymnagoods.ee\/en\/pastorelli-alcantara-rio-poolsussid\/#primaryimage"},"thumbnailUrl":"https:\/\/gymnagoods.ee\/wp-content\/uploads\/2023\/09\/02449_-1.jpg","datePublished":"2023-09-11T19:22:04+00:00","dateModified":"2025-04-21T18:02:52+00:00","description":"Professionaalsed poolsussid Pastorelli Alcantara RIO kunstnahast (Alcantara) iluv\u00f5imlemiseks. Pastorelli Alcantara Rio on pehme ja vastupidav jala t\u00e4iuslikuks j\u00f5udluseks.Selle materjali erip\u00e4ra on selle elastsus ja eriline tugevus, sealhulgas kanga tihedus.","breadcrumb":{"@id":"https:\/\/gymnagoods.ee\/en\/pastorelli-alcantara-rio-poolsussid\/#breadcrumb"},"inLanguage":"en-US","potentialAction":[{"@type":"ReadAction","target":["https:\/\/gymnagoods.ee\/en\/pastorelli-alcantara-rio-poolsussid\/"]}]},{"@type":"ImageObject","inLanguage":"en-US","@id":"https:\/\/gymnagoods.ee\/en\/pastorelli-alcantara-rio-poolsussid\/#primaryimage","url":"https:\/\/gymnagoods.ee\/wp-content\/uploads\/2023\/09\/02449_-1.jpg","contentUrl":"https:\/\/gymnagoods.ee\/wp-content\/uploads\/2023\/09\/02449_-1.jpg","width":1200,"height":1200},{"@type":"BreadcrumbList","@id":"https:\/\/gymnagoods.ee\/en\/pastorelli-alcantara-rio-poolsussid\/#breadcrumb","itemListElement":[{"@type":"ListItem","position":1,"name":"Shop","item":"https:\/\/gymnagoods.ee\/en\/shop\/"},{"@type":"ListItem","position":2,"name":"Pastorelli Alcantara Rio Half Shoes"}]},{"@type":"WebSite","@id":"https:\/\/gymnagoods.ee\/en\/#website","url":"https:\/\/gymnagoods.ee\/en\/","name":"GymnaGoods","description":"iluv\u00f5imlemise tarvikud ja vahendid","publisher":{"@id":"https:\/\/gymnagoods.ee\/en\/#organization"},"potentialAction":[{"@type":"SearchAction","target":{"@type":"EntryPoint","urlTemplate":"https:\/\/gymnagoods.ee\/en\/?s={search_term_string}"},"query-input":{"@type":"PropertyValueSpecification","valueRequired":true,"valueName":"search_term_string"}}],"inLanguage":"en-US"},{"@type":"Organization","@id":"https:\/\/gymnagoods.ee\/en\/#organization","name":"GymnaGoods","url":"https:\/\/gymnagoods.ee\/en\/","logo":{"@type":"ImageObject","inLanguage":"en-US","@id":"https:\/\/gymnagoods.ee\/en\/#\/schema\/logo\/image\/","url":"https:\/\/gymnagoods.ee\/wp-content\/uploads\/2023\/08\/cropped-favicon_gg.png","contentUrl":"https:\/\/gymnagoods.ee\/wp-content\/uploads\/2023\/08\/cropped-favicon_gg.png","width":512,"height":512,"caption":"GymnaGoods"},"image":{"@id":"https:\/\/gymnagoods.ee\/en\/#\/schema\/logo\/image\/"},"sameAs":["https:\/\/www.facebook.com\/gymnagoods"]}]}},"jetpack_sharing_enabled":true,"_links":{"self":[{"href":"https:\/\/gymnagoods.ee\/en\/wp-json\/wp\/v2\/product\/10602","targetHints":{"allow":["GET"]}}],"collection":[{"href":"https:\/\/gymnagoods.ee\/en\/wp-json\/wp\/v2\/product"}],"about":[{"href":"https:\/\/gymnagoods.ee\/en\/wp-json\/wp\/v2\/types\/product"}],"replies":[{"embeddable":true,"href":"https:\/\/gymnagoods.ee\/en\/wp-json\/wp\/v2\/comments?post=10602"}],"wp:featuredmedia":[{"embeddable":true,"href":"https:\/\/gymnagoods.ee\/en\/wp-json\/wp\/v2\/media\/10603"}],"wp:attachment":[{"href":"https:\/\/gymnagoods.ee\/en\/wp-json\/wp\/v2\/media?parent=10602"}],"wp:term":[{"taxonomy":"product_brand","embeddable":true,"href":"https:\/\/gymnagoods.ee\/en\/wp-json\/wp\/v2\/product_brand?post=10602"},{"taxonomy":"product_cat","embeddable":true,"href":"https:\/\/gymnagoods.ee\/en\/wp-json\/wp\/v2\/product_cat?post=10602"},{"taxonomy":"product_tag","embeddable":true,"href":"https:\/\/gymnagoods.ee\/en\/wp-json\/wp\/v2\/product_tag?post=10602"}],"curies":[{"name":"wp","href":"https:\/\/api.w.org\/{rel}","templated":true}]}}