{"id":10577,"date":"2023-09-11T22:36:12","date_gmt":"2023-09-11T19:36:12","guid":{"rendered":"https:\/\/gymnagoods.ee\/pastorelli-polvekaitsmed-voistluseks\/"},"modified":"2025-04-21T19:58:17","modified_gmt":"2025-04-21T17:58:17","slug":"pastorelli-polvekaitsmed-voistluseks","status":"publish","type":"product","link":"https:\/\/gymnagoods.ee\/en\/pastorelli-polvekaitsmed-voistluseks\/","title":{"rendered":"Pastorelli Knee Pads for Competitions"},"content":{"rendered":"<p>Comfortable and supportive knee pads by Pastorelli, designed specifically for rhythmic gymnastics competitions. Provides optimal protection and freedom of movement.<\/p>\n<p class=\"\" data-start=\"19\" data-end=\"73\"><strong data-start=\"19\" data-end=\"71\">Rhythmic gymnastics skin-tone elastic knee pads.<\/strong><\/p>\n<p class=\"\" data-start=\"75\" data-end=\"224\">These knee pads help keep the knee in place and prevent injuries. They are suitable for intensive training due to the elastic and durable material.<\/p>\n<p class=\"\" data-start=\"226\" data-end=\"248\"><strong data-start=\"226\" data-end=\"248\">Sold individually.<\/strong><\/p>\n","protected":false},"excerpt":{"rendered":"<p class=\"\" data-start=\"19\" data-end=\"73\"><strong data-start=\"19\" data-end=\"71\">Rhythmic gymnastics skin-tone elastic knee pads.<\/strong><\/p>\n<p class=\"\" data-start=\"75\" data-end=\"224\">These knee pads help keep the knee in place and prevent injuries. They are suitable for intensive training due to the elastic and durable material.<\/p>\n<p class=\"\" data-start=\"226\" data-end=\"248\"><strong data-start=\"226\" data-end=\"248\">Sold individually.<\/strong><\/p>\n","protected":false},"featured_media":10578,"comment_status":"closed","ping_status":"closed","template":"","meta":[],"product_brand":[],"product_cat":[494],"product_tag":[],"class_list":{"0":"post-10577","1":"product","2":"type-product","3":"status-publish","4":"has-post-thumbnail","6":"product_cat-knee-protector","7":"pa_suurus-l-en","8":"pa_suurus-m-en","9":"pa_suurus-s-en","10":"pa_varv-beige","13":"instock","14":"taxable","15":"shipping-taxable","16":"purchasable","17":"product-type-variable","18":"wvs-archive-product-wrapper"},"supplier_id":null,"supplier_sku":"","barcode":null,"atum_controlled":true,"out_stock_date":null,"out_stock_threshold":null,"inheritable":true,"inbound_stock":0,"stock_on_hold":0,"sold_today":0,"sales_last_days":0,"reserved_stock":null,"customer_returns":null,"warehouse_damage":null,"lost_in_post":null,"other_logs":null,"out_stock_days":0,"lost_sales":0,"has_location":false,"update_date":"2026-04-20T01:11:31","atum_locations":[],"atum_stock_status":"instock","restock_status":false,"low_stock_amount":"","sales_update_date":"2026-04-20T01:11:31","calc_backorders":null,"yoast_head":"<!-- This site is optimized with the Yoast SEO plugin v27.4 - https:\/\/yoast.com\/product\/yoast-seo-wordpress\/ -->\n<title>Pastorelli Knee Pads for Competitions - GymnaGoods<\/title>\n<meta name=\"description\" content=\"Iluv\u00f5imlemise ihuv\u00e4rvi venivad p\u00f5lvekaitsmed. Pastorelli kaitsmed aitavad hoida p\u00f5lve paigal ning hoida \u00e4ra vigastused p\u00f5lvele. Need on sobilikud intensiivseteks treeninguteks t\u00e4nu elastsele ja vastupidavale materjalile.\" \/>\n<meta name=\"robots\" content=\"index, follow, max-snippet:-1, max-image-preview:large, max-video-preview:-1\" \/>\n<link rel=\"canonical\" href=\"https:\/\/gymnagoods.ee\/en\/pastorelli-polvekaitsmed-voistluseks\/\" \/>\n<meta property=\"og:locale\" content=\"en_US\" \/>\n<meta property=\"og:type\" content=\"article\" \/>\n<meta property=\"og:title\" content=\"Pastorelli Knee Pads for Competitions - GymnaGoods\" \/>\n<meta property=\"og:description\" content=\"Iluv\u00f5imlemise ihuv\u00e4rvi venivad p\u00f5lvekaitsmed. Pastorelli kaitsmed aitavad hoida p\u00f5lve paigal ning hoida \u00e4ra vigastused p\u00f5lvele. Need on sobilikud intensiivseteks treeninguteks t\u00e4nu elastsele ja vastupidavale materjalile.\" \/>\n<meta property=\"og:url\" content=\"https:\/\/gymnagoods.ee\/en\/pastorelli-polvekaitsmed-voistluseks\/\" \/>\n<meta property=\"og:site_name\" content=\"GymnaGoods\" \/>\n<meta property=\"article:publisher\" content=\"https:\/\/www.facebook.com\/gymnagoods\" \/>\n<meta property=\"article:modified_time\" content=\"2025-04-21T17:58:17+00:00\" \/>\n<meta property=\"og:image\" content=\"https:\/\/gymnagoods.ee\/wp-content\/uploads\/2023\/09\/04047-1.jpg\" \/>\n\t<meta property=\"og:image:width\" content=\"1200\" \/>\n\t<meta property=\"og:image:height\" content=\"1200\" \/>\n\t<meta property=\"og:image:type\" content=\"image\/jpeg\" \/>\n<meta name=\"twitter:card\" content=\"summary_large_image\" \/>\n<script type=\"application\/ld+json\" class=\"yoast-schema-graph\">{\"@context\":\"https:\\\/\\\/schema.org\",\"@graph\":[{\"@type\":\"WebPage\",\"@id\":\"https:\\\/\\\/gymnagoods.ee\\\/en\\\/pastorelli-polvekaitsmed-voistluseks\\\/\",\"url\":\"https:\\\/\\\/gymnagoods.ee\\\/en\\\/pastorelli-polvekaitsmed-voistluseks\\\/\",\"name\":\"Pastorelli Knee Pads for Competitions - GymnaGoods\",\"isPartOf\":{\"@id\":\"https:\\\/\\\/gymnagoods.ee\\\/en\\\/#website\"},\"primaryImageOfPage\":{\"@id\":\"https:\\\/\\\/gymnagoods.ee\\\/en\\\/pastorelli-polvekaitsmed-voistluseks\\\/#primaryimage\"},\"image\":{\"@id\":\"https:\\\/\\\/gymnagoods.ee\\\/en\\\/pastorelli-polvekaitsmed-voistluseks\\\/#primaryimage\"},\"thumbnailUrl\":\"https:\\\/\\\/gymnagoods.ee\\\/wp-content\\\/uploads\\\/2023\\\/09\\\/04047-1.jpg\",\"datePublished\":\"2023-09-11T19:36:12+00:00\",\"dateModified\":\"2025-04-21T17:58:17+00:00\",\"description\":\"Iluv\u00f5imlemise ihuv\u00e4rvi venivad p\u00f5lvekaitsmed. Pastorelli kaitsmed aitavad hoida p\u00f5lve paigal ning hoida \u00e4ra vigastused p\u00f5lvele. Need on sobilikud intensiivseteks treeninguteks t\u00e4nu elastsele ja vastupidavale materjalile.\",\"breadcrumb\":{\"@id\":\"https:\\\/\\\/gymnagoods.ee\\\/en\\\/pastorelli-polvekaitsmed-voistluseks\\\/#breadcrumb\"},\"inLanguage\":\"en-US\",\"potentialAction\":[{\"@type\":\"ReadAction\",\"target\":[\"https:\\\/\\\/gymnagoods.ee\\\/en\\\/pastorelli-polvekaitsmed-voistluseks\\\/\"]}]},{\"@type\":\"ImageObject\",\"inLanguage\":\"en-US\",\"@id\":\"https:\\\/\\\/gymnagoods.ee\\\/en\\\/pastorelli-polvekaitsmed-voistluseks\\\/#primaryimage\",\"url\":\"https:\\\/\\\/gymnagoods.ee\\\/wp-content\\\/uploads\\\/2023\\\/09\\\/04047-1.jpg\",\"contentUrl\":\"https:\\\/\\\/gymnagoods.ee\\\/wp-content\\\/uploads\\\/2023\\\/09\\\/04047-1.jpg\",\"width\":1200,\"height\":1200},{\"@type\":\"BreadcrumbList\",\"@id\":\"https:\\\/\\\/gymnagoods.ee\\\/en\\\/pastorelli-polvekaitsmed-voistluseks\\\/#breadcrumb\",\"itemListElement\":[{\"@type\":\"ListItem\",\"position\":1,\"name\":\"Shop\",\"item\":\"https:\\\/\\\/gymnagoods.ee\\\/en\\\/shop\\\/\"},{\"@type\":\"ListItem\",\"position\":2,\"name\":\"Pastorelli Knee Pads for Competitions\"}]},{\"@type\":\"WebSite\",\"@id\":\"https:\\\/\\\/gymnagoods.ee\\\/en\\\/#website\",\"url\":\"https:\\\/\\\/gymnagoods.ee\\\/en\\\/\",\"name\":\"GymnaGoods\",\"description\":\"iluv\u00f5imlemise tarvikud ja vahendid\",\"publisher\":{\"@id\":\"https:\\\/\\\/gymnagoods.ee\\\/en\\\/#organization\"},\"potentialAction\":[{\"@type\":\"SearchAction\",\"target\":{\"@type\":\"EntryPoint\",\"urlTemplate\":\"https:\\\/\\\/gymnagoods.ee\\\/en\\\/?s={search_term_string}\"},\"query-input\":{\"@type\":\"PropertyValueSpecification\",\"valueRequired\":true,\"valueName\":\"search_term_string\"}}],\"inLanguage\":\"en-US\"},{\"@type\":\"Organization\",\"@id\":\"https:\\\/\\\/gymnagoods.ee\\\/en\\\/#organization\",\"name\":\"GymnaGoods\",\"url\":\"https:\\\/\\\/gymnagoods.ee\\\/en\\\/\",\"logo\":{\"@type\":\"ImageObject\",\"inLanguage\":\"en-US\",\"@id\":\"https:\\\/\\\/gymnagoods.ee\\\/en\\\/#\\\/schema\\\/logo\\\/image\\\/\",\"url\":\"https:\\\/\\\/gymnagoods.ee\\\/wp-content\\\/uploads\\\/2023\\\/08\\\/cropped-favicon_gg.png\",\"contentUrl\":\"https:\\\/\\\/gymnagoods.ee\\\/wp-content\\\/uploads\\\/2023\\\/08\\\/cropped-favicon_gg.png\",\"width\":512,\"height\":512,\"caption\":\"GymnaGoods\"},\"image\":{\"@id\":\"https:\\\/\\\/gymnagoods.ee\\\/en\\\/#\\\/schema\\\/logo\\\/image\\\/\"},\"sameAs\":[\"https:\\\/\\\/www.facebook.com\\\/gymnagoods\"]}]}<\/script>\n<!-- \/ Yoast SEO plugin. -->","yoast_head_json":{"title":"Pastorelli Knee Pads for Competitions - GymnaGoods","description":"Iluv\u00f5imlemise ihuv\u00e4rvi venivad p\u00f5lvekaitsmed. Pastorelli kaitsmed aitavad hoida p\u00f5lve paigal ning hoida \u00e4ra vigastused p\u00f5lvele. Need on sobilikud intensiivseteks treeninguteks t\u00e4nu elastsele ja vastupidavale materjalile.","robots":{"index":"index","follow":"follow","max-snippet":"max-snippet:-1","max-image-preview":"max-image-preview:large","max-video-preview":"max-video-preview:-1"},"canonical":"https:\/\/gymnagoods.ee\/en\/pastorelli-polvekaitsmed-voistluseks\/","og_locale":"en_US","og_type":"article","og_title":"Pastorelli Knee Pads for Competitions - GymnaGoods","og_description":"Iluv\u00f5imlemise ihuv\u00e4rvi venivad p\u00f5lvekaitsmed. Pastorelli kaitsmed aitavad hoida p\u00f5lve paigal ning hoida \u00e4ra vigastused p\u00f5lvele. Need on sobilikud intensiivseteks treeninguteks t\u00e4nu elastsele ja vastupidavale materjalile.","og_url":"https:\/\/gymnagoods.ee\/en\/pastorelli-polvekaitsmed-voistluseks\/","og_site_name":"GymnaGoods","article_publisher":"https:\/\/www.facebook.com\/gymnagoods","article_modified_time":"2025-04-21T17:58:17+00:00","og_image":[{"width":1200,"height":1200,"url":"https:\/\/gymnagoods.ee\/wp-content\/uploads\/2023\/09\/04047-1.jpg","type":"image\/jpeg"}],"twitter_card":"summary_large_image","schema":{"@context":"https:\/\/schema.org","@graph":[{"@type":"WebPage","@id":"https:\/\/gymnagoods.ee\/en\/pastorelli-polvekaitsmed-voistluseks\/","url":"https:\/\/gymnagoods.ee\/en\/pastorelli-polvekaitsmed-voistluseks\/","name":"Pastorelli Knee Pads for Competitions - GymnaGoods","isPartOf":{"@id":"https:\/\/gymnagoods.ee\/en\/#website"},"primaryImageOfPage":{"@id":"https:\/\/gymnagoods.ee\/en\/pastorelli-polvekaitsmed-voistluseks\/#primaryimage"},"image":{"@id":"https:\/\/gymnagoods.ee\/en\/pastorelli-polvekaitsmed-voistluseks\/#primaryimage"},"thumbnailUrl":"https:\/\/gymnagoods.ee\/wp-content\/uploads\/2023\/09\/04047-1.jpg","datePublished":"2023-09-11T19:36:12+00:00","dateModified":"2025-04-21T17:58:17+00:00","description":"Iluv\u00f5imlemise ihuv\u00e4rvi venivad p\u00f5lvekaitsmed. Pastorelli kaitsmed aitavad hoida p\u00f5lve paigal ning hoida \u00e4ra vigastused p\u00f5lvele. Need on sobilikud intensiivseteks treeninguteks t\u00e4nu elastsele ja vastupidavale materjalile.","breadcrumb":{"@id":"https:\/\/gymnagoods.ee\/en\/pastorelli-polvekaitsmed-voistluseks\/#breadcrumb"},"inLanguage":"en-US","potentialAction":[{"@type":"ReadAction","target":["https:\/\/gymnagoods.ee\/en\/pastorelli-polvekaitsmed-voistluseks\/"]}]},{"@type":"ImageObject","inLanguage":"en-US","@id":"https:\/\/gymnagoods.ee\/en\/pastorelli-polvekaitsmed-voistluseks\/#primaryimage","url":"https:\/\/gymnagoods.ee\/wp-content\/uploads\/2023\/09\/04047-1.jpg","contentUrl":"https:\/\/gymnagoods.ee\/wp-content\/uploads\/2023\/09\/04047-1.jpg","width":1200,"height":1200},{"@type":"BreadcrumbList","@id":"https:\/\/gymnagoods.ee\/en\/pastorelli-polvekaitsmed-voistluseks\/#breadcrumb","itemListElement":[{"@type":"ListItem","position":1,"name":"Shop","item":"https:\/\/gymnagoods.ee\/en\/shop\/"},{"@type":"ListItem","position":2,"name":"Pastorelli Knee Pads for Competitions"}]},{"@type":"WebSite","@id":"https:\/\/gymnagoods.ee\/en\/#website","url":"https:\/\/gymnagoods.ee\/en\/","name":"GymnaGoods","description":"iluv\u00f5imlemise tarvikud ja vahendid","publisher":{"@id":"https:\/\/gymnagoods.ee\/en\/#organization"},"potentialAction":[{"@type":"SearchAction","target":{"@type":"EntryPoint","urlTemplate":"https:\/\/gymnagoods.ee\/en\/?s={search_term_string}"},"query-input":{"@type":"PropertyValueSpecification","valueRequired":true,"valueName":"search_term_string"}}],"inLanguage":"en-US"},{"@type":"Organization","@id":"https:\/\/gymnagoods.ee\/en\/#organization","name":"GymnaGoods","url":"https:\/\/gymnagoods.ee\/en\/","logo":{"@type":"ImageObject","inLanguage":"en-US","@id":"https:\/\/gymnagoods.ee\/en\/#\/schema\/logo\/image\/","url":"https:\/\/gymnagoods.ee\/wp-content\/uploads\/2023\/08\/cropped-favicon_gg.png","contentUrl":"https:\/\/gymnagoods.ee\/wp-content\/uploads\/2023\/08\/cropped-favicon_gg.png","width":512,"height":512,"caption":"GymnaGoods"},"image":{"@id":"https:\/\/gymnagoods.ee\/en\/#\/schema\/logo\/image\/"},"sameAs":["https:\/\/www.facebook.com\/gymnagoods"]}]}},"jetpack_sharing_enabled":true,"_links":{"self":[{"href":"https:\/\/gymnagoods.ee\/en\/wp-json\/wp\/v2\/product\/10577","targetHints":{"allow":["GET"]}}],"collection":[{"href":"https:\/\/gymnagoods.ee\/en\/wp-json\/wp\/v2\/product"}],"about":[{"href":"https:\/\/gymnagoods.ee\/en\/wp-json\/wp\/v2\/types\/product"}],"replies":[{"embeddable":true,"href":"https:\/\/gymnagoods.ee\/en\/wp-json\/wp\/v2\/comments?post=10577"}],"wp:featuredmedia":[{"embeddable":true,"href":"https:\/\/gymnagoods.ee\/en\/wp-json\/wp\/v2\/media\/10578"}],"wp:attachment":[{"href":"https:\/\/gymnagoods.ee\/en\/wp-json\/wp\/v2\/media?parent=10577"}],"wp:term":[{"taxonomy":"product_brand","embeddable":true,"href":"https:\/\/gymnagoods.ee\/en\/wp-json\/wp\/v2\/product_brand?post=10577"},{"taxonomy":"product_cat","embeddable":true,"href":"https:\/\/gymnagoods.ee\/en\/wp-json\/wp\/v2\/product_cat?post=10577"},{"taxonomy":"product_tag","embeddable":true,"href":"https:\/\/gymnagoods.ee\/en\/wp-json\/wp\/v2\/product_tag?post=10577"}],"curies":[{"name":"wp","href":"https:\/\/api.w.org\/{rel}","templated":true}]}}