{"id":10562,"date":"2023-09-11T22:45:50","date_gmt":"2023-09-11T20:45:50","guid":{"rendered":"https:\/\/gymnagoods.ee\/pastorelli-rongateip-galaxy\/"},"modified":"2025-04-25T10:33:46","modified_gmt":"2025-04-25T08:33:46","slug":"pastorelli-rongateip-galaxy","status":"publish","type":"product","link":"https:\/\/gymnagoods.ee\/en\/pastorelli-rongateip-galaxy\/","title":{"rendered":"Pastorelli Galaxy Tape"},"content":{"rendered":"<p class=\"\" data-start=\"19\" data-end=\"102\"><strong data-start=\"19\" data-end=\"102\">The color tone of the tape may slightly vary depending on the production batch.<\/strong><\/p>\n<p class=\"\" data-start=\"104\" data-end=\"140\"><strong data-start=\"104\" data-end=\"115\">Length:<\/strong> 11 m<br data-start=\"120\" data-end=\"123\" \/><strong data-start=\"123\" data-end=\"133\">Width:<\/strong> 1.9 cm<\/p>\n","protected":false},"excerpt":{"rendered":"<p class=\"\" data-start=\"19\" data-end=\"60\"><strong data-start=\"19\" data-end=\"58\">Metallic tape for decorating hoops.<\/strong><\/p>\n<p class=\"\" data-start=\"62\" data-end=\"155\">One roll is enough to cover a 90 cm hoop, provided the tape is applied without overlapping.<\/p>\n<p class=\"\" data-start=\"157\" data-end=\"321\">The tape is attached to a paper backing. We recommend cutting it into 1-meter sections and gradually peeling off the paper backing while applying it to your hoop.<\/p>\n<p class=\"\" data-start=\"323\" data-end=\"422\">To extend its lifespan, it is recommended to apply transparent adhesive tape over the colored tape.<\/p>\n","protected":false},"featured_media":10564,"comment_status":"closed","ping_status":"closed","template":"","meta":[],"product_brand":[],"product_cat":[502],"product_tag":[],"class_list":{"0":"post-10562","1":"product","2":"type-product","3":"status-publish","4":"has-post-thumbnail","6":"product_cat-hoop-tapes","7":"pa_pikkus-11-m-en","8":"pa_varv-bright-pink","9":"pa_varv-crimson","10":"pa_varv-light-blue","11":"pa_varv-multicolored","12":"pa_varv-silver","13":"pa_varv-wisteria-en","14":"pa_varv-yellow-fluo","17":"instock","18":"taxable","19":"shipping-taxable","20":"purchasable","21":"product-type-variable","22":"wvs-archive-product-wrapper"},"supplier_id":null,"supplier_sku":"","barcode":null,"atum_controlled":true,"out_stock_date":null,"out_stock_threshold":null,"inheritable":true,"inbound_stock":0,"stock_on_hold":0,"sold_today":0,"sales_last_days":0,"reserved_stock":null,"customer_returns":null,"warehouse_damage":null,"lost_in_post":null,"other_logs":null,"out_stock_days":0,"lost_sales":0,"has_location":false,"update_date":"2026-04-20T01:11:32","atum_locations":[],"atum_stock_status":"instock","restock_status":false,"low_stock_amount":"","sales_update_date":"2026-04-20T01:11:32","calc_backorders":null,"yoast_head":"<!-- This site is optimized with the Yoast SEO plugin v27.4 - https:\/\/yoast.com\/product\/yoast-seo-wordpress\/ -->\n<title>Pastorelli Galaxy Tape - GymnaGoods<\/title>\n<meta name=\"description\" content=\"Metallist teip r\u00f5ngaste kaunistamiseks. Teip kinnitatakse paberkilele. Pikema eluea tagamiseks on soovitatav v\u00e4rvilise kleeplindi peale kanda l\u00e4bipaistev kleeplint.\" \/>\n<meta name=\"robots\" content=\"index, follow, max-snippet:-1, max-image-preview:large, max-video-preview:-1\" \/>\n<link rel=\"canonical\" href=\"https:\/\/gymnagoods.ee\/en\/pastorelli-rongateip-galaxy\/\" \/>\n<meta property=\"og:locale\" content=\"en_US\" \/>\n<meta property=\"og:type\" content=\"article\" \/>\n<meta property=\"og:title\" content=\"Pastorelli Galaxy Tape - GymnaGoods\" \/>\n<meta property=\"og:description\" content=\"Metallist teip r\u00f5ngaste kaunistamiseks. Teip kinnitatakse paberkilele. Pikema eluea tagamiseks on soovitatav v\u00e4rvilise kleeplindi peale kanda l\u00e4bipaistev kleeplint.\" \/>\n<meta property=\"og:url\" content=\"https:\/\/gymnagoods.ee\/en\/pastorelli-rongateip-galaxy\/\" \/>\n<meta property=\"og:site_name\" content=\"GymnaGoods\" \/>\n<meta property=\"article:publisher\" content=\"https:\/\/www.facebook.com\/gymnagoods\" \/>\n<meta property=\"article:modified_time\" content=\"2025-04-25T08:33:46+00:00\" \/>\n<meta property=\"og:image\" content=\"https:\/\/gymnagoods.ee\/wp-content\/uploads\/2023\/09\/01581.jpg\" \/>\n\t<meta property=\"og:image:width\" content=\"1200\" \/>\n\t<meta property=\"og:image:height\" content=\"1200\" \/>\n\t<meta property=\"og:image:type\" content=\"image\/jpeg\" \/>\n<meta name=\"twitter:card\" content=\"summary_large_image\" \/>\n<script type=\"application\/ld+json\" class=\"yoast-schema-graph\">{\"@context\":\"https:\\\/\\\/schema.org\",\"@graph\":[{\"@type\":\"WebPage\",\"@id\":\"https:\\\/\\\/gymnagoods.ee\\\/en\\\/pastorelli-rongateip-galaxy\\\/\",\"url\":\"https:\\\/\\\/gymnagoods.ee\\\/en\\\/pastorelli-rongateip-galaxy\\\/\",\"name\":\"Pastorelli Galaxy Tape - GymnaGoods\",\"isPartOf\":{\"@id\":\"https:\\\/\\\/gymnagoods.ee\\\/en\\\/#website\"},\"primaryImageOfPage\":{\"@id\":\"https:\\\/\\\/gymnagoods.ee\\\/en\\\/pastorelli-rongateip-galaxy\\\/#primaryimage\"},\"image\":{\"@id\":\"https:\\\/\\\/gymnagoods.ee\\\/en\\\/pastorelli-rongateip-galaxy\\\/#primaryimage\"},\"thumbnailUrl\":\"https:\\\/\\\/gymnagoods.ee\\\/wp-content\\\/uploads\\\/2023\\\/09\\\/01581.jpg\",\"datePublished\":\"2023-09-11T20:45:50+00:00\",\"dateModified\":\"2025-04-25T08:33:46+00:00\",\"description\":\"Metallist teip r\u00f5ngaste kaunistamiseks. Teip kinnitatakse paberkilele. Pikema eluea tagamiseks on soovitatav v\u00e4rvilise kleeplindi peale kanda l\u00e4bipaistev kleeplint.\",\"breadcrumb\":{\"@id\":\"https:\\\/\\\/gymnagoods.ee\\\/en\\\/pastorelli-rongateip-galaxy\\\/#breadcrumb\"},\"inLanguage\":\"en-US\",\"potentialAction\":[{\"@type\":\"ReadAction\",\"target\":[\"https:\\\/\\\/gymnagoods.ee\\\/en\\\/pastorelli-rongateip-galaxy\\\/\"]}]},{\"@type\":\"ImageObject\",\"inLanguage\":\"en-US\",\"@id\":\"https:\\\/\\\/gymnagoods.ee\\\/en\\\/pastorelli-rongateip-galaxy\\\/#primaryimage\",\"url\":\"https:\\\/\\\/gymnagoods.ee\\\/wp-content\\\/uploads\\\/2023\\\/09\\\/01581.jpg\",\"contentUrl\":\"https:\\\/\\\/gymnagoods.ee\\\/wp-content\\\/uploads\\\/2023\\\/09\\\/01581.jpg\",\"width\":1200,\"height\":1200},{\"@type\":\"BreadcrumbList\",\"@id\":\"https:\\\/\\\/gymnagoods.ee\\\/en\\\/pastorelli-rongateip-galaxy\\\/#breadcrumb\",\"itemListElement\":[{\"@type\":\"ListItem\",\"position\":1,\"name\":\"Shop\",\"item\":\"https:\\\/\\\/gymnagoods.ee\\\/en\\\/shop\\\/\"},{\"@type\":\"ListItem\",\"position\":2,\"name\":\"Pastorelli Galaxy Tape\"}]},{\"@type\":\"WebSite\",\"@id\":\"https:\\\/\\\/gymnagoods.ee\\\/en\\\/#website\",\"url\":\"https:\\\/\\\/gymnagoods.ee\\\/en\\\/\",\"name\":\"GymnaGoods\",\"description\":\"iluv\u00f5imlemise tarvikud ja vahendid\",\"publisher\":{\"@id\":\"https:\\\/\\\/gymnagoods.ee\\\/en\\\/#organization\"},\"potentialAction\":[{\"@type\":\"SearchAction\",\"target\":{\"@type\":\"EntryPoint\",\"urlTemplate\":\"https:\\\/\\\/gymnagoods.ee\\\/en\\\/?s={search_term_string}\"},\"query-input\":{\"@type\":\"PropertyValueSpecification\",\"valueRequired\":true,\"valueName\":\"search_term_string\"}}],\"inLanguage\":\"en-US\"},{\"@type\":\"Organization\",\"@id\":\"https:\\\/\\\/gymnagoods.ee\\\/en\\\/#organization\",\"name\":\"GymnaGoods\",\"url\":\"https:\\\/\\\/gymnagoods.ee\\\/en\\\/\",\"logo\":{\"@type\":\"ImageObject\",\"inLanguage\":\"en-US\",\"@id\":\"https:\\\/\\\/gymnagoods.ee\\\/en\\\/#\\\/schema\\\/logo\\\/image\\\/\",\"url\":\"https:\\\/\\\/gymnagoods.ee\\\/wp-content\\\/uploads\\\/2023\\\/08\\\/cropped-favicon_gg.png\",\"contentUrl\":\"https:\\\/\\\/gymnagoods.ee\\\/wp-content\\\/uploads\\\/2023\\\/08\\\/cropped-favicon_gg.png\",\"width\":512,\"height\":512,\"caption\":\"GymnaGoods\"},\"image\":{\"@id\":\"https:\\\/\\\/gymnagoods.ee\\\/en\\\/#\\\/schema\\\/logo\\\/image\\\/\"},\"sameAs\":[\"https:\\\/\\\/www.facebook.com\\\/gymnagoods\"]}]}<\/script>\n<!-- \/ Yoast SEO plugin. -->","yoast_head_json":{"title":"Pastorelli Galaxy Tape - GymnaGoods","description":"Metallist teip r\u00f5ngaste kaunistamiseks. Teip kinnitatakse paberkilele. Pikema eluea tagamiseks on soovitatav v\u00e4rvilise kleeplindi peale kanda l\u00e4bipaistev kleeplint.","robots":{"index":"index","follow":"follow","max-snippet":"max-snippet:-1","max-image-preview":"max-image-preview:large","max-video-preview":"max-video-preview:-1"},"canonical":"https:\/\/gymnagoods.ee\/en\/pastorelli-rongateip-galaxy\/","og_locale":"en_US","og_type":"article","og_title":"Pastorelli Galaxy Tape - GymnaGoods","og_description":"Metallist teip r\u00f5ngaste kaunistamiseks. Teip kinnitatakse paberkilele. Pikema eluea tagamiseks on soovitatav v\u00e4rvilise kleeplindi peale kanda l\u00e4bipaistev kleeplint.","og_url":"https:\/\/gymnagoods.ee\/en\/pastorelli-rongateip-galaxy\/","og_site_name":"GymnaGoods","article_publisher":"https:\/\/www.facebook.com\/gymnagoods","article_modified_time":"2025-04-25T08:33:46+00:00","og_image":[{"width":1200,"height":1200,"url":"https:\/\/gymnagoods.ee\/wp-content\/uploads\/2023\/09\/01581.jpg","type":"image\/jpeg"}],"twitter_card":"summary_large_image","schema":{"@context":"https:\/\/schema.org","@graph":[{"@type":"WebPage","@id":"https:\/\/gymnagoods.ee\/en\/pastorelli-rongateip-galaxy\/","url":"https:\/\/gymnagoods.ee\/en\/pastorelli-rongateip-galaxy\/","name":"Pastorelli Galaxy Tape - GymnaGoods","isPartOf":{"@id":"https:\/\/gymnagoods.ee\/en\/#website"},"primaryImageOfPage":{"@id":"https:\/\/gymnagoods.ee\/en\/pastorelli-rongateip-galaxy\/#primaryimage"},"image":{"@id":"https:\/\/gymnagoods.ee\/en\/pastorelli-rongateip-galaxy\/#primaryimage"},"thumbnailUrl":"https:\/\/gymnagoods.ee\/wp-content\/uploads\/2023\/09\/01581.jpg","datePublished":"2023-09-11T20:45:50+00:00","dateModified":"2025-04-25T08:33:46+00:00","description":"Metallist teip r\u00f5ngaste kaunistamiseks. Teip kinnitatakse paberkilele. Pikema eluea tagamiseks on soovitatav v\u00e4rvilise kleeplindi peale kanda l\u00e4bipaistev kleeplint.","breadcrumb":{"@id":"https:\/\/gymnagoods.ee\/en\/pastorelli-rongateip-galaxy\/#breadcrumb"},"inLanguage":"en-US","potentialAction":[{"@type":"ReadAction","target":["https:\/\/gymnagoods.ee\/en\/pastorelli-rongateip-galaxy\/"]}]},{"@type":"ImageObject","inLanguage":"en-US","@id":"https:\/\/gymnagoods.ee\/en\/pastorelli-rongateip-galaxy\/#primaryimage","url":"https:\/\/gymnagoods.ee\/wp-content\/uploads\/2023\/09\/01581.jpg","contentUrl":"https:\/\/gymnagoods.ee\/wp-content\/uploads\/2023\/09\/01581.jpg","width":1200,"height":1200},{"@type":"BreadcrumbList","@id":"https:\/\/gymnagoods.ee\/en\/pastorelli-rongateip-galaxy\/#breadcrumb","itemListElement":[{"@type":"ListItem","position":1,"name":"Shop","item":"https:\/\/gymnagoods.ee\/en\/shop\/"},{"@type":"ListItem","position":2,"name":"Pastorelli Galaxy Tape"}]},{"@type":"WebSite","@id":"https:\/\/gymnagoods.ee\/en\/#website","url":"https:\/\/gymnagoods.ee\/en\/","name":"GymnaGoods","description":"iluv\u00f5imlemise tarvikud ja vahendid","publisher":{"@id":"https:\/\/gymnagoods.ee\/en\/#organization"},"potentialAction":[{"@type":"SearchAction","target":{"@type":"EntryPoint","urlTemplate":"https:\/\/gymnagoods.ee\/en\/?s={search_term_string}"},"query-input":{"@type":"PropertyValueSpecification","valueRequired":true,"valueName":"search_term_string"}}],"inLanguage":"en-US"},{"@type":"Organization","@id":"https:\/\/gymnagoods.ee\/en\/#organization","name":"GymnaGoods","url":"https:\/\/gymnagoods.ee\/en\/","logo":{"@type":"ImageObject","inLanguage":"en-US","@id":"https:\/\/gymnagoods.ee\/en\/#\/schema\/logo\/image\/","url":"https:\/\/gymnagoods.ee\/wp-content\/uploads\/2023\/08\/cropped-favicon_gg.png","contentUrl":"https:\/\/gymnagoods.ee\/wp-content\/uploads\/2023\/08\/cropped-favicon_gg.png","width":512,"height":512,"caption":"GymnaGoods"},"image":{"@id":"https:\/\/gymnagoods.ee\/en\/#\/schema\/logo\/image\/"},"sameAs":["https:\/\/www.facebook.com\/gymnagoods"]}]}},"jetpack_sharing_enabled":true,"_links":{"self":[{"href":"https:\/\/gymnagoods.ee\/en\/wp-json\/wp\/v2\/product\/10562","targetHints":{"allow":["GET"]}}],"collection":[{"href":"https:\/\/gymnagoods.ee\/en\/wp-json\/wp\/v2\/product"}],"about":[{"href":"https:\/\/gymnagoods.ee\/en\/wp-json\/wp\/v2\/types\/product"}],"replies":[{"embeddable":true,"href":"https:\/\/gymnagoods.ee\/en\/wp-json\/wp\/v2\/comments?post=10562"}],"wp:featuredmedia":[{"embeddable":true,"href":"https:\/\/gymnagoods.ee\/en\/wp-json\/wp\/v2\/media\/10564"}],"wp:attachment":[{"href":"https:\/\/gymnagoods.ee\/en\/wp-json\/wp\/v2\/media?parent=10562"}],"wp:term":[{"taxonomy":"product_brand","embeddable":true,"href":"https:\/\/gymnagoods.ee\/en\/wp-json\/wp\/v2\/product_brand?post=10562"},{"taxonomy":"product_cat","embeddable":true,"href":"https:\/\/gymnagoods.ee\/en\/wp-json\/wp\/v2\/product_cat?post=10562"},{"taxonomy":"product_tag","embeddable":true,"href":"https:\/\/gymnagoods.ee\/en\/wp-json\/wp\/v2\/product_tag?post=10562"}],"curies":[{"name":"wp","href":"https:\/\/api.w.org\/{rel}","templated":true}]}}