{"id":10409,"date":"2023-09-12T16:37:55","date_gmt":"2023-09-12T13:37:55","guid":{"rendered":"https:\/\/gymnagoods.ee\/pastorelli-lint-arche-6-m\/"},"modified":"2025-04-21T18:10:39","modified_gmt":"2025-04-21T16:10:39","slug":"pastorelli-lint-arche-6-m","status":"publish","type":"product","link":"https:\/\/gymnagoods.ee\/en\/pastorelli-lint-arche-6-m\/","title":{"rendered":"Pastorelli Arch\u00e8 Ribbon 6 m"},"content":{"rendered":"<p class=\"\" data-start=\"76\" data-end=\"103\"><strong data-start=\"76\" data-end=\"87\">Length:<\/strong> 6.10 \u2013 6.15 m<\/p>\n<p class=\"\" data-start=\"105\" data-end=\"128\"><strong data-start=\"105\" data-end=\"128\">Technical features:<\/strong><\/p>\n<ul data-start=\"130\" data-end=\"531\">\n<li class=\"\" data-start=\"130\" data-end=\"146\">\n<p class=\"\" data-start=\"132\" data-end=\"146\">100% viscose<\/p>\n<\/li>\n<li class=\"\" data-start=\"147\" data-end=\"175\">\n<p class=\"\" data-start=\"149\" data-end=\"175\">Soft, lightweight fabric<\/p>\n<\/li>\n<li class=\"\" data-start=\"176\" data-end=\"202\">\n<p class=\"\" data-start=\"178\" data-end=\"202\">Dynamic, flowing waves<\/p>\n<\/li>\n<li class=\"\" data-start=\"203\" data-end=\"218\">\n<p class=\"\" data-start=\"205\" data-end=\"218\">Anti-static<\/p>\n<\/li>\n<li class=\"\" data-start=\"219\" data-end=\"291\">\n<p class=\"\" data-start=\"221\" data-end=\"291\">Unique color gradation achieved through advanced high-tech processes<\/p>\n<\/li>\n<li class=\"\" data-start=\"292\" data-end=\"420\">\n<p class=\"\" data-start=\"294\" data-end=\"420\">Digitally printed on one side; the reverse side absorbs color by induction, resulting in softer shades compared to the front<\/p>\n<\/li>\n<li class=\"\" data-start=\"421\" data-end=\"437\">\n<p class=\"\" data-start=\"423\" data-end=\"437\">Not washable<\/p>\n<\/li>\n<li class=\"\" data-start=\"438\" data-end=\"483\">\n<p class=\"\" data-start=\"440\" data-end=\"483\">May be ironed on low heat through a cloth<\/p>\n<\/li>\n<li class=\"\" data-start=\"484\" data-end=\"531\">\n<p class=\"\" data-start=\"486\" data-end=\"531\">Must not come into contact with any liquids<\/p>\n<\/li>\n<\/ul>\n","protected":false},"excerpt":{"rendered":"<p class=\"\" data-start=\"33\" data-end=\"132\"><strong data-start=\"33\" data-end=\"132\">Multicolored Pastorelli Arch\u00e8 Ribbon 6 meters, suitable for juniors and seniors, FIG certified.<\/strong><\/p>\n<p class=\"\" data-start=\"134\" data-end=\"277\">Its lightness, density, technical features, and aesthetic appeal provide this ribbon with the highest quality required for rhythmic gymnastics.<\/p>\n","protected":false},"featured_media":10418,"comment_status":"closed","ping_status":"closed","template":"","meta":[],"product_brand":[],"product_cat":[512],"product_tag":[520],"class_list":{"0":"post-10409","1":"product","2":"type-product","3":"status-publish","4":"has-post-thumbnail","6":"product_cat-ribbons","7":"product_tag-fig-certified","8":"pa_pikkus-6-m-en","9":"pa_varv-black-red-light-red","10":"pa_varv-blue-green-turquoise-light-blue","11":"pa_varv-crimson-pink-light-pink","12":"pa_varv-crimson-orange-yellow-light-yellow","13":"pa_varv-dark-blue-blue-light-blue","14":"pa_varv-purple-crimson-green-light-green","15":"pa_varv-red-orange-yellow-green","18":"instock","19":"taxable","20":"shipping-taxable","21":"purchasable","22":"product-type-variable","23":"wvs-archive-product-wrapper"},"supplier_id":null,"supplier_sku":"","barcode":null,"atum_controlled":true,"out_stock_date":null,"out_stock_threshold":null,"inheritable":true,"inbound_stock":0,"stock_on_hold":0,"sold_today":0,"sales_last_days":0,"reserved_stock":0,"customer_returns":0,"warehouse_damage":0,"lost_in_post":0,"other_logs":0,"out_stock_days":0,"lost_sales":0,"has_location":false,"update_date":"2026-04-20T01:11:25","atum_locations":[],"atum_stock_status":"instock","restock_status":false,"low_stock_amount":"","sales_update_date":"2026-04-20T01:11:25","calc_backorders":null,"yoast_head":"<!-- This site is optimized with the Yoast SEO plugin v27.4 - https:\/\/yoast.com\/product\/yoast-seo-wordpress\/ -->\n<title>Pastorelli Arch\u00e8 Ribbon 6 m - GymnaGoods<\/title>\n<meta name=\"description\" content=\"Mitmev\u00e4rviline Pastorelli Arch\u00e8 lint 6 meetrit, sobib juunioridele ja Seniorile, FIG sertifitseeritud. Kergus, tihedus, tehnilised omadused ja esteetika annavad sellele lindile r\u00fctmilises v\u00f5imlemises n\u00f5utava k\u00f5rgeima kvaliteedi.\" \/>\n<meta name=\"robots\" content=\"index, follow, max-snippet:-1, max-image-preview:large, max-video-preview:-1\" \/>\n<link rel=\"canonical\" href=\"https:\/\/gymnagoods.ee\/en\/pastorelli-lint-arche-6-m\/\" \/>\n<meta property=\"og:locale\" content=\"en_US\" \/>\n<meta property=\"og:type\" content=\"article\" \/>\n<meta property=\"og:title\" content=\"Pastorelli Arch\u00e8 Ribbon 6 m - GymnaGoods\" \/>\n<meta property=\"og:description\" content=\"Mitmev\u00e4rviline Pastorelli Arch\u00e8 lint 6 meetrit, sobib juunioridele ja Seniorile, FIG sertifitseeritud. Kergus, tihedus, tehnilised omadused ja esteetika annavad sellele lindile r\u00fctmilises v\u00f5imlemises n\u00f5utava k\u00f5rgeima kvaliteedi.\" \/>\n<meta property=\"og:url\" content=\"https:\/\/gymnagoods.ee\/en\/pastorelli-lint-arche-6-m\/\" \/>\n<meta property=\"og:site_name\" content=\"GymnaGoods\" \/>\n<meta property=\"article:publisher\" content=\"https:\/\/www.facebook.com\/gymnagoods\" \/>\n<meta property=\"article:modified_time\" content=\"2025-04-21T16:10:39+00:00\" \/>\n<meta property=\"og:image\" content=\"https:\/\/gymnagoods.ee\/wp-content\/uploads\/2023\/09\/05941_75941-2.jpg\" \/>\n\t<meta property=\"og:image:width\" content=\"1200\" \/>\n\t<meta property=\"og:image:height\" content=\"1200\" \/>\n\t<meta property=\"og:image:type\" content=\"image\/jpeg\" \/>\n<meta name=\"twitter:card\" content=\"summary_large_image\" \/>\n<script type=\"application\/ld+json\" class=\"yoast-schema-graph\">{\"@context\":\"https:\\\/\\\/schema.org\",\"@graph\":[{\"@type\":\"WebPage\",\"@id\":\"https:\\\/\\\/gymnagoods.ee\\\/en\\\/pastorelli-lint-arche-6-m\\\/\",\"url\":\"https:\\\/\\\/gymnagoods.ee\\\/en\\\/pastorelli-lint-arche-6-m\\\/\",\"name\":\"Pastorelli Arch\u00e8 Ribbon 6 m - GymnaGoods\",\"isPartOf\":{\"@id\":\"https:\\\/\\\/gymnagoods.ee\\\/en\\\/#website\"},\"primaryImageOfPage\":{\"@id\":\"https:\\\/\\\/gymnagoods.ee\\\/en\\\/pastorelli-lint-arche-6-m\\\/#primaryimage\"},\"image\":{\"@id\":\"https:\\\/\\\/gymnagoods.ee\\\/en\\\/pastorelli-lint-arche-6-m\\\/#primaryimage\"},\"thumbnailUrl\":\"https:\\\/\\\/gymnagoods.ee\\\/wp-content\\\/uploads\\\/2023\\\/09\\\/05941_75941-2.jpg\",\"datePublished\":\"2023-09-12T13:37:55+00:00\",\"dateModified\":\"2025-04-21T16:10:39+00:00\",\"description\":\"Mitmev\u00e4rviline Pastorelli Arch\u00e8 lint 6 meetrit, sobib juunioridele ja Seniorile, FIG sertifitseeritud. Kergus, tihedus, tehnilised omadused ja esteetika annavad sellele lindile r\u00fctmilises v\u00f5imlemises n\u00f5utava k\u00f5rgeima kvaliteedi.\",\"breadcrumb\":{\"@id\":\"https:\\\/\\\/gymnagoods.ee\\\/en\\\/pastorelli-lint-arche-6-m\\\/#breadcrumb\"},\"inLanguage\":\"en-US\",\"potentialAction\":[{\"@type\":\"ReadAction\",\"target\":[\"https:\\\/\\\/gymnagoods.ee\\\/en\\\/pastorelli-lint-arche-6-m\\\/\"]}]},{\"@type\":\"ImageObject\",\"inLanguage\":\"en-US\",\"@id\":\"https:\\\/\\\/gymnagoods.ee\\\/en\\\/pastorelli-lint-arche-6-m\\\/#primaryimage\",\"url\":\"https:\\\/\\\/gymnagoods.ee\\\/wp-content\\\/uploads\\\/2023\\\/09\\\/05941_75941-2.jpg\",\"contentUrl\":\"https:\\\/\\\/gymnagoods.ee\\\/wp-content\\\/uploads\\\/2023\\\/09\\\/05941_75941-2.jpg\",\"width\":1200,\"height\":1200},{\"@type\":\"BreadcrumbList\",\"@id\":\"https:\\\/\\\/gymnagoods.ee\\\/en\\\/pastorelli-lint-arche-6-m\\\/#breadcrumb\",\"itemListElement\":[{\"@type\":\"ListItem\",\"position\":1,\"name\":\"Shop\",\"item\":\"https:\\\/\\\/gymnagoods.ee\\\/en\\\/shop\\\/\"},{\"@type\":\"ListItem\",\"position\":2,\"name\":\"Pastorelli Arch\u00e8 Ribbon 6 m\"}]},{\"@type\":\"WebSite\",\"@id\":\"https:\\\/\\\/gymnagoods.ee\\\/en\\\/#website\",\"url\":\"https:\\\/\\\/gymnagoods.ee\\\/en\\\/\",\"name\":\"GymnaGoods\",\"description\":\"iluv\u00f5imlemise tarvikud ja vahendid\",\"publisher\":{\"@id\":\"https:\\\/\\\/gymnagoods.ee\\\/en\\\/#organization\"},\"potentialAction\":[{\"@type\":\"SearchAction\",\"target\":{\"@type\":\"EntryPoint\",\"urlTemplate\":\"https:\\\/\\\/gymnagoods.ee\\\/en\\\/?s={search_term_string}\"},\"query-input\":{\"@type\":\"PropertyValueSpecification\",\"valueRequired\":true,\"valueName\":\"search_term_string\"}}],\"inLanguage\":\"en-US\"},{\"@type\":\"Organization\",\"@id\":\"https:\\\/\\\/gymnagoods.ee\\\/en\\\/#organization\",\"name\":\"GymnaGoods\",\"url\":\"https:\\\/\\\/gymnagoods.ee\\\/en\\\/\",\"logo\":{\"@type\":\"ImageObject\",\"inLanguage\":\"en-US\",\"@id\":\"https:\\\/\\\/gymnagoods.ee\\\/en\\\/#\\\/schema\\\/logo\\\/image\\\/\",\"url\":\"https:\\\/\\\/gymnagoods.ee\\\/wp-content\\\/uploads\\\/2023\\\/08\\\/cropped-favicon_gg.png\",\"contentUrl\":\"https:\\\/\\\/gymnagoods.ee\\\/wp-content\\\/uploads\\\/2023\\\/08\\\/cropped-favicon_gg.png\",\"width\":512,\"height\":512,\"caption\":\"GymnaGoods\"},\"image\":{\"@id\":\"https:\\\/\\\/gymnagoods.ee\\\/en\\\/#\\\/schema\\\/logo\\\/image\\\/\"},\"sameAs\":[\"https:\\\/\\\/www.facebook.com\\\/gymnagoods\"]}]}<\/script>\n<!-- \/ Yoast SEO plugin. -->","yoast_head_json":{"title":"Pastorelli Arch\u00e8 Ribbon 6 m - GymnaGoods","description":"Mitmev\u00e4rviline Pastorelli Arch\u00e8 lint 6 meetrit, sobib juunioridele ja Seniorile, FIG sertifitseeritud. Kergus, tihedus, tehnilised omadused ja esteetika annavad sellele lindile r\u00fctmilises v\u00f5imlemises n\u00f5utava k\u00f5rgeima kvaliteedi.","robots":{"index":"index","follow":"follow","max-snippet":"max-snippet:-1","max-image-preview":"max-image-preview:large","max-video-preview":"max-video-preview:-1"},"canonical":"https:\/\/gymnagoods.ee\/en\/pastorelli-lint-arche-6-m\/","og_locale":"en_US","og_type":"article","og_title":"Pastorelli Arch\u00e8 Ribbon 6 m - GymnaGoods","og_description":"Mitmev\u00e4rviline Pastorelli Arch\u00e8 lint 6 meetrit, sobib juunioridele ja Seniorile, FIG sertifitseeritud. Kergus, tihedus, tehnilised omadused ja esteetika annavad sellele lindile r\u00fctmilises v\u00f5imlemises n\u00f5utava k\u00f5rgeima kvaliteedi.","og_url":"https:\/\/gymnagoods.ee\/en\/pastorelli-lint-arche-6-m\/","og_site_name":"GymnaGoods","article_publisher":"https:\/\/www.facebook.com\/gymnagoods","article_modified_time":"2025-04-21T16:10:39+00:00","og_image":[{"width":1200,"height":1200,"url":"https:\/\/gymnagoods.ee\/wp-content\/uploads\/2023\/09\/05941_75941-2.jpg","type":"image\/jpeg"}],"twitter_card":"summary_large_image","schema":{"@context":"https:\/\/schema.org","@graph":[{"@type":"WebPage","@id":"https:\/\/gymnagoods.ee\/en\/pastorelli-lint-arche-6-m\/","url":"https:\/\/gymnagoods.ee\/en\/pastorelli-lint-arche-6-m\/","name":"Pastorelli Arch\u00e8 Ribbon 6 m - GymnaGoods","isPartOf":{"@id":"https:\/\/gymnagoods.ee\/en\/#website"},"primaryImageOfPage":{"@id":"https:\/\/gymnagoods.ee\/en\/pastorelli-lint-arche-6-m\/#primaryimage"},"image":{"@id":"https:\/\/gymnagoods.ee\/en\/pastorelli-lint-arche-6-m\/#primaryimage"},"thumbnailUrl":"https:\/\/gymnagoods.ee\/wp-content\/uploads\/2023\/09\/05941_75941-2.jpg","datePublished":"2023-09-12T13:37:55+00:00","dateModified":"2025-04-21T16:10:39+00:00","description":"Mitmev\u00e4rviline Pastorelli Arch\u00e8 lint 6 meetrit, sobib juunioridele ja Seniorile, FIG sertifitseeritud. Kergus, tihedus, tehnilised omadused ja esteetika annavad sellele lindile r\u00fctmilises v\u00f5imlemises n\u00f5utava k\u00f5rgeima kvaliteedi.","breadcrumb":{"@id":"https:\/\/gymnagoods.ee\/en\/pastorelli-lint-arche-6-m\/#breadcrumb"},"inLanguage":"en-US","potentialAction":[{"@type":"ReadAction","target":["https:\/\/gymnagoods.ee\/en\/pastorelli-lint-arche-6-m\/"]}]},{"@type":"ImageObject","inLanguage":"en-US","@id":"https:\/\/gymnagoods.ee\/en\/pastorelli-lint-arche-6-m\/#primaryimage","url":"https:\/\/gymnagoods.ee\/wp-content\/uploads\/2023\/09\/05941_75941-2.jpg","contentUrl":"https:\/\/gymnagoods.ee\/wp-content\/uploads\/2023\/09\/05941_75941-2.jpg","width":1200,"height":1200},{"@type":"BreadcrumbList","@id":"https:\/\/gymnagoods.ee\/en\/pastorelli-lint-arche-6-m\/#breadcrumb","itemListElement":[{"@type":"ListItem","position":1,"name":"Shop","item":"https:\/\/gymnagoods.ee\/en\/shop\/"},{"@type":"ListItem","position":2,"name":"Pastorelli Arch\u00e8 Ribbon 6 m"}]},{"@type":"WebSite","@id":"https:\/\/gymnagoods.ee\/en\/#website","url":"https:\/\/gymnagoods.ee\/en\/","name":"GymnaGoods","description":"iluv\u00f5imlemise tarvikud ja vahendid","publisher":{"@id":"https:\/\/gymnagoods.ee\/en\/#organization"},"potentialAction":[{"@type":"SearchAction","target":{"@type":"EntryPoint","urlTemplate":"https:\/\/gymnagoods.ee\/en\/?s={search_term_string}"},"query-input":{"@type":"PropertyValueSpecification","valueRequired":true,"valueName":"search_term_string"}}],"inLanguage":"en-US"},{"@type":"Organization","@id":"https:\/\/gymnagoods.ee\/en\/#organization","name":"GymnaGoods","url":"https:\/\/gymnagoods.ee\/en\/","logo":{"@type":"ImageObject","inLanguage":"en-US","@id":"https:\/\/gymnagoods.ee\/en\/#\/schema\/logo\/image\/","url":"https:\/\/gymnagoods.ee\/wp-content\/uploads\/2023\/08\/cropped-favicon_gg.png","contentUrl":"https:\/\/gymnagoods.ee\/wp-content\/uploads\/2023\/08\/cropped-favicon_gg.png","width":512,"height":512,"caption":"GymnaGoods"},"image":{"@id":"https:\/\/gymnagoods.ee\/en\/#\/schema\/logo\/image\/"},"sameAs":["https:\/\/www.facebook.com\/gymnagoods"]}]}},"jetpack_sharing_enabled":true,"_links":{"self":[{"href":"https:\/\/gymnagoods.ee\/en\/wp-json\/wp\/v2\/product\/10409","targetHints":{"allow":["GET"]}}],"collection":[{"href":"https:\/\/gymnagoods.ee\/en\/wp-json\/wp\/v2\/product"}],"about":[{"href":"https:\/\/gymnagoods.ee\/en\/wp-json\/wp\/v2\/types\/product"}],"replies":[{"embeddable":true,"href":"https:\/\/gymnagoods.ee\/en\/wp-json\/wp\/v2\/comments?post=10409"}],"wp:featuredmedia":[{"embeddable":true,"href":"https:\/\/gymnagoods.ee\/en\/wp-json\/wp\/v2\/media\/10418"}],"wp:attachment":[{"href":"https:\/\/gymnagoods.ee\/en\/wp-json\/wp\/v2\/media?parent=10409"}],"wp:term":[{"taxonomy":"product_brand","embeddable":true,"href":"https:\/\/gymnagoods.ee\/en\/wp-json\/wp\/v2\/product_brand?post=10409"},{"taxonomy":"product_cat","embeddable":true,"href":"https:\/\/gymnagoods.ee\/en\/wp-json\/wp\/v2\/product_cat?post=10409"},{"taxonomy":"product_tag","embeddable":true,"href":"https:\/\/gymnagoods.ee\/en\/wp-json\/wp\/v2\/product_tag?post=10409"}],"curies":[{"name":"wp","href":"https:\/\/api.w.org\/{rel}","templated":true}]}}